{"id":326,"date":"2021-11-06T13:12:48","date_gmt":"2021-11-06T12:12:48","guid":{"rendered":"https:\/\/finearts-exclusive.com\/p\/unkategorisiert\/david-super-size\/"},"modified":"2023-02-22T19:25:11","modified_gmt":"2023-02-22T18:25:11","slug":"david-super-size","status":"publish","type":"product","link":"https:\/\/finearts-exclusive.com\/en\/p\/luxus-bronzeskulpturen\/david-super-size\/","title":{"rendered":"David - Super Size"},"content":{"rendered":"<p>With this statue of \u201eDavid\u201c, the Florentine Michelangelo broke new ground in the sculptural art of the High Renaissance. His conception and natural depiction of the human male body is the most striking.<\/p>\n<p>The exclusive <strong>David Super Size bronze sculpture<\/strong> depicts the biblical David at the moment when he has already put the slingshot on his shoulder and taken up the fight against the giant Goliath. In this bronze sculpture, David's body appears in a relaxed contra position, carelessly carrying the sling over his left shoulder. The tension, ready for battle, is recognisable in the protruding veins of the right hand that encloses the projectile - but above all in the neck and face. Taut neck tendons, tense lips and nostrils, as well as eyes and forehead make the David Super Size bronze sculpture a visual masterpiece. The look of the <strong>David bronze sculpture <\/strong>is focussed on a point in the distance. Michelangelo draws the viewer's attention to the imminent victory.<\/p>\n<p>The male nude, David in marble, was completed by Michelangelo in 1504 - one of the greatest works of art ever created by mankind. No other work of art equals it in any respect, with such perfect proportions, beauty and excellence of expression.<\/p>\n<p>The creation of Michelangelo's marvellous work made such a deep impression on our artist Don Alberto that he created the <strong>Bronze sculpture of David<\/strong> has created. The <strong>David Super Size bronze statue<\/strong> is a tribute to the most famous sculptor mankind has ever produced.<\/p>","protected":false},"excerpt":{"rendered":"<p>Mit dieser Statue des \u201eDavid\u201c beschritt der Florentiner Michelangelo neue Wege in der Bildhauer Kunst der Hochrenaissance. Am deutlichsten ist seine Auffassung und nat\u00fcrliche Darstellung des humanen m\u00e4nnlichen K\u00f6rpers. Die exklusive David Super Size Bronzeskulptur stellt den biblischen David in dem Augenblick dar, in dem er die Steinschleuder bereits auf die Schulter anlegt, und den [&#8230;]\n","protected":false},"featured_media":2636,"template":"","meta":{"_seopress_robots_primary_cat":"none","_seopress_titles_title":"","_seopress_titles_desc":"","_seopress_robots_index":"","_seopress_analysis_target_kw":""},"product_brand":[],"product_cat":[31],"product_tag":[62],"class_list":{"0":"post-326","1":"product","2":"type-product","3":"status-publish","4":"has-post-thumbnail","6":"product_cat-luxus-bronzeskulpturen","7":"product_tag-preis-auf-anfrage","8":"product_shipping_class-skulpturen","9":"pa_kuenstler-don-alberto-carlos","11":"first","12":"instock","13":"taxable","14":"shipping-taxable","15":"product-type-variable","16":"has-default-attributes"},"publishpress_future_action":{"enabled":false,"date":"2026-05-20 22:42:28","action":"change-status","newStatus":"trash","terms":[],"taxonomy":"product_brand","extraData":[]},"publishpress_future_workflow_manual_trigger":{"enabledWorkflows":[]},"_links":{"self":[{"href":"https:\/\/finearts-exclusive.com\/en\/wp-json\/wp\/v2\/product\/326","targetHints":{"allow":["GET"]}}],"collection":[{"href":"https:\/\/finearts-exclusive.com\/en\/wp-json\/wp\/v2\/product"}],"about":[{"href":"https:\/\/finearts-exclusive.com\/en\/wp-json\/wp\/v2\/types\/product"}],"wp:featuredmedia":[{"embeddable":true,"href":"https:\/\/finearts-exclusive.com\/en\/wp-json\/wp\/v2\/media\/2636"}],"wp:attachment":[{"href":"https:\/\/finearts-exclusive.com\/en\/wp-json\/wp\/v2\/media?parent=326"}],"wp:term":[{"taxonomy":"product_brand","embeddable":true,"href":"https:\/\/finearts-exclusive.com\/en\/wp-json\/wp\/v2\/product_brand?post=326"},{"taxonomy":"product_cat","embeddable":true,"href":"https:\/\/finearts-exclusive.com\/en\/wp-json\/wp\/v2\/product_cat?post=326"},{"taxonomy":"product_tag","embeddable":true,"href":"https:\/\/finearts-exclusive.com\/en\/wp-json\/wp\/v2\/product_tag?post=326"}],"curies":[{"name":"wp","href":"https:\/\/api.w.org\/{rel}","templated":true}]}}