{"id":327,"date":"2021-11-06T13:12:48","date_gmt":"2021-11-06T12:12:48","guid":{"rendered":"https:\/\/finearts-exclusive.com\/p\/unkategorisiert\/fallen-angel-super-size\/"},"modified":"2023-02-22T19:25:59","modified_gmt":"2023-02-22T18:25:59","slug":"fallen-angel-super-size","status":"publish","type":"product","link":"https:\/\/finearts-exclusive.com\/en\/p\/luxus-bronzeskulpturen\/fallen-angel-super-size\/","title":{"rendered":"Fallen Angel - Super Size"},"content":{"rendered":"<p>Christian interpretations of an apostate angel already appeared in the Old Testament, <strong>called Fallen Angel<\/strong> (<strong>de.: Fallen angel<\/strong>). The angel is punished for his rebellion by being expelled from heaven by God and his other angels.<\/p>\n<p>This fallen angel was often associated with personified evil, i.e. Satan. The perfect, beautiful supernatural world of the fallen angel turns from a dream into a nightmare. It is like a war between beings of light and darkness. The fallen angel, a heavenly evil being.<\/p>\n<p>The life-size, <strong>Silver-plated angel bronze figure \u201eFallen angel\u201c<\/strong>, represents the apostate angel who has fallen from the light of heaven and is comforted by a golden-coloured, lovely feminine angel in the earthly darkness. A return to the heavenly paradise is not possible for our <strong>Angels<\/strong> <strong>Bronze sculpture \u201eFallen angel\u201c<\/strong> no longer possible.<\/p>\n<p>The artist Don Alberto Carlos was deeply impressed by the Christian message that misbehaviour in heaven leads to a fall into earthly darkness.<\/p>\n<p>The artist now asked himself the question of the misbehaviour of a sin. This question is much more exciting than being eternally good, because bad people go everywhere, good people only go to heaven.<\/p>\n<p>Don Albert Carlos created an accomplished filigree masterpiece of the highest artistic calibre.<\/p>\n<p>The life-size <strong>silver-plated<\/strong> <strong>Bronze figure \u201eFallen angel\u201c<\/strong> can also be used as a well\/water storage tank on request!<\/p>","protected":false},"excerpt":{"rendered":"<p>Bereits im Alten Testament erschien die christlichen Interpretationen eines abtr\u00fcnnigen Engels, genannt Fallen Angel (de.: Gefallener Engel). Der Engel wird f\u00fcr seine Auflehnung mit der Vertreibung aus dem Himmel durch Gott und seine \u00fcbrigen Engel bestraft. H\u00e4ufig wurde dieser gefallene Engel mit personifizierten B\u00f6sen, also mit dem Satan, in Verbindung gebracht. Die heile, sch\u00f6ne \u00fcberirdische [&#8230;]\n","protected":false},"featured_media":2653,"template":"","meta":{"_seopress_robots_primary_cat":"none","_seopress_titles_title":"","_seopress_titles_desc":"","_seopress_robots_index":""},"product_brand":[],"product_cat":[31],"product_tag":[62],"class_list":{"0":"post-327","1":"product","2":"type-product","3":"status-publish","4":"has-post-thumbnail","6":"product_cat-luxus-bronzeskulpturen","7":"product_tag-preis-auf-anfrage","8":"product_shipping_class-skulpturen","9":"pa_kuenstler-don-alberto-carlos","11":"first","12":"instock","13":"taxable","14":"shipping-taxable","15":"product-type-variable","16":"has-default-attributes"},"publishpress_future_action":{"enabled":false,"date":"2026-04-17 12:35:36","action":"change-status","newStatus":"trash","terms":[],"taxonomy":"product_brand","extraData":[]},"publishpress_future_workflow_manual_trigger":{"enabledWorkflows":[]},"_links":{"self":[{"href":"https:\/\/finearts-exclusive.com\/en\/wp-json\/wp\/v2\/product\/327","targetHints":{"allow":["GET"]}}],"collection":[{"href":"https:\/\/finearts-exclusive.com\/en\/wp-json\/wp\/v2\/product"}],"about":[{"href":"https:\/\/finearts-exclusive.com\/en\/wp-json\/wp\/v2\/types\/product"}],"wp:featuredmedia":[{"embeddable":true,"href":"https:\/\/finearts-exclusive.com\/en\/wp-json\/wp\/v2\/media\/2653"}],"wp:attachment":[{"href":"https:\/\/finearts-exclusive.com\/en\/wp-json\/wp\/v2\/media?parent=327"}],"wp:term":[{"taxonomy":"product_brand","embeddable":true,"href":"https:\/\/finearts-exclusive.com\/en\/wp-json\/wp\/v2\/product_brand?post=327"},{"taxonomy":"product_cat","embeddable":true,"href":"https:\/\/finearts-exclusive.com\/en\/wp-json\/wp\/v2\/product_cat?post=327"},{"taxonomy":"product_tag","embeddable":true,"href":"https:\/\/finearts-exclusive.com\/en\/wp-json\/wp\/v2\/product_tag?post=327"}],"curies":[{"name":"wp","href":"https:\/\/api.w.org\/{rel}","templated":true}]}}