{"id":328,"date":"2021-11-06T13:12:48","date_gmt":"2021-11-06T12:12:48","guid":{"rendered":"https:\/\/finearts-exclusive.com\/p\/unkategorisiert\/torso-female\/"},"modified":"2023-02-22T19:26:49","modified_gmt":"2023-02-22T18:26:49","slug":"torso-female","status":"publish","type":"product","link":"https:\/\/finearts-exclusive.com\/en\/p\/luxus-erotik-bronzeskulpturen\/torso-female\/","title":{"rendered":"Torso Female"},"content":{"rendered":"<p>The unfinished as an open artistic sculpture has been regarded as a fully-fledged work of art since ancient times, by the Romans and Greeks.<\/p>\n<p>Over the centuries, many famous artists, including Michelangelo and Auguste Rodin, have elevated the torso to a genre of its own in the plastic arts.  In sculpture, a torso is the deliberate, sculptural representation of a human body without limbs as opposed to a whole person.<\/p>\n<p>The <strong>female torso<\/strong>, The \"The Fountain of the Sun\", a work of art in imperfect form, exerts a special charm and attraction on the viewer. Its mysterious aura of imperfection with its own aesthetics of high artistic expressiveness inspires every art connoisseur.<\/p>\n<p>Don Alberto Carlos has achieved precisely this intention in his creation of an ideally modelled, erotic female body with youthfully defined muscles and firm breasts. The <strong>Bronze sculpture \u201efemale torso\u201c<\/strong> is a successful, high-quality masterpiece of bronze art.<\/p>","protected":false},"excerpt":{"rendered":"<p>Das Unvollendete als offene k\u00fcnstlerische Plastik wurde schon seit der Antike, bei den R\u00f6mern und Griechen, als vollwertiges Kunstwerk betrachtet. Im Laufe der Jahrhunderte hatten viele ber\u00fchmte K\u00fcnstler u.a. Michelangelo und Auguste Rodin u.v.m. den Torso zu einer eigenen Gattung in der plastischen Kunst erhoben.\u00a0 In der Bildhauerei ist ein Torso die bewusste, plastische Darstellung [&#8230;]\n","protected":false},"featured_media":2700,"template":"","meta":{"_seopress_robots_primary_cat":"none","_seopress_titles_title":"","_seopress_titles_desc":"","_seopress_robots_index":""},"product_brand":[],"product_cat":[33],"product_tag":[62],"class_list":{"0":"post-328","1":"product","2":"type-product","3":"status-publish","4":"has-post-thumbnail","6":"product_cat-luxus-erotik-bronzeskulpturen","7":"product_tag-preis-auf-anfrage","8":"product_shipping_class-skulpturen","9":"pa_kuenstler-don-alberto-carlos","11":"first","12":"instock","13":"taxable","14":"shipping-taxable","15":"product-type-variable","16":"has-default-attributes"},"publishpress_future_action":{"enabled":false,"date":"2026-04-15 18:23:46","action":"change-status","newStatus":"trash","terms":[],"taxonomy":"product_brand","extraData":[]},"publishpress_future_workflow_manual_trigger":{"enabledWorkflows":[]},"_links":{"self":[{"href":"https:\/\/finearts-exclusive.com\/en\/wp-json\/wp\/v2\/product\/328","targetHints":{"allow":["GET"]}}],"collection":[{"href":"https:\/\/finearts-exclusive.com\/en\/wp-json\/wp\/v2\/product"}],"about":[{"href":"https:\/\/finearts-exclusive.com\/en\/wp-json\/wp\/v2\/types\/product"}],"wp:featuredmedia":[{"embeddable":true,"href":"https:\/\/finearts-exclusive.com\/en\/wp-json\/wp\/v2\/media\/2700"}],"wp:attachment":[{"href":"https:\/\/finearts-exclusive.com\/en\/wp-json\/wp\/v2\/media?parent=328"}],"wp:term":[{"taxonomy":"product_brand","embeddable":true,"href":"https:\/\/finearts-exclusive.com\/en\/wp-json\/wp\/v2\/product_brand?post=328"},{"taxonomy":"product_cat","embeddable":true,"href":"https:\/\/finearts-exclusive.com\/en\/wp-json\/wp\/v2\/product_cat?post=328"},{"taxonomy":"product_tag","embeddable":true,"href":"https:\/\/finearts-exclusive.com\/en\/wp-json\/wp\/v2\/product_tag?post=328"}],"curies":[{"name":"wp","href":"https:\/\/api.w.org\/{rel}","templated":true}]}}