{"id":329,"date":"2021-11-06T13:12:48","date_gmt":"2021-11-06T12:12:48","guid":{"rendered":"https:\/\/finearts-exclusive.com\/p\/unkategorisiert\/elefant-tusk-dining-table\/"},"modified":"2023-02-22T19:27:40","modified_gmt":"2023-02-22T18:27:40","slug":"elephant-tusk-dining-table","status":"publish","type":"product","link":"https:\/\/finearts-exclusive.com\/en\/p\/luxus-bronzemoebel-wohnbereich\/elefant-tusk-dining-table\/","title":{"rendered":"Elefant Tusk Dining Table"},"content":{"rendered":"<p>People have been fascinated by the mighty-looking tusks of elephants for centuries. This attraction to the tusk and its unique material has remained unchanged throughout the various cultures and centuries of history. Even in early times, valuable and precious pieces were made from the mighty tusks of mammoths. Some cultures attribute strength and power to it, while for others it symbolises health and longevity. This unbroken fascination was the inspiration for the artist Don Alberto Carlos for the exclusive dining table <strong>\u201eElephant Tusk Dining Table.<\/strong> Its three large, golden bronze tusks with silver-plated ropes as a design element radiate a great deal of strength and grace. This is how the <strong>exclusive Elephant Tusk Dining Table<\/strong> a very noble and sophisticated look in any upmarket interior.<\/p>\n<p>The luxurious <strong>Elephant Tusk Dining Table<\/strong> with a round glass top of 12 mm and 120 cm diameter, which is characterised by a 30 mm facet cut on the top of the glass top. Other shapes and sizes of glass top are of course available on request.<\/p>\n<p><strong>Sculpture:<\/strong><\/p>\n<p>Height: 78 cm<br \/>\nWidth: 75 cm<br \/>\nLength: 75 cm<br \/>\nWeight: approx. 80 kg<\/p>\n<p>&nbsp;<\/p>\n<p><strong>Glass plate:<\/strong><\/p>\n<p>Diameter: 120 cm<br \/>\nGlass thickness: 12 mm<br \/>\nWeight: 34 kg<\/p>\n<p>&nbsp;<\/p>","protected":false},"excerpt":{"rendered":"<p>Schon seit Jahrhunderten faszinieren die gewaltig wirkenden Sto\u00dfz\u00e4hne von Elefanten den Menschen. \u00dcber die verschiedenen Kulturen der Jahrhunderte der Geschichte blieb diese Anziehung des Sto\u00dfzahnes mit seinem einzigartigen Material unver\u00e4ndert. Schon in fr\u00fchem Zeitalter wurden aus den m\u00e4chtigen Sto\u00dfz\u00e4hnen der Mammuts wertvolle und edle St\u00fccke gefertigt. Manche Kulturen sprechen Ihm St\u00e4rke und Macht zu, bei [&#8230;]\n","protected":false},"featured_media":2643,"template":"","meta":{"_seopress_robots_primary_cat":"none","_seopress_titles_title":"","_seopress_titles_desc":"","_seopress_robots_index":""},"product_brand":[],"product_cat":[32],"product_tag":[62],"class_list":{"0":"post-329","1":"product","2":"type-product","3":"status-publish","4":"has-post-thumbnail","6":"product_cat-luxus-bronzemoebel-wohnbereich","7":"product_tag-preis-auf-anfrage","8":"product_shipping_class-skulpturen","9":"pa_kuenstler-don-alberto-carlos","11":"first","12":"instock","13":"taxable","14":"shipping-taxable","15":"product-type-variable","16":"has-default-attributes"},"publishpress_future_action":{"enabled":false,"date":"2026-04-14 04:23:12","action":"change-status","newStatus":"trash","terms":[],"taxonomy":"product_brand","extraData":[]},"publishpress_future_workflow_manual_trigger":{"enabledWorkflows":[]},"_links":{"self":[{"href":"https:\/\/finearts-exclusive.com\/en\/wp-json\/wp\/v2\/product\/329","targetHints":{"allow":["GET"]}}],"collection":[{"href":"https:\/\/finearts-exclusive.com\/en\/wp-json\/wp\/v2\/product"}],"about":[{"href":"https:\/\/finearts-exclusive.com\/en\/wp-json\/wp\/v2\/types\/product"}],"wp:featuredmedia":[{"embeddable":true,"href":"https:\/\/finearts-exclusive.com\/en\/wp-json\/wp\/v2\/media\/2643"}],"wp:attachment":[{"href":"https:\/\/finearts-exclusive.com\/en\/wp-json\/wp\/v2\/media?parent=329"}],"wp:term":[{"taxonomy":"product_brand","embeddable":true,"href":"https:\/\/finearts-exclusive.com\/en\/wp-json\/wp\/v2\/product_brand?post=329"},{"taxonomy":"product_cat","embeddable":true,"href":"https:\/\/finearts-exclusive.com\/en\/wp-json\/wp\/v2\/product_cat?post=329"},{"taxonomy":"product_tag","embeddable":true,"href":"https:\/\/finearts-exclusive.com\/en\/wp-json\/wp\/v2\/product_tag?post=329"}],"curies":[{"name":"wp","href":"https:\/\/api.w.org\/{rel}","templated":true}]}}