{"id":336,"date":"2021-11-06T13:12:49","date_gmt":"2021-11-06T12:12:49","guid":{"rendered":"https:\/\/finearts-exclusive.com\/p\/unkategorisiert\/adam-eve-life-size\/"},"modified":"2022-06-13T17:26:21","modified_gmt":"2022-06-13T15:26:21","slug":"adam-eve-life-size","status":"publish","type":"product","link":"https:\/\/finearts-exclusive.com\/en\/p\/luxus-bronzeskulpturen\/adam-eve-life-size\/","title":{"rendered":"Adam &amp; Eve - Life Size"},"content":{"rendered":"<p>The Old Testament tells the story of the first seduction (<strong>Adam &amp; Eve<\/strong>). The serpent (the devil) tempted both of them to eat the forbidden apple fruit. After this fall into sin, Adam called his wife Eve (Hebrew: life), which in turn refers her to erotic love as the progenitor of all humans. Did they love each other, did they have sex? The ancient legend of <strong>Adam &amp; Eve<\/strong> has inspired our great artist John Paul Ballard to create the <strong>Life-size bronze sculpture \u201eAdam &amp; Eve\u201c<\/strong> to create. His thinking about morality, gender and the free sexual future influences the creation of this fantastic <strong>Luxury bronze sculpture \u201eAdam &amp; Eve\u201c.<\/strong><\/p>\n<p>He created a magnificent masterpiece 180 cm high, 75 x 150 cm wide and weighing around 220 kg of gold-coloured and silver-plated bronze.  This timeless message of the giant <strong>Bronze sculpture \u201eAdam &amp; Eve\u201c<\/strong> reflects the human longing for the sexuality of man and woman.<\/p>","protected":false},"excerpt":{"rendered":"<p>Das Alte Testament erz\u00e4hlt von der Geschichte der ersten Verf\u00fchrung (Adam &amp; Eva). Die Schlange (der Teufel) verf\u00fchrte beide dazu, die verbotene Apfel-Frucht zu essen. Nach diesem S\u00fcndenfall nannte Adam sein Frau Eva (hebr\u00e4isch: das Leben), was sie wiederum als Stammmutter aller Menschen auf die erotische Liebe verweist. Liebten sie einander, hatten sie Sex? Die [&#8230;]\n","protected":false},"featured_media":2618,"template":"","meta":{"_seopress_robots_primary_cat":"none","_seopress_titles_title":"","_seopress_titles_desc":"","_seopress_robots_index":""},"product_brand":[],"product_cat":[31],"product_tag":[62],"class_list":{"0":"post-336","1":"product","2":"type-product","3":"status-publish","4":"has-post-thumbnail","6":"product_cat-luxus-bronzeskulpturen","7":"product_tag-preis-auf-anfrage","8":"product_shipping_class-skulpturen","9":"pa_kuenstler-paul-john-ballard","11":"first","12":"instock","13":"taxable","14":"shipping-taxable","15":"product-type-variable","16":"has-default-attributes"},"publishpress_future_action":{"enabled":false,"date":"2026-04-29 18:55:24","action":"change-status","newStatus":"trash","terms":[],"taxonomy":"product_brand","extraData":[]},"publishpress_future_workflow_manual_trigger":{"enabledWorkflows":[]},"_links":{"self":[{"href":"https:\/\/finearts-exclusive.com\/en\/wp-json\/wp\/v2\/product\/336","targetHints":{"allow":["GET"]}}],"collection":[{"href":"https:\/\/finearts-exclusive.com\/en\/wp-json\/wp\/v2\/product"}],"about":[{"href":"https:\/\/finearts-exclusive.com\/en\/wp-json\/wp\/v2\/types\/product"}],"wp:featuredmedia":[{"embeddable":true,"href":"https:\/\/finearts-exclusive.com\/en\/wp-json\/wp\/v2\/media\/2618"}],"wp:attachment":[{"href":"https:\/\/finearts-exclusive.com\/en\/wp-json\/wp\/v2\/media?parent=336"}],"wp:term":[{"taxonomy":"product_brand","embeddable":true,"href":"https:\/\/finearts-exclusive.com\/en\/wp-json\/wp\/v2\/product_brand?post=336"},{"taxonomy":"product_cat","embeddable":true,"href":"https:\/\/finearts-exclusive.com\/en\/wp-json\/wp\/v2\/product_cat?post=336"},{"taxonomy":"product_tag","embeddable":true,"href":"https:\/\/finearts-exclusive.com\/en\/wp-json\/wp\/v2\/product_tag?post=336"}],"curies":[{"name":"wp","href":"https:\/\/api.w.org\/{rel}","templated":true}]}}