{"id":345,"date":"2021-11-06T13:12:50","date_gmt":"2021-11-06T12:12:50","guid":{"rendered":"https:\/\/finearts-exclusive.com\/p\/unkategorisiert\/kanapee-erotisch\/"},"modified":"2025-09-06T14:58:23","modified_gmt":"2025-09-06T12:58:23","slug":"canape-erotic","status":"publish","type":"product","link":"https:\/\/finearts-exclusive.com\/en\/p\/luxus-bronzemoebel-wohnbereich\/kanapee-erotisch\/","title":{"rendered":"Canap\u00e9 erotic"},"content":{"rendered":"<p>This exclusive <strong>Designer canap\u00e9<\/strong> is a valuable <strong>Bronze piece of furniture<\/strong> with leather cover.<\/p>\n<p>The design of the <strong>Bronze canap\u00e9s<\/strong> is of timeless beauty and elegance and invites erotic reveries with its round shapes. This elegant and comfortable <strong>Bronze canap\u00e9<\/strong> is an inspiration of art and passion.<\/p>\n<p>An absolutely high-quality <strong>Bronze canap\u00e9<\/strong> for an elegant, luxurious and<\/p>\n<p>progressive lifestyle living ambience.<\/p>","protected":false},"excerpt":{"rendered":"<p>Dieses exklusives Designer Kanapee ist ein wertvolles M\u00f6belst\u00fcck aus Bronze mit Lederauflage. Das Design des Bronze Kanapees ist von zeitloser Sch\u00f6nheit und Eleganz und l\u00e4dt mit seinen runden Formen zu erotischen Tr\u00e4umereien ein. Dieses edle bequeme Kanapee aus Bronze ist eine Inspiration von Kunst und Leidenschaft. Ein absolut qualitativ hochwertiges Bronze Kanapee f\u00fcr ein elegantes [&#8230;]\n","protected":false},"featured_media":2661,"template":"","meta":{"_seopress_robots_primary_cat":"none","_seopress_titles_title":"","_seopress_titles_desc":"","_seopress_robots_index":""},"product_brand":[],"product_cat":[32],"product_tag":[62],"class_list":{"0":"post-345","1":"product","2":"type-product","3":"status-publish","4":"has-post-thumbnail","6":"product_cat-luxus-bronzemoebel-wohnbereich","7":"product_tag-preis-auf-anfrage","8":"product_shipping_class-skulpturen","9":"pa_kuenstler-don-alberto-carlos","11":"first","12":"instock","13":"taxable","14":"shipping-taxable","15":"product-type-variable","16":"has-default-attributes"},"publishpress_future_action":{"enabled":false,"date":"2026-05-05 20:42:17","action":"change-status","newStatus":"trash","terms":[],"taxonomy":"product_brand","extraData":[]},"publishpress_future_workflow_manual_trigger":{"enabledWorkflows":[]},"_links":{"self":[{"href":"https:\/\/finearts-exclusive.com\/en\/wp-json\/wp\/v2\/product\/345","targetHints":{"allow":["GET"]}}],"collection":[{"href":"https:\/\/finearts-exclusive.com\/en\/wp-json\/wp\/v2\/product"}],"about":[{"href":"https:\/\/finearts-exclusive.com\/en\/wp-json\/wp\/v2\/types\/product"}],"wp:featuredmedia":[{"embeddable":true,"href":"https:\/\/finearts-exclusive.com\/en\/wp-json\/wp\/v2\/media\/2661"}],"wp:attachment":[{"href":"https:\/\/finearts-exclusive.com\/en\/wp-json\/wp\/v2\/media?parent=345"}],"wp:term":[{"taxonomy":"product_brand","embeddable":true,"href":"https:\/\/finearts-exclusive.com\/en\/wp-json\/wp\/v2\/product_brand?post=345"},{"taxonomy":"product_cat","embeddable":true,"href":"https:\/\/finearts-exclusive.com\/en\/wp-json\/wp\/v2\/product_cat?post=345"},{"taxonomy":"product_tag","embeddable":true,"href":"https:\/\/finearts-exclusive.com\/en\/wp-json\/wp\/v2\/product_tag?post=345"}],"curies":[{"name":"wp","href":"https:\/\/api.w.org\/{rel}","templated":true}]}}