{"id":349,"date":"2021-11-06T13:12:51","date_gmt":"2021-11-06T12:12:51","guid":{"rendered":"https:\/\/finearts-exclusive.com\/p\/unkategorisiert\/wandlampe-blattdesign\/"},"modified":"2025-06-30T10:35:06","modified_gmt":"2025-06-30T08:35:06","slug":"wall-lamp-leaf-design","status":"publish","type":"product","link":"https:\/\/finearts-exclusive.com\/en\/p\/luxus-bronzemoebel-wohnbereich\/wandlampe-blattdesign\/","title":{"rendered":"Wall lamp leaf design"},"content":{"rendered":"<p>A well thought-out lighting concept is an important part of your exclusive interior design. The right decorative lighting and exclusive design create a cosy atmosphere in your interior design.<\/p>\n<p>Our stylish \u201e<strong>Raumvilla leaf design wall light<\/strong>\u201e is ideal for embellishing your walls. The direct beam of light from the built-in LED lamp hits the gold leaf of the filigree bronze leaf and reflects an indirect, warm gold-coloured light.<\/p>\n<p>Inspired by nature, the \u201e<strong>Leaf design wall lamp<\/strong>\u201c with real gold leaf surface is a high-quality, decorative lighting for a luxurious living ambience.<\/p>","protected":false},"excerpt":{"rendered":"<p>Ein durchdachtes Lichtkonzept ist ein wichtiger Bestandteil Ihrer exklusiven Inneneinrichtung. Die richtige dekorative Beleuchtung und exklusives Design sorgt f\u00fcr eine gem\u00fctliche Atmosph\u00e4re bei Ihrer Raumgestaltung. Unsere stylische \u201eRaumvilla Blattdesign Wandleuchte\u201e ist ideal um Ihre W\u00e4nde zu versch\u00f6nern. Der direkte Lichtstrahl der eingebauten LED-Lampe trifft auf das Blattgold des filigranen Bronzeblatts und reflektiert eine indirekte, warme [&#8230;]\n","protected":false},"featured_media":2687,"template":"","meta":{"_seopress_robots_primary_cat":"none","_seopress_titles_title":"","_seopress_titles_desc":"","_seopress_robots_index":""},"product_brand":[],"product_cat":[32],"product_tag":[62],"class_list":{"0":"post-349","1":"product","2":"type-product","3":"status-publish","4":"has-post-thumbnail","6":"product_cat-luxus-bronzemoebel-wohnbereich","7":"product_tag-preis-auf-anfrage","8":"product_shipping_class-skulpturen","9":"pa_kuenstler-don-alberto-carlos","11":"first","12":"instock","13":"taxable","14":"shipping-taxable","15":"product-type-variable","16":"has-default-attributes"},"publishpress_future_action":{"enabled":false,"date":"2026-04-20 10:42:57","action":"change-status","newStatus":"trash","terms":[],"taxonomy":"product_brand","extraData":[]},"publishpress_future_workflow_manual_trigger":{"enabledWorkflows":[]},"_links":{"self":[{"href":"https:\/\/finearts-exclusive.com\/en\/wp-json\/wp\/v2\/product\/349","targetHints":{"allow":["GET"]}}],"collection":[{"href":"https:\/\/finearts-exclusive.com\/en\/wp-json\/wp\/v2\/product"}],"about":[{"href":"https:\/\/finearts-exclusive.com\/en\/wp-json\/wp\/v2\/types\/product"}],"wp:featuredmedia":[{"embeddable":true,"href":"https:\/\/finearts-exclusive.com\/en\/wp-json\/wp\/v2\/media\/2687"}],"wp:attachment":[{"href":"https:\/\/finearts-exclusive.com\/en\/wp-json\/wp\/v2\/media?parent=349"}],"wp:term":[{"taxonomy":"product_brand","embeddable":true,"href":"https:\/\/finearts-exclusive.com\/en\/wp-json\/wp\/v2\/product_brand?post=349"},{"taxonomy":"product_cat","embeddable":true,"href":"https:\/\/finearts-exclusive.com\/en\/wp-json\/wp\/v2\/product_cat?post=349"},{"taxonomy":"product_tag","embeddable":true,"href":"https:\/\/finearts-exclusive.com\/en\/wp-json\/wp\/v2\/product_tag?post=349"}],"curies":[{"name":"wp","href":"https:\/\/api.w.org\/{rel}","templated":true}]}}