{"id":350,"date":"2021-11-06T13:12:51","date_gmt":"2021-11-06T12:12:51","guid":{"rendered":"https:\/\/finearts-exclusive.com\/p\/unkategorisiert\/waitress-lifesize\/"},"modified":"2023-02-22T19:06:03","modified_gmt":"2023-02-22T18:06:03","slug":"waitress-lifesize","status":"publish","type":"product","link":"https:\/\/finearts-exclusive.com\/en\/p\/luxus-bronzeskulpturen\/waitress-lifesize\/","title":{"rendered":"Waitress - Lifesize"},"content":{"rendered":"<p>We have known them for decades, the hostesses with their graceful, sexy appearance and boundless hospitality.<\/p>\n<p>The sexy waitresses with their costumes and cuffs as well as the deep cleavage with the high puffed breasts have a lot of sex appeal, but are never cheap and lecherous. One of their tasks was to lovingly serve the guests in their sexy \u201cpose\u201d.<\/p>\n<p>This task of the erotic hostesses inspired the artist Don Alberto Carlos to create a life-size <strong>Waitress bronze sculpture<\/strong> with her numerous erotic details, and a tray in her hand, as a mute servant.<\/p>\n<p>The <strong>Luxury bronze sculpture \u201eWaitress<\/strong>\u201c, with its many filigree erotic details, is an artistically outstanding masterpiece of the fine art of bronze casting.<\/p>","protected":false},"excerpt":{"rendered":"<p>Seit Jahrzehnten kennen wir sie, die Hostessen mit ihrer anmutigen sexy Erscheinung und ihrer grenzenlosen Gastfreundschaft. Die sexy Kellnerinnen mit ihrem Kost\u00fcm und den Manschetten sowie dem tiefen Dekollet\u00e9 mit den hohen Puff-Br\u00fcsten haben viel Sexappeal, sind aber nie billig und l\u00fcstern. Eine ihrer Aufgaben war es, die G\u00e4ste in ihrer sexy \u201cPose\u201d liebevoll zu [&#8230;]\n","protected":false},"featured_media":2686,"template":"","meta":{"_seopress_robots_primary_cat":"none","_seopress_titles_title":"","_seopress_titles_desc":"","_seopress_robots_index":""},"product_brand":[],"product_cat":[31],"product_tag":[62],"class_list":{"0":"post-350","1":"product","2":"type-product","3":"status-publish","4":"has-post-thumbnail","6":"product_cat-luxus-bronzeskulpturen","7":"product_tag-preis-auf-anfrage","8":"product_shipping_class-skulpturen","9":"pa_kuenstler-don-alberto-carlos","11":"first","12":"instock","13":"taxable","14":"shipping-taxable","15":"product-type-variable","16":"has-default-attributes"},"publishpress_future_action":{"enabled":false,"date":"2026-04-17 12:54:39","action":"change-status","newStatus":"trash","terms":[],"taxonomy":"product_brand","extraData":[]},"publishpress_future_workflow_manual_trigger":{"enabledWorkflows":[]},"_links":{"self":[{"href":"https:\/\/finearts-exclusive.com\/en\/wp-json\/wp\/v2\/product\/350","targetHints":{"allow":["GET"]}}],"collection":[{"href":"https:\/\/finearts-exclusive.com\/en\/wp-json\/wp\/v2\/product"}],"about":[{"href":"https:\/\/finearts-exclusive.com\/en\/wp-json\/wp\/v2\/types\/product"}],"wp:featuredmedia":[{"embeddable":true,"href":"https:\/\/finearts-exclusive.com\/en\/wp-json\/wp\/v2\/media\/2686"}],"wp:attachment":[{"href":"https:\/\/finearts-exclusive.com\/en\/wp-json\/wp\/v2\/media?parent=350"}],"wp:term":[{"taxonomy":"product_brand","embeddable":true,"href":"https:\/\/finearts-exclusive.com\/en\/wp-json\/wp\/v2\/product_brand?post=350"},{"taxonomy":"product_cat","embeddable":true,"href":"https:\/\/finearts-exclusive.com\/en\/wp-json\/wp\/v2\/product_cat?post=350"},{"taxonomy":"product_tag","embeddable":true,"href":"https:\/\/finearts-exclusive.com\/en\/wp-json\/wp\/v2\/product_tag?post=350"}],"curies":[{"name":"wp","href":"https:\/\/api.w.org\/{rel}","templated":true}]}}