{"id":353,"date":"2021-11-06T13:12:51","date_gmt":"2021-11-06T12:12:51","guid":{"rendered":"https:\/\/finearts-exclusive.com\/p\/unkategorisiert\/bondage-girl-with-mouth-gag\/"},"modified":"2025-09-06T14:56:11","modified_gmt":"2025-09-06T12:56:11","slug":"bondage-girl-with-mouth-gag","status":"publish","type":"product","link":"https:\/\/finearts-exclusive.com\/en\/p\/luxus-erotik-bronzeskulpturen\/bondage-girl-with-mouth-gag\/","title":{"rendered":"Bondage Girl with mouth gag"},"content":{"rendered":"<p>Nowadays, more and more people are enjoying a new sexual lifestyle with bondage sex games.<\/p>\n<p>Bondage is the artful use of cords and knots during passionate sex. They may do it because they want to please their partner, because they like the feeling of being out of control of their own pleasure, or because they like the idea of being \u201cused\u201d, even if it's in a consensual way. The exciting thing about this is partly the submissive aspect - leaving your partner in charge of everything can be liberating - and partly that you're much more focussed on what's happening to your body.<\/p>\n<p>Our artist Paul John Ballard was deeply inspired by the erotic lacing during submissive bondage sex play, so he created the <strong>erotic bronze sculpture \u201eBondage Girl with Mouth Gag\u201c<\/strong>\u00a0 created with artful bondage.<\/p>\n<p>The <strong>Bronze figure \u201eBondage Girl with Mouth Gag\u201c<\/strong> was artfully and individually hand-knotted with a silver-coloured rope by our bondage master in the Japanese Shibari style for each of our erotic sculptures. Minimal lacing deviations from the illustration are possible with the <strong>Sculpture Bondage Girl with Mouth Gag<\/strong> possible.<\/p>","protected":false},"excerpt":{"rendered":"<p>In der heutigen Zeit genie\u00dfen immer mehr Menschen ein sexuell neues Lebensgef\u00fchl mit Bondage Sexspiele. Bondage seht f\u00fcr die kunstvolle Fesselung mit Schn\u00fcren und Knoten beim Sex voller Leidenschaft. Sie m\u00f6gen es tun, weil sie ihrem Partner gefallen wollen, weil sie das Gef\u00fchl m\u00f6gen, au\u00dfer Kontrolle \u00fcber ihr eigenes Vergn\u00fcgen zu sein, oder weil sie [&#8230;]\n","protected":false},"featured_media":61902,"template":"","meta":{"_seopress_robots_primary_cat":"none","_seopress_titles_title":"","_seopress_titles_desc":"","_seopress_robots_index":""},"product_brand":[],"product_cat":[33],"product_tag":[62],"class_list":{"0":"post-353","1":"product","2":"type-product","3":"status-publish","4":"has-post-thumbnail","6":"product_cat-luxus-erotik-bronzeskulpturen","7":"product_tag-preis-auf-anfrage","8":"product_shipping_class-skulpturen","9":"pa_kuenstler-paul-john-ballard","11":"first","12":"instock","13":"taxable","14":"shipping-taxable","15":"product-type-variable","16":"has-default-attributes"},"publishpress_future_action":{"enabled":false,"date":"2026-04-27 11:20:27","action":"change-status","newStatus":"trash","terms":[],"taxonomy":"product_brand","extraData":[]},"publishpress_future_workflow_manual_trigger":{"enabledWorkflows":[]},"_links":{"self":[{"href":"https:\/\/finearts-exclusive.com\/en\/wp-json\/wp\/v2\/product\/353","targetHints":{"allow":["GET"]}}],"collection":[{"href":"https:\/\/finearts-exclusive.com\/en\/wp-json\/wp\/v2\/product"}],"about":[{"href":"https:\/\/finearts-exclusive.com\/en\/wp-json\/wp\/v2\/types\/product"}],"wp:featuredmedia":[{"embeddable":true,"href":"https:\/\/finearts-exclusive.com\/en\/wp-json\/wp\/v2\/media\/61902"}],"wp:attachment":[{"href":"https:\/\/finearts-exclusive.com\/en\/wp-json\/wp\/v2\/media?parent=353"}],"wp:term":[{"taxonomy":"product_brand","embeddable":true,"href":"https:\/\/finearts-exclusive.com\/en\/wp-json\/wp\/v2\/product_brand?post=353"},{"taxonomy":"product_cat","embeddable":true,"href":"https:\/\/finearts-exclusive.com\/en\/wp-json\/wp\/v2\/product_cat?post=353"},{"taxonomy":"product_tag","embeddable":true,"href":"https:\/\/finearts-exclusive.com\/en\/wp-json\/wp\/v2\/product_tag?post=353"}],"curies":[{"name":"wp","href":"https:\/\/api.w.org\/{rel}","templated":true}]}}