{"id":355,"date":"2021-11-06T13:12:51","date_gmt":"2021-11-06T12:12:51","guid":{"rendered":"https:\/\/finearts-exclusive.com\/p\/unkategorisiert\/devote-lady\/"},"modified":"2025-09-09T11:46:49","modified_gmt":"2025-09-09T09:46:49","slug":"submissive-lady","status":"publish","type":"product","link":"https:\/\/finearts-exclusive.com\/en\/p\/luxus-erotik-bronzeskulpturen\/devote-lady\/","title":{"rendered":"Submissive Lady"},"content":{"rendered":"<p>The artist Paul John Ballard deals with the general misunderstanding of a submissive woman.<\/p>\n<p>That's why he created a beautiful <strong>erotic bronze figure with the name \u201cDevote Lady\u201d. <\/strong><\/p>\n<p>Submissive is another word for submissive or devoted.<\/p>\n<p>A sexually submissive woman in bed therefore means that she is passive, gives up the reins completely and the partner takes on the dominant role in full trust and mutual respect.<\/p>\n<p>According to the artist, submissive behaviour is not a weakness, but a sign of great self-confidence in communicating and living out the sexual fantasy of submissiveness. Our <strong>erotic bronze sculpture \u201eDevote Lady\u201c<\/strong> radiates exactly this.<\/p>\n<p>Many submissive women today openly confess their desire to be their husband's passionate submissive lover, as well as his greatest support and selfless helper.<\/p>","protected":false},"excerpt":{"rendered":"<p>Der K\u00fcnstler Paul John Ballard besch\u00e4ftigt sich mit dem allgemeinen Missverst\u00e4ndnis einer devoten Frau. Deshalb kreierte er eine wundersch\u00f6ne erotische Bronzefigur mit dem Namen \u201cDevote Lady\u201d. Devote ist ein anderes Wort f\u00fcr unterw\u00fcrfig oder ergeben. Eine sexuell devote Frau im Bett bedeutet also, dass sie sich passiv gibt, die Z\u00fcgel komplett abgibt und der Partner [&#8230;]\n","protected":false},"featured_media":2638,"template":"","meta":{"_seopress_robots_primary_cat":"none","_seopress_titles_title":"","_seopress_titles_desc":"","_seopress_robots_index":""},"product_brand":[],"product_cat":[33],"product_tag":[62],"class_list":{"0":"post-355","1":"product","2":"type-product","3":"status-publish","4":"has-post-thumbnail","6":"product_cat-luxus-erotik-bronzeskulpturen","7":"product_tag-preis-auf-anfrage","8":"product_shipping_class-skulpturen","9":"pa_kuenstler-paul-john-ballard","11":"first","12":"instock","13":"taxable","14":"shipping-taxable","15":"product-type-variable","16":"has-default-attributes"},"publishpress_future_action":{"enabled":false,"date":"2026-04-15 20:01:56","action":"change-status","newStatus":"trash","terms":[],"taxonomy":"product_brand","extraData":[]},"publishpress_future_workflow_manual_trigger":{"enabledWorkflows":[]},"_links":{"self":[{"href":"https:\/\/finearts-exclusive.com\/en\/wp-json\/wp\/v2\/product\/355","targetHints":{"allow":["GET"]}}],"collection":[{"href":"https:\/\/finearts-exclusive.com\/en\/wp-json\/wp\/v2\/product"}],"about":[{"href":"https:\/\/finearts-exclusive.com\/en\/wp-json\/wp\/v2\/types\/product"}],"wp:featuredmedia":[{"embeddable":true,"href":"https:\/\/finearts-exclusive.com\/en\/wp-json\/wp\/v2\/media\/2638"}],"wp:attachment":[{"href":"https:\/\/finearts-exclusive.com\/en\/wp-json\/wp\/v2\/media?parent=355"}],"wp:term":[{"taxonomy":"product_brand","embeddable":true,"href":"https:\/\/finearts-exclusive.com\/en\/wp-json\/wp\/v2\/product_brand?post=355"},{"taxonomy":"product_cat","embeddable":true,"href":"https:\/\/finearts-exclusive.com\/en\/wp-json\/wp\/v2\/product_cat?post=355"},{"taxonomy":"product_tag","embeddable":true,"href":"https:\/\/finearts-exclusive.com\/en\/wp-json\/wp\/v2\/product_tag?post=355"}],"curies":[{"name":"wp","href":"https:\/\/api.w.org\/{rel}","templated":true}]}}