{"id":357,"date":"2021-11-06T13:12:52","date_gmt":"2021-11-06T12:12:52","guid":{"rendered":"https:\/\/finearts-exclusive.com\/p\/unkategorisiert\/bondage-girl-ella-on-stool\/"},"modified":"2025-09-06T14:50:01","modified_gmt":"2025-09-06T12:50:01","slug":"bondage-girl-ella-on-stool","status":"publish","type":"product","link":"https:\/\/finearts-exclusive.com\/en\/p\/luxus-erotik-bronzeskulpturen\/bondage-girl-ella-on-stool\/","title":{"rendered":"Bondage Girl \u201cELLA\u201d on Stool"},"content":{"rendered":"<p>Nowadays, more and more people are enjoying a new sexual lifestyle with bondage sex games. Bondage is the artful use of cords and knots for passionate sex. They may do it because they want to please their partner, because they like the feeling of being out of control of their own pleasure, or because they like the idea of being \u201cused\u201d, even if it is in a consensual way. The exciting thing about this is partly the submissiveness aspect - leaving your partner in charge of everything can be liberating - and partly that you're much more focussed on what's happening to your body.<\/p>\n<p>Our artist Paul John Ballard was deeply inspired by the erotic lacing during bondage sex play, so he created the erotic bronze figure \u201eBondage Girls ELLA on Stool\u201c with artistic bondage.<\/p>\n<p>The <strong>Bronze sculpture \u201eBondage Girl ELLA on Stool<\/strong>\u201c sits on a stool, she was artfully and individually hand-knotted with a silver-coloured rope by our bondage master in the Japanese Shibari style for each sculpture. Minimal lacing deviations from the illustration are possible with the <strong>Bronze figure \u201eBondage Girls ELLA on Stool\u201c<\/strong> possible.<\/p>","protected":false},"excerpt":{"rendered":"<p>In der heutigen Zeit genie\u00dfen immer mehr Menschen ein sexuell neues Lebensgef\u00fchl mit Bondage Sexspiele. Bondage seht f\u00fcr die kunstvolle Fesselung mit Schn\u00fcren und Knoten beim Sex voller Leidenschaft. Sie m\u00f6gen es tun, weil sie ihrem Partner gefallen wollen, weil sie das Gef\u00fchl m\u00f6gen, au\u00dfer Kontrolle \u00fcber ihr eigenes Vergn\u00fcgen zu sein, oder weil sie [&#8230;]\n","protected":false},"featured_media":4427,"template":"","meta":{"_seopress_robots_primary_cat":"none","_seopress_titles_title":"","_seopress_titles_desc":"","_seopress_robots_index":""},"product_brand":[],"product_cat":[33],"product_tag":[62],"class_list":{"0":"post-357","1":"product","2":"type-product","3":"status-publish","4":"has-post-thumbnail","6":"product_cat-luxus-erotik-bronzeskulpturen","7":"product_tag-preis-auf-anfrage","8":"product_shipping_class-skulpturen","9":"pa_kuenstler-paul-john-ballard","11":"first","12":"instock","13":"taxable","14":"shipping-taxable","15":"product-type-variable","16":"has-default-attributes"},"publishpress_future_action":{"enabled":false,"date":"2026-04-17 12:41:32","action":"change-status","newStatus":"trash","terms":[],"taxonomy":"product_brand","extraData":[]},"publishpress_future_workflow_manual_trigger":{"enabledWorkflows":[]},"_links":{"self":[{"href":"https:\/\/finearts-exclusive.com\/en\/wp-json\/wp\/v2\/product\/357","targetHints":{"allow":["GET"]}}],"collection":[{"href":"https:\/\/finearts-exclusive.com\/en\/wp-json\/wp\/v2\/product"}],"about":[{"href":"https:\/\/finearts-exclusive.com\/en\/wp-json\/wp\/v2\/types\/product"}],"wp:featuredmedia":[{"embeddable":true,"href":"https:\/\/finearts-exclusive.com\/en\/wp-json\/wp\/v2\/media\/4427"}],"wp:attachment":[{"href":"https:\/\/finearts-exclusive.com\/en\/wp-json\/wp\/v2\/media?parent=357"}],"wp:term":[{"taxonomy":"product_brand","embeddable":true,"href":"https:\/\/finearts-exclusive.com\/en\/wp-json\/wp\/v2\/product_brand?post=357"},{"taxonomy":"product_cat","embeddable":true,"href":"https:\/\/finearts-exclusive.com\/en\/wp-json\/wp\/v2\/product_cat?post=357"},{"taxonomy":"product_tag","embeddable":true,"href":"https:\/\/finearts-exclusive.com\/en\/wp-json\/wp\/v2\/product_tag?post=357"}],"curies":[{"name":"wp","href":"https:\/\/api.w.org\/{rel}","templated":true}]}}