{"id":368,"date":"2021-11-06T13:12:53","date_gmt":"2021-11-06T12:12:53","guid":{"rendered":"https:\/\/finearts-exclusive.com\/p\/unkategorisiert\/cobra-girl-coffee-table\/"},"modified":"2023-02-22T18:56:03","modified_gmt":"2023-02-22T17:56:03","slug":"cobra-girl-coffee-table","status":"publish","type":"product","link":"https:\/\/finearts-exclusive.com\/en\/p\/luxus-bronzemoebel-wohnbereich\/cobra-girl-coffee-table\/","title":{"rendered":"Cobra Girl Coffee Table"},"content":{"rendered":"<p>The bronze sculpture of the Snake Lady, <strong>\u201eCobra Girl Coffee Table<\/strong>\u201c captivates with its charming, romantic and passionate nature. Snakes are imaginative seduction artists. They are demanding, passionate and insatiable when it comes to lovemaking. Any secret fantasy can become reality with them! Snake sex is elegant, ecstatic and captivating!<\/p>\n<p>The snake women also have something mysterious about them and appear reserved at first, but they know exactly what they want and always achieve it.<\/p>\n<p>Men can almost never resist the seduction of this snake woman due to her strong power of attraction.<\/p>\n<p>The famous artist Rudolfo Bucacio has realised the passionate and extremely sensual nature of the snake woman, expressively and masterfully, in his creation \u201eCobra Girl Coffee Table\u201c.<\/p>\n<p>An artistic, high-quality coffee table with oval glass top 150 cm x 80 cm, 12 mm thick and 30 mm bevelled edge for an exclusive living ambience.<\/p>\n<p><strong>Sculpture:<\/strong><\/p>\n<p>Height: 44 cm<br \/>\nWidth: 60 cm<br \/>\nLength: 120 cm<br \/>\nWeight: 40 kg<\/p>\n<p>&nbsp;<\/p>\n<p><strong>Glass top (oval):<\/strong><\/p>\n<p>Width: 80 cm<br \/>\nLength: 150 cm<br \/>\nGlass thickness: 12 mm<br \/>\nWeight: approx. 31 kg<\/p>","protected":false},"excerpt":{"rendered":"<p>Die Bronzeskulptur der Schlangen Lady, \u201eCobra Girl Coffee Table\u201c besticht durch ihre charmante, romantische und leidenschaftliche Art. Schlangen sind fantasievolle Verf\u00fchrungsk\u00fcnstler. Beim Liebesspiel sind sie anspruchsvoll, leidenschaftlich und uners\u00e4ttlich. Mit ihnen kann jede geheime Fantasie Wirklichkeit werden! Schlangensex ist elegant, ekstatisch und fesselnd! Die Schlange-Frauen haben auch etwas R\u00e4tselhaftes und wirken anfangs zur\u00fcckhaltend, doch wissen [&#8230;]\n","protected":false},"featured_media":2633,"template":"","meta":{"_seopress_robots_primary_cat":"none","_seopress_titles_title":"","_seopress_titles_desc":"","_seopress_robots_index":""},"product_brand":[],"product_cat":[32],"product_tag":[62],"class_list":{"0":"post-368","1":"product","2":"type-product","3":"status-publish","4":"has-post-thumbnail","6":"product_cat-luxus-bronzemoebel-wohnbereich","7":"product_tag-preis-auf-anfrage","8":"product_shipping_class-skulpturen","9":"pa_kuenstler-rudolfo-bucacio","11":"first","12":"instock","13":"taxable","14":"shipping-taxable","15":"product-type-variable","16":"has-default-attributes"},"publishpress_future_action":{"enabled":false,"date":"2026-04-16 10:50:23","action":"change-status","newStatus":"trash","terms":[],"taxonomy":"product_brand","extraData":[]},"publishpress_future_workflow_manual_trigger":{"enabledWorkflows":[]},"_links":{"self":[{"href":"https:\/\/finearts-exclusive.com\/en\/wp-json\/wp\/v2\/product\/368","targetHints":{"allow":["GET"]}}],"collection":[{"href":"https:\/\/finearts-exclusive.com\/en\/wp-json\/wp\/v2\/product"}],"about":[{"href":"https:\/\/finearts-exclusive.com\/en\/wp-json\/wp\/v2\/types\/product"}],"wp:featuredmedia":[{"embeddable":true,"href":"https:\/\/finearts-exclusive.com\/en\/wp-json\/wp\/v2\/media\/2633"}],"wp:attachment":[{"href":"https:\/\/finearts-exclusive.com\/en\/wp-json\/wp\/v2\/media?parent=368"}],"wp:term":[{"taxonomy":"product_brand","embeddable":true,"href":"https:\/\/finearts-exclusive.com\/en\/wp-json\/wp\/v2\/product_brand?post=368"},{"taxonomy":"product_cat","embeddable":true,"href":"https:\/\/finearts-exclusive.com\/en\/wp-json\/wp\/v2\/product_cat?post=368"},{"taxonomy":"product_tag","embeddable":true,"href":"https:\/\/finearts-exclusive.com\/en\/wp-json\/wp\/v2\/product_tag?post=368"}],"curies":[{"name":"wp","href":"https:\/\/api.w.org\/{rel}","templated":true}]}}