{"id":369,"date":"2021-11-06T13:12:53","date_gmt":"2021-11-06T12:12:53","guid":{"rendered":"https:\/\/finearts-exclusive.com\/p\/unkategorisiert\/das-phantom-der-oper\/"},"modified":"2025-06-27T10:08:36","modified_gmt":"2025-06-27T08:08:36","slug":"the-phantom-of-the-opera","status":"publish","type":"product","link":"https:\/\/finearts-exclusive.com\/en\/p\/luxus-erotik-bronzeskulpturen\/das-phantom-der-oper\/","title":{"rendered":"The Phantom of the Opera"},"content":{"rendered":"<p>One of the world's most successful operas impressed our artist Don Alberto Carlos so much that he created this outstanding masterpiece called <strong>\u201eThe Phantom of the Opera\u201c<\/strong> created. The phantom, hidden under a mask and cloak, only allows the chosen viewer to take part in his dirty lovemaking. Everyone else is denied the secret of his very revealing, secret lover with her strong sexual desires under the openable cloak. The <strong>erotic bronze sculpture \u201eThe Phantom of the Opera\u201c<\/strong> symbolises the harmonious union of emotion, grace, eroticism and mystery.<\/p>","protected":false},"excerpt":{"rendered":"<p>Eine der weltweit erfolgreichsten Opern hat unseren K\u00fcnstler Don Alberto Carlos so sehr beeindruckt, dass er dieses hervorragende Meisterwerk mit dem Namen \u201eDas Phantom der Oper\u201c schuf. Das Phantom, versteckt unter Maske und Umhang l\u00e4sst nur den auserw\u00e4hlten Betrachter an seinem schmutzigen Liebesspiel teilhaben. F\u00fcr alle anderen bleibt das Geheimnis seiner sehr freiz\u00fcgigen, heimlichen Geliebten [&#8230;]\n","protected":false},"featured_media":61890,"template":"","meta":{"_seopress_robots_primary_cat":"none","_seopress_titles_title":"","_seopress_titles_desc":"","_seopress_robots_index":""},"product_brand":[],"product_cat":[33],"product_tag":[62],"class_list":{"0":"post-369","1":"product","2":"type-product","3":"status-publish","4":"has-post-thumbnail","6":"product_cat-luxus-erotik-bronzeskulpturen","7":"product_tag-preis-auf-anfrage","8":"product_shipping_class-skulpturen","9":"pa_kuenstler-don-alberto-carlos","11":"first","12":"instock","13":"taxable","14":"shipping-taxable","15":"product-type-variable","16":"has-default-attributes"},"publishpress_future_action":{"enabled":false,"date":"2026-05-12 00:19:15","action":"change-status","newStatus":"trash","terms":[],"taxonomy":"product_brand","extraData":[]},"publishpress_future_workflow_manual_trigger":{"enabledWorkflows":[]},"_links":{"self":[{"href":"https:\/\/finearts-exclusive.com\/en\/wp-json\/wp\/v2\/product\/369","targetHints":{"allow":["GET"]}}],"collection":[{"href":"https:\/\/finearts-exclusive.com\/en\/wp-json\/wp\/v2\/product"}],"about":[{"href":"https:\/\/finearts-exclusive.com\/en\/wp-json\/wp\/v2\/types\/product"}],"wp:featuredmedia":[{"embeddable":true,"href":"https:\/\/finearts-exclusive.com\/en\/wp-json\/wp\/v2\/media\/61890"}],"wp:attachment":[{"href":"https:\/\/finearts-exclusive.com\/en\/wp-json\/wp\/v2\/media?parent=369"}],"wp:term":[{"taxonomy":"product_brand","embeddable":true,"href":"https:\/\/finearts-exclusive.com\/en\/wp-json\/wp\/v2\/product_brand?post=369"},{"taxonomy":"product_cat","embeddable":true,"href":"https:\/\/finearts-exclusive.com\/en\/wp-json\/wp\/v2\/product_cat?post=369"},{"taxonomy":"product_tag","embeddable":true,"href":"https:\/\/finearts-exclusive.com\/en\/wp-json\/wp\/v2\/product_tag?post=369"}],"curies":[{"name":"wp","href":"https:\/\/api.w.org\/{rel}","templated":true}]}}