{"id":371,"date":"2021-11-06T13:12:54","date_gmt":"2021-11-06T12:12:54","guid":{"rendered":"https:\/\/finearts-exclusive.com\/p\/unkategorisiert\/dragons-rape-dining-table\/"},"modified":"2025-06-27T10:12:14","modified_gmt":"2025-06-27T08:12:14","slug":"dragons-rape-dining-table","status":"publish","type":"product","link":"https:\/\/finearts-exclusive.com\/en\/p\/luxus-bronzemoebel-wohnbereich\/dragons-rape-dining-table\/","title":{"rendered":"Dragons Rape Dining Table"},"content":{"rendered":"<p>Sensual and full of desire, this very masculine, exotic hybrid creature of dragon and snake dominates the petite, perfectly feminine proportioned little beauty - the erotic <strong>Bronze sculpture \u201eDragons Rape Dining Table\u201c.<\/strong> The looks of the two protagonists in this very erotic scene leave plenty of room for imagination.<\/p>\n<p>The extraordinary <strong>Bronze figure \u201eDragons Rape\u201c<\/strong> is designed as a dining table with a glass top, but also works very well on its own as a pure art object in the room thanks to its numerous fine details.<\/p>\n<p><strong>Sculpture:<\/strong><\/p>\n<p>Height: 75 cm<br \/>\nWidth: 78 cm<br \/>\nLength: 82 cm<br \/>\nWeight: approx. 55 kg<\/p>\n<p>&nbsp;<\/p>\n<p><strong>Glass plate (round):<\/strong><\/p>\n<p>Diameter: 120 cm<br \/>\nGlass thickness: 12 mm<br \/>\nWeight: approx. 34 kg<\/p>","protected":false},"excerpt":{"rendered":"<p>Sinnlich und voller Begierde dominiert dieses sehr maskuline, exotische Hybridwesen aus Drachen und Schlange die zierliche, perfekt weiblich proportionierte kleine Sch\u00f6nheit \u2013 die erotische Bronzeskulptur \u201eDragons Rape Dining Table\u201c. Hierbei lassen die Blicke der beiden Protagonisten dieser sehr erotischen Szene viel Raum f\u00fcr Fantasie. Die au\u00dfergew\u00f6hnliche Bronzefigur \u201eDragons Rape\u201c ist mit Glasplatte als Esstisch gedacht, [&#8230;]\n","protected":false},"featured_media":61892,"template":"","meta":{"_seopress_robots_primary_cat":"none","_seopress_titles_title":"","_seopress_titles_desc":"","_seopress_robots_index":""},"product_brand":[],"product_cat":[32],"product_tag":[62],"class_list":{"0":"post-371","1":"product","2":"type-product","3":"status-publish","4":"has-post-thumbnail","6":"product_cat-luxus-bronzemoebel-wohnbereich","7":"product_tag-preis-auf-anfrage","8":"product_shipping_class-skulpturen","9":"pa_kuenstler-don-alberto-carlos","11":"first","12":"instock","13":"taxable","14":"shipping-taxable","15":"product-type-variable","16":"has-default-attributes"},"publishpress_future_action":{"enabled":false,"date":"2026-04-18 12:30:43","action":"change-status","newStatus":"trash","terms":[],"taxonomy":"product_brand","extraData":[]},"publishpress_future_workflow_manual_trigger":{"enabledWorkflows":[]},"_links":{"self":[{"href":"https:\/\/finearts-exclusive.com\/en\/wp-json\/wp\/v2\/product\/371","targetHints":{"allow":["GET"]}}],"collection":[{"href":"https:\/\/finearts-exclusive.com\/en\/wp-json\/wp\/v2\/product"}],"about":[{"href":"https:\/\/finearts-exclusive.com\/en\/wp-json\/wp\/v2\/types\/product"}],"wp:featuredmedia":[{"embeddable":true,"href":"https:\/\/finearts-exclusive.com\/en\/wp-json\/wp\/v2\/media\/61892"}],"wp:attachment":[{"href":"https:\/\/finearts-exclusive.com\/en\/wp-json\/wp\/v2\/media?parent=371"}],"wp:term":[{"taxonomy":"product_brand","embeddable":true,"href":"https:\/\/finearts-exclusive.com\/en\/wp-json\/wp\/v2\/product_brand?post=371"},{"taxonomy":"product_cat","embeddable":true,"href":"https:\/\/finearts-exclusive.com\/en\/wp-json\/wp\/v2\/product_cat?post=371"},{"taxonomy":"product_tag","embeddable":true,"href":"https:\/\/finearts-exclusive.com\/en\/wp-json\/wp\/v2\/product_tag?post=371"}],"curies":[{"name":"wp","href":"https:\/\/api.w.org\/{rel}","templated":true}]}}