{"id":372,"date":"2021-11-06T13:12:54","date_gmt":"2021-11-06T12:12:54","guid":{"rendered":"https:\/\/finearts-exclusive.com\/p\/unkategorisiert\/erotik-dragon\/"},"modified":"2025-09-09T11:47:57","modified_gmt":"2025-09-09T09:47:57","slug":"erotic-dragon","status":"publish","type":"product","link":"https:\/\/finearts-exclusive.com\/en\/p\/luxus-erotik-bronzeskulpturen\/erotic-dragon\/","title":{"rendered":"Erotic Dragon"},"content":{"rendered":"<p>Once upon a time, Jonas was a simple young man who loved his girlfriend Beauty more than anything. However, all his proposals of marriage were brusquely rejected by her.<\/p>\n<p>So he devised a trick. One day, a fairy appeared to him and granted his every wish. He wished to be transformed into a strong, muscular dragon. The fairy granted him his wish, but on the condition that he could only be transformed back one day if he made his beauty physically and mentally happy. When his girlfriend saw the magnificent, muscular dragon, she was enchanted and immediately fell in love. The dragon embraced her from behind and made sensual love to her, kissing her on both cheeks with his two heads at the same time. The beauty felt overjoyed, safe and protected.<\/p>\n<p>As he had fulfilled the fairy's condition, he was transformed back into the young man Jonas. Beauty married the young man Jonas and they lived happily ever after, because Beauty understood that true love is not determined by superficial criteria, but by a person's inner values.<\/p>\n<p>The artist Rudolfo Bucacio has created an expressive bronze sculpture in medium size, of monumental significance. The <strong>Bronze figure \u201eErotic Dragon\u201c<\/strong> is a real eye-catcher and attracts a lot of attention and admiration.<\/p>","protected":false},"excerpt":{"rendered":"<p>Es war einmal ein biederer J\u00fcngling Jonas der liebte \u00fcber alles seine Freundin Beauty. All seine Heiratsantr\u00e4ge wurden jedoch von ihr schroff abgelehnt. Deshalb erdachte er sich eine List aus. Eines Tages erschien ihm eine Fee, die ihm jeden Wunsch erf\u00fcllte. Er w\u00fcnsche sich in einen kr\u00e4ftigen muskul\u00f6sen Drachen verwandelt zu werden. Die Fee erf\u00fcllte [&#8230;]\n","protected":false},"featured_media":61898,"template":"","meta":{"_seopress_robots_primary_cat":"none","_seopress_titles_title":"","_seopress_titles_desc":"","_seopress_robots_index":""},"product_brand":[],"product_cat":[33],"product_tag":[62],"class_list":{"0":"post-372","1":"product","2":"type-product","3":"status-publish","4":"has-post-thumbnail","6":"product_cat-luxus-erotik-bronzeskulpturen","7":"product_tag-preis-auf-anfrage","8":"product_shipping_class-skulpturen","9":"pa_kuenstler-rudolfo-bucacio","11":"first","12":"instock","13":"taxable","14":"shipping-taxable","15":"product-type-variable","16":"has-default-attributes"},"publishpress_future_action":{"enabled":false,"date":"2026-04-17 12:34:45","action":"change-status","newStatus":"trash","terms":[],"taxonomy":"product_brand","extraData":[]},"publishpress_future_workflow_manual_trigger":{"enabledWorkflows":[]},"_links":{"self":[{"href":"https:\/\/finearts-exclusive.com\/en\/wp-json\/wp\/v2\/product\/372","targetHints":{"allow":["GET"]}}],"collection":[{"href":"https:\/\/finearts-exclusive.com\/en\/wp-json\/wp\/v2\/product"}],"about":[{"href":"https:\/\/finearts-exclusive.com\/en\/wp-json\/wp\/v2\/types\/product"}],"wp:featuredmedia":[{"embeddable":true,"href":"https:\/\/finearts-exclusive.com\/en\/wp-json\/wp\/v2\/media\/61898"}],"wp:attachment":[{"href":"https:\/\/finearts-exclusive.com\/en\/wp-json\/wp\/v2\/media?parent=372"}],"wp:term":[{"taxonomy":"product_brand","embeddable":true,"href":"https:\/\/finearts-exclusive.com\/en\/wp-json\/wp\/v2\/product_brand?post=372"},{"taxonomy":"product_cat","embeddable":true,"href":"https:\/\/finearts-exclusive.com\/en\/wp-json\/wp\/v2\/product_cat?post=372"},{"taxonomy":"product_tag","embeddable":true,"href":"https:\/\/finearts-exclusive.com\/en\/wp-json\/wp\/v2\/product_tag?post=372"}],"curies":[{"name":"wp","href":"https:\/\/api.w.org\/{rel}","templated":true}]}}