{"id":374,"date":"2021-11-06T13:12:54","date_gmt":"2021-11-06T12:12:54","guid":{"rendered":"https:\/\/finearts-exclusive.com\/p\/unkategorisiert\/eves-apple\/"},"modified":"2025-09-06T14:43:18","modified_gmt":"2025-09-06T12:43:18","slug":"eves-apple","status":"publish","type":"product","link":"https:\/\/finearts-exclusive.com\/en\/p\/luxus-bronzeskulpturen\/eves-apple\/","title":{"rendered":"Eve's Apple"},"content":{"rendered":"<p>The <strong>Bronze sculpture \u201eEves Appel\u201c<\/strong> is based on the following story: even in ancient times, the apple was associated with the goddesses worshipped as a symbol of seduction and fertility. The two goddesses of love, Aphrodite and Venus, carried a pithy fruit with them - as did Hera, Athena and the Germanic goddess Iduna, the guardian of golden apples. The fruit also had great significance for the non-divine Greeks at the time. If a young Greek wanted to get engaged, he would throw an apple to his chosen one. If she caught it, nothing stood in the way of the wedding. This particular apple symbolises the fruit of seduction like no other. The very finely crafted creation <strong>\u201eEve's Apple\u201c<\/strong> by Rudolfo Bucacio, certainly awakens quite different desires in the viewer.<\/p>","protected":false},"excerpt":{"rendered":"<p>Die Bronzeskulptur \u201eEves Appel\u201c basiert auf folgender Geschichte: Schon in der Antike wurde der Apfel den angebeteten G\u00f6ttinnen als Symbol von Verf\u00fchrung und Fruchtbarkeit zugeordnet. Die beiden Liebesg\u00f6ttinnen Aphrodite und Venus hatten eine kernige Frucht bei sich &#8211; Aber auch Hera, Athene oder auch die germanische G\u00f6ttin Iduna, die H\u00fcterin der goldenen \u00c4pfel. Auch f\u00fcr [&#8230;]\n","protected":false},"featured_media":870,"template":"","meta":{"_seopress_robots_primary_cat":"none","_seopress_titles_title":"","_seopress_titles_desc":"","_seopress_robots_index":""},"product_brand":[],"product_cat":[31],"product_tag":[62],"class_list":{"0":"post-374","1":"product","2":"type-product","3":"status-publish","4":"has-post-thumbnail","6":"product_cat-luxus-bronzeskulpturen","7":"product_tag-preis-auf-anfrage","8":"product_shipping_class-skulpturen","9":"pa_kuenstler-rudolfo-bucacio","11":"first","12":"instock","13":"taxable","14":"shipping-taxable","15":"product-type-variable","16":"has-default-attributes"},"publishpress_future_action":{"enabled":false,"date":"2026-05-05 20:42:17","action":"change-status","newStatus":"trash","terms":[],"taxonomy":"product_brand","extraData":[]},"publishpress_future_workflow_manual_trigger":{"enabledWorkflows":[]},"_links":{"self":[{"href":"https:\/\/finearts-exclusive.com\/en\/wp-json\/wp\/v2\/product\/374","targetHints":{"allow":["GET"]}}],"collection":[{"href":"https:\/\/finearts-exclusive.com\/en\/wp-json\/wp\/v2\/product"}],"about":[{"href":"https:\/\/finearts-exclusive.com\/en\/wp-json\/wp\/v2\/types\/product"}],"wp:featuredmedia":[{"embeddable":true,"href":"https:\/\/finearts-exclusive.com\/en\/wp-json\/wp\/v2\/media\/870"}],"wp:attachment":[{"href":"https:\/\/finearts-exclusive.com\/en\/wp-json\/wp\/v2\/media?parent=374"}],"wp:term":[{"taxonomy":"product_brand","embeddable":true,"href":"https:\/\/finearts-exclusive.com\/en\/wp-json\/wp\/v2\/product_brand?post=374"},{"taxonomy":"product_cat","embeddable":true,"href":"https:\/\/finearts-exclusive.com\/en\/wp-json\/wp\/v2\/product_cat?post=374"},{"taxonomy":"product_tag","embeddable":true,"href":"https:\/\/finearts-exclusive.com\/en\/wp-json\/wp\/v2\/product_tag?post=374"}],"curies":[{"name":"wp","href":"https:\/\/api.w.org\/{rel}","templated":true}]}}