{"id":375,"date":"2021-11-06T13:12:54","date_gmt":"2021-11-06T12:12:54","guid":{"rendered":"https:\/\/finearts-exclusive.com\/p\/unkategorisiert\/inside-her\/"},"modified":"2025-09-06T14:47:47","modified_gmt":"2025-09-06T12:47:47","slug":"inside-her","status":"publish","type":"product","link":"https:\/\/finearts-exclusive.com\/en\/p\/luxus-erotik-bronzeskulpturen\/inside-her\/","title":{"rendered":"Inside Her"},"content":{"rendered":"<p>The artist Don Alberto Carlos created a highly erotic two-part bronze sculpture of sexual union called \u201eInside Her\u201c. The <strong>Bronze sculpture \u201eInside Her\u201c<\/strong> is a successful, feminine and masculine surprise. INSIDE HER is an erotic sculpture with a special and sensual element of surprise.<\/p>\n<p>The removable, very sexy upper body of the girl, with its lascivious look, conceals the masculine erect detail of strong pure masculinity.<\/p>\n<p>The <strong>erotic bronze figure \u201eInside Her\u201c<\/strong> - A sensual work of art and a successful depiction of the delicacy and filigree nature of the male and female genital area.<\/p>","protected":false},"excerpt":{"rendered":"<p>Der K\u00fcnstler Don Alberto Carlos kreierte eine hocherotische zweiteilige Bronzeskulptur der sexuellen Vereinigung mit dem Namen \u201eInside Her\u201c. Die Bronzeskulptur \u201eInside Her\u201c ist eine gelungene, feminine und maskuline \u00dcberraschung. INSIDE HER ist eine erotische Skulptur mit einem besonderen und sinnlichen \u00dcberraschungsmoment. Der abnehmbare, sehr sexy Oberk\u00f6rper des M\u00e4dchens, mit seinem lasziven Blick, verbirgt das maskuline [&#8230;]\n","protected":false},"featured_media":61888,"template":"","meta":{"_seopress_robots_primary_cat":"none","_seopress_titles_title":"","_seopress_titles_desc":"","_seopress_robots_index":""},"product_brand":[],"product_cat":[33],"product_tag":[62],"class_list":{"0":"post-375","1":"product","2":"type-product","3":"status-publish","4":"has-post-thumbnail","6":"product_cat-luxus-erotik-bronzeskulpturen","7":"product_tag-preis-auf-anfrage","8":"product_shipping_class-skulpturen","9":"pa_kuenstler-don-alberto-carlos","11":"first","12":"instock","13":"taxable","14":"shipping-taxable","15":"product-type-variable","16":"has-default-attributes"},"publishpress_future_action":{"enabled":false,"date":"2026-05-07 12:38:55","action":"change-status","newStatus":"trash","terms":[],"taxonomy":"product_brand","extraData":[]},"publishpress_future_workflow_manual_trigger":{"enabledWorkflows":[]},"_links":{"self":[{"href":"https:\/\/finearts-exclusive.com\/en\/wp-json\/wp\/v2\/product\/375","targetHints":{"allow":["GET"]}}],"collection":[{"href":"https:\/\/finearts-exclusive.com\/en\/wp-json\/wp\/v2\/product"}],"about":[{"href":"https:\/\/finearts-exclusive.com\/en\/wp-json\/wp\/v2\/types\/product"}],"wp:featuredmedia":[{"embeddable":true,"href":"https:\/\/finearts-exclusive.com\/en\/wp-json\/wp\/v2\/media\/61888"}],"wp:attachment":[{"href":"https:\/\/finearts-exclusive.com\/en\/wp-json\/wp\/v2\/media?parent=375"}],"wp:term":[{"taxonomy":"product_brand","embeddable":true,"href":"https:\/\/finearts-exclusive.com\/en\/wp-json\/wp\/v2\/product_brand?post=375"},{"taxonomy":"product_cat","embeddable":true,"href":"https:\/\/finearts-exclusive.com\/en\/wp-json\/wp\/v2\/product_cat?post=375"},{"taxonomy":"product_tag","embeddable":true,"href":"https:\/\/finearts-exclusive.com\/en\/wp-json\/wp\/v2\/product_tag?post=375"}],"curies":[{"name":"wp","href":"https:\/\/api.w.org\/{rel}","templated":true}]}}