{"id":382,"date":"2021-11-06T13:12:55","date_gmt":"2021-11-06T12:12:55","guid":{"rendered":"https:\/\/finearts-exclusive.com\/p\/unkategorisiert\/robo-lover\/"},"modified":"2025-06-27T10:24:22","modified_gmt":"2025-06-27T08:24:22","slug":"robo-lover","status":"publish","type":"product","link":"https:\/\/finearts-exclusive.com\/en\/p\/luxus-erotik-bronzeskulpturen\/robo-lover\/","title":{"rendered":"Robo Lover"},"content":{"rendered":"<p>This lover from the distant future with the name <strong>\u201eRobo Lover\u201c<\/strong>, is probably more than just a simple robot. The <strong>Bronze sculpture Robo Lover<\/strong> is more than just a simple protector. Cool and steely, he fulfils every desire and satisfaction of his owner - his lover - his lady.<\/p>\n<p>On closer inspection, the viewer is clearly shown that the muscular robot \u201e<strong>Robo Lover<\/strong>\u201c makes a double effort here.<\/p>\n<p>The expression on her lover's face reveals that he seems to fulfil both of her sensual needs twice over.<\/p>","protected":false},"excerpt":{"rendered":"<p>Dieser, aus der fernen Zukunft wirkende Liebhaber mit dem Namen \u201eRobo Lover\u201c, ist wohl mehr als nur ein einfacher Roboter. Die Bronzeskulptur Robo Lover ist mehr als nur ein einfacher Besch\u00fctzer. K\u00fchl und st\u00e4hlern erf\u00fcllt er jegliche Begierde und Befriedigung seiner Besitzerin &#8211; seiner Geliebten &#8211; seiner Dame. Bei genauerem Hinsehen wird dem Betrachter deutlich [&#8230;]\n","protected":false},"featured_media":61885,"template":"","meta":{"_seopress_robots_primary_cat":"none","_seopress_titles_title":"","_seopress_titles_desc":"","_seopress_robots_index":""},"product_brand":[],"product_cat":[33],"product_tag":[62],"class_list":{"0":"post-382","1":"product","2":"type-product","3":"status-publish","4":"has-post-thumbnail","6":"product_cat-luxus-erotik-bronzeskulpturen","7":"product_tag-preis-auf-anfrage","8":"product_shipping_class-skulpturen","9":"pa_kuenstler-don-alberto-carlos","11":"first","12":"instock","13":"taxable","14":"shipping-taxable","15":"product-type-variable","16":"has-default-attributes"},"publishpress_future_action":{"enabled":false,"date":"2026-04-19 12:26:46","action":"change-status","newStatus":"trash","terms":[],"taxonomy":"product_brand","extraData":[]},"publishpress_future_workflow_manual_trigger":{"enabledWorkflows":[]},"_links":{"self":[{"href":"https:\/\/finearts-exclusive.com\/en\/wp-json\/wp\/v2\/product\/382","targetHints":{"allow":["GET"]}}],"collection":[{"href":"https:\/\/finearts-exclusive.com\/en\/wp-json\/wp\/v2\/product"}],"about":[{"href":"https:\/\/finearts-exclusive.com\/en\/wp-json\/wp\/v2\/types\/product"}],"wp:featuredmedia":[{"embeddable":true,"href":"https:\/\/finearts-exclusive.com\/en\/wp-json\/wp\/v2\/media\/61885"}],"wp:attachment":[{"href":"https:\/\/finearts-exclusive.com\/en\/wp-json\/wp\/v2\/media?parent=382"}],"wp:term":[{"taxonomy":"product_brand","embeddable":true,"href":"https:\/\/finearts-exclusive.com\/en\/wp-json\/wp\/v2\/product_brand?post=382"},{"taxonomy":"product_cat","embeddable":true,"href":"https:\/\/finearts-exclusive.com\/en\/wp-json\/wp\/v2\/product_cat?post=382"},{"taxonomy":"product_tag","embeddable":true,"href":"https:\/\/finearts-exclusive.com\/en\/wp-json\/wp\/v2\/product_tag?post=382"}],"curies":[{"name":"wp","href":"https:\/\/api.w.org\/{rel}","templated":true}]}}