{"id":386,"date":"2021-11-06T13:12:56","date_gmt":"2021-11-06T12:12:56","guid":{"rendered":"https:\/\/finearts-exclusive.com\/p\/unkategorisiert\/snake-lady-yvonne-sitting\/"},"modified":"2025-09-06T14:38:11","modified_gmt":"2025-09-06T12:38:11","slug":"snake-lady-yvonne-sitting","status":"publish","type":"product","link":"https:\/\/finearts-exclusive.com\/en\/p\/luxus-erotik-bronzeskulpturen\/snake-lady-yvonne-sitting\/","title":{"rendered":"Snake Lady Yvonne Sitting"},"content":{"rendered":"<p>The Snake woman captivates with her charming, romantic and passionate nature. Snakes are imaginative seduction artists. They are demanding, passionate and insatiable when it comes to lovemaking. Any secret fantasy can become reality with them! Snake sex is elegant, ecstatic and captivating!<\/p>\n<p>There is also something enigmatic about the Snake women and they seem reserved at first, but they know exactly what they want and always achieve it. Men can almost never resist the seduction of this snake woman due to her strong power of attraction.<\/p>\n<p>The famous artist Don Alberto Carlos has masterfully and expressively realised the passionate and extremely sensual nature of the snake woman in his creation of the \u201eSnake Lady Yvonne Sitting\u201c.<\/p>","protected":false},"excerpt":{"rendered":"<p>Die Schlangen\u2013Frau besticht durch ihre charmante, romantische und leidenschaftliche Art. Schlangen sind fantasievolle Verf\u00fchrungsk\u00fcnstler. Beim Liebesspiel sind sie anspruchsvoll, leidenschaftlich und uners\u00e4ttlich. Mit ihnen kann jede geheime Fantasie Wirklichkeit werden! Schlangensex ist elegant, ekstatisch und fesselnd! Die Schlangen-Frauen haben auch etwas R\u00e4tselhaftes und wirken anfangs zur\u00fcckhaltend, doch wissen sie genau, was sie wollen, und erreichen [&#8230;]\n","protected":false},"featured_media":2677,"template":"","meta":{"_seopress_robots_primary_cat":"none","_seopress_titles_title":"","_seopress_titles_desc":"","_seopress_robots_index":""},"product_brand":[],"product_cat":[33],"product_tag":[62],"class_list":{"0":"post-386","1":"product","2":"type-product","3":"status-publish","4":"has-post-thumbnail","6":"product_cat-luxus-erotik-bronzeskulpturen","7":"product_tag-preis-auf-anfrage","8":"product_shipping_class-skulpturen","9":"pa_kuenstler-don-alberto-carlos","11":"first","12":"instock","13":"taxable","14":"shipping-taxable","15":"product-type-variable","16":"has-default-attributes"},"publishpress_future_action":{"enabled":false,"date":"2026-04-15 21:29:51","action":"change-status","newStatus":"trash","terms":[],"taxonomy":"product_brand","extraData":[]},"publishpress_future_workflow_manual_trigger":{"enabledWorkflows":[]},"_links":{"self":[{"href":"https:\/\/finearts-exclusive.com\/en\/wp-json\/wp\/v2\/product\/386","targetHints":{"allow":["GET"]}}],"collection":[{"href":"https:\/\/finearts-exclusive.com\/en\/wp-json\/wp\/v2\/product"}],"about":[{"href":"https:\/\/finearts-exclusive.com\/en\/wp-json\/wp\/v2\/types\/product"}],"wp:featuredmedia":[{"embeddable":true,"href":"https:\/\/finearts-exclusive.com\/en\/wp-json\/wp\/v2\/media\/2677"}],"wp:attachment":[{"href":"https:\/\/finearts-exclusive.com\/en\/wp-json\/wp\/v2\/media?parent=386"}],"wp:term":[{"taxonomy":"product_brand","embeddable":true,"href":"https:\/\/finearts-exclusive.com\/en\/wp-json\/wp\/v2\/product_brand?post=386"},{"taxonomy":"product_cat","embeddable":true,"href":"https:\/\/finearts-exclusive.com\/en\/wp-json\/wp\/v2\/product_cat?post=386"},{"taxonomy":"product_tag","embeddable":true,"href":"https:\/\/finearts-exclusive.com\/en\/wp-json\/wp\/v2\/product_tag?post=386"}],"curies":[{"name":"wp","href":"https:\/\/api.w.org\/{rel}","templated":true}]}}