{"id":1161,"date":"2021-11-07T12:39:52","date_gmt":"2021-11-07T11:39:52","guid":{"rendered":"https:\/\/finearts-exclusive.com\/?page_id=1161"},"modified":"2022-01-08T12:36:41","modified_gmt":"2022-01-08T11:36:41","slug":"acerca-de-nosotros","status":"publish","type":"page","link":"https:\/\/finearts-exclusive.com\/es\/ueber-uns\/","title":{"rendered":"Sobre nosotros"},"content":{"rendered":"<section class=\"section bgvideo\" id=\"section_839218727\">\n\t\t<div class=\"section-bg fill\" >\n\t\t\t\t\t\t\t<div class=\"video-overlay no-click fill visible\"><\/div>\n\t<video class=\"video-bg fill visible\" preload playsinline autoplay muted loop>\n\t\t<source src=\"https:\/\/player.vimeo.com\/external\/663640264.hd.mp4?s=8a066da1c284e799321a270d1df4c13c5e15a95a&#038;profile_id=175&#038;dnt=1\" type=\"video\/mp4\">\t<\/video>\n\t\t\t\n\t\t\t\n\n\t\t<\/div>\n\n\t\t\n\n\t\t<div class=\"section-content relative\">\n\t\t\t\n\n\n\t\t<\/div>\n\n\t\t\n<style>\n#section_839218727 {\n  padding-top: 0px;\n  padding-bottom: 0px;\n  min-height: 300px;\n  background-color: rgb(0,0,0);\n}\n@media (min-width:550px) {\n  #section_839218727 {\n    min-height: 50vh;\n  }\n}\n@media (min-width:850px) {\n  #section_839218727 {\n    min-height: 80vh;\n  }\n}\n<\/style>\n\t<\/section>\n\t\n\n\t<section class=\"section\" id=\"section_953170524\">\n\t\t<div class=\"section-bg fill\" >\n\t\t\t\t\t\t\t\t\t\n\t\t\t\n\n\t\t<\/div>\n\n\t\t\n\n\t\t<div class=\"section-content relative\">\n\t\t\t\n\n\t<div id=\"gap-1173806737\" class=\"gap-element clearfix\" style=\"display:block; height:auto;\">\n\t\t\n<style>\n#gap-1173806737 {\n  padding-top: 65px;\n}\n<\/style>\n\t<\/div>\n\t\n\n<div class=\"row\"  id=\"row-1306756934\">\n\n\n\t<div id=\"col-958489883\" class=\"col medium-6 small-12 large-6\"  data-animate=\"fadeInLeft\">\n\t\t\t\t<div class=\"col-inner\"  >\n\t\t\t\n\t\t\t\n\n<h2 class=\"txt-gold\">Fine Art Exclusive - VIVIR EL LUJO.<\/h2>\n<p class=\"lead\">Bienvenido a la exclusiva colecci\u00f3n Bronce de FINE ARTS. Nuestra pasi\u00f3n es dise\u00f1ar, producir y distribuir esculturas de bronce contempor\u00e1neas de alta calidad.<\/p>\n<p class=\"lead\">La atenci\u00f3n a los detalles y la excelente artesan\u00eda fomentan la creatividad, la elegancia y los dise\u00f1os exclusivos que siempre concilian tradici\u00f3n e innovaci\u00f3n. Producimos en el proceso tradicional de fundici\u00f3n de cera (cire perdue), patinado en varios tonos de bronce y en parte con un revestimiento duradero de oro o plata de 24 quilates. Gracias a los acabados con piedras preciosas genuinas (diamantes, rub\u00edes, esmeraldas y otras), muchas de nuestras piezas se embellecen y se convierten en preciosos art\u00edculos de lujo. Nuestras preciosas y exclusivas esculturas y muebles de bronce son el resultado de un cuidadoso proceso de fundici\u00f3n en bronce.<\/p>\n\n\t\t<\/div>\n\t\t\t\t\t<\/div>\n\n\t\n\n\t<div id=\"col-354389948\" class=\"col medium-6 small-12 large-6\"  data-animate=\"fadeInLeft\">\n\t\t\t\t<div class=\"col-inner\"  >\n\t\t\t\n\t\t\t\n\n\t<div class=\"img has-hover x md-x lg-x y md-y lg-y\" id=\"image_40984091\">\n\t\t\t\t\t\t\t\t<div class=\"img-inner dark\" >\n\t\t\t<img loading=\"lazy\" decoding=\"async\" width=\"1000\" height=\"750\" src=\"https:\/\/finearts-exclusive.com\/wp-content\/uploads\/2021\/11\/wachsurform.jpg\" class=\"attachment-large size-large\" alt=\"Molde de cera de una escultura\" srcset=\"https:\/\/finearts-exclusive.com\/wp-content\/uploads\/2021\/11\/wachsurform.jpg 1000w, https:\/\/finearts-exclusive.com\/wp-content\/uploads\/2021\/11\/wachsurform-562x422.jpg 562w, https:\/\/finearts-exclusive.com\/wp-content\/uploads\/2021\/11\/wachsurform-768x576.jpg 768w, https:\/\/finearts-exclusive.com\/wp-content\/uploads\/2021\/11\/wachsurform-16x12.jpg 16w\" sizes=\"auto, (max-width: 1000px) 100vw, 1000px\" \/>\t\t\t\t\t\t\n\t\t\t\t\t<\/div>\n\t\t\t\t\t\t\t\t\n<style>\n#image_40984091 {\n  width: 100%;\n}\n<\/style>\n\t<\/div>\n\t\n\n<p style=\"text-align: right;\"><em>Molde de cera de una escultura<\/em><\/p>\n\n\t\t<\/div>\n\t\t\t\t\t<\/div>\n\n\t\n\n<\/div>\n\n\t\t<\/div>\n\n\t\t\n<style>\n#section_953170524 {\n  padding-top: 30px;\n  padding-bottom: 30px;\n  background-color: rgb(0, 0, 0);\n}\n<\/style>\n\t<\/section>\n\t\n\n\t<section class=\"section\" id=\"section_828239814\">\n\t\t<div class=\"section-bg fill\" >\n\t\t\t<img loading=\"lazy\" decoding=\"async\" width=\"1920\" height=\"1080\" src=\"https:\/\/finearts-exclusive.com\/wp-content\/uploads\/2021\/11\/post-sec-bg.jpg\" class=\"bg attachment- size-\" alt=\"\" \/>\t\t\t\t\t\t\n\t\t\t\n\n\t\t<\/div>\n\n\t\t\n\n\t\t<div class=\"section-content relative\">\n\t\t\t\n\n<div class=\"row\"  id=\"row-1058011465\">\n\n\n\t<div id=\"col-764157241\" class=\"col medium-6 small-12 large-6\"  data-animate=\"fadeInLeft\">\n\t\t\t\t<div class=\"col-inner\"  >\n\t\t\t\n\t\t\t\n\n\t<div class=\"img has-hover x md-x lg-x y md-y lg-y\" id=\"image_315559867\">\n\t\t\t\t\t\t\t\t<div class=\"img-inner dark\" >\n\t\t\t<img loading=\"lazy\" decoding=\"async\" width=\"826\" height=\"1024\" src=\"https:\/\/finearts-exclusive.com\/wp-content\/uploads\/2021\/11\/ehrenurkunde-826x1024.jpg\" class=\"attachment-large size-large\" alt=\"\" srcset=\"https:\/\/finearts-exclusive.com\/wp-content\/uploads\/2021\/11\/ehrenurkunde-826x1024.jpg 826w, https:\/\/finearts-exclusive.com\/wp-content\/uploads\/2021\/11\/ehrenurkunde-562x697.jpg 562w, https:\/\/finearts-exclusive.com\/wp-content\/uploads\/2021\/11\/ehrenurkunde-768x952.jpg 768w, https:\/\/finearts-exclusive.com\/wp-content\/uploads\/2021\/11\/ehrenurkunde-10x12.jpg 10w, https:\/\/finearts-exclusive.com\/wp-content\/uploads\/2021\/11\/ehrenurkunde.jpg 1210w\" sizes=\"auto, (max-width: 826px) 100vw, 826px\" \/>\t\t\t\t\t\t\n\t\t\t\t\t<\/div>\n\t\t\t\t\t\t\t\t\n<style>\n#image_315559867 {\n  width: 100%;\n}\n<\/style>\n\t<\/div>\n\t\n\n\n\t\t<\/div>\n\t\t\t\t\t<\/div>\n\n\t\n\n\t<div id=\"col-553761443\" class=\"col medium-6 small-12 large-6\"  data-animate=\"fadeInLeft\">\n\t\t\t\t<div class=\"col-inner\"  >\n\t\t\t\n\t\t\t\n\n\t<div id=\"text-307943009\" class=\"text\">\n\t\t\n\n<p class=\"lead\">La alta artesan\u00eda y los materiales finos de bronce con la pasi\u00f3n por los mejores resultados son los valores que caracterizan a FINE ARTS Wohnkultur GmbH en Frankfurt am Main desde hace 25 a\u00f1os en el desarrollo, la fabricaci\u00f3n y la distribuci\u00f3n de productos de bronce exclusivos de alta calidad para la decoraci\u00f3n de grandes casas de lujo internacionales.<\/p>\n<p class=\"lead\">En 2020, FINE ARTS Wohnkultur GmbH celebrar\u00e1 con orgullo su 25\u00ba aniversario. Nos gustar\u00eda agradecer a todos nuestros clientes y amigos su confianza y su justa colaboraci\u00f3n a lo largo de los a\u00f1os.<\/p>\n<p class=\"lead\">En colaboraci\u00f3n con artistas, creamos y producimos arte a medida y dise\u00f1os especiales. Nuestro \u00e9xito se basa en nuestra creencia fundamental: \"Escuchar, entregar y trabajar con los sentimientos\". Manteniendo una relaci\u00f3n estrecha, s\u00f3lida y constante con nuestros clientes durante todo el ciclo de vida de cada proyecto. Nos aseguramos de entregar la visi\u00f3n del cliente con la m\u00e1xima calidad y singularidad.<\/p>\n<p class=\"lead\">Todas nuestras esculturas y muebles son obras maestras de artistas de renombre internacional. Se producen en ediciones limitadas y vienen con su correspondiente certificado de autenticidad.<\/p>\n<p class=\"lead\">Esperamos que disfrute viendo nuestras obras de bronce de alta calidad de la famosa colecci\u00f3n exclusiva de FINE ARTS Wohnkultur GmbH.<\/p>\n\t\t\n<style>\n#text-307943009 {\n  font-size: 1rem;\n}\n<\/style>\n\t<\/div>\n\t\n\n\t\t<\/div>\n\t\t\t\t\t<\/div>\n\n\t\n\n<\/div>\n\n\t\t<\/div>\n\n\t\t\n<style>\n#section_828239814 {\n  padding-top: 60px;\n  padding-bottom: 60px;\n  background-color: rgb(0, 0, 0);\n}\n<\/style>\n\t<\/section>","protected":false},"excerpt":{"rendered":"","protected":false},"author":3,"featured_media":0,"parent":0,"menu_order":0,"comment_status":"closed","ping_status":"closed","template":"page-blank.php","meta":{"_seopress_robots_primary_cat":"","_seopress_titles_title":"","_seopress_titles_desc":"","_seopress_robots_index":"","footnotes":""},"class_list":["post-1161","page","type-page","status-publish","hentry"],"publishpress_future_workflow_manual_trigger":{"enabledWorkflows":[]},"_links":{"self":[{"href":"https:\/\/finearts-exclusive.com\/es\/wp-json\/wp\/v2\/pages\/1161","targetHints":{"allow":["GET"]}}],"collection":[{"href":"https:\/\/finearts-exclusive.com\/es\/wp-json\/wp\/v2\/pages"}],"about":[{"href":"https:\/\/finearts-exclusive.com\/es\/wp-json\/wp\/v2\/types\/page"}],"author":[{"embeddable":true,"href":"https:\/\/finearts-exclusive.com\/es\/wp-json\/wp\/v2\/users\/3"}],"replies":[{"embeddable":true,"href":"https:\/\/finearts-exclusive.com\/es\/wp-json\/wp\/v2\/comments?post=1161"}],"version-history":[{"count":0,"href":"https:\/\/finearts-exclusive.com\/es\/wp-json\/wp\/v2\/pages\/1161\/revisions"}],"wp:attachment":[{"href":"https:\/\/finearts-exclusive.com\/es\/wp-json\/wp\/v2\/media?parent=1161"}],"curies":[{"name":"wp","href":"https:\/\/api.w.org\/{rel}","templated":true}]}}