{"id":2513,"date":"2021-12-10T11:28:43","date_gmt":"2021-12-10T10:28:43","guid":{"rendered":"https:\/\/finearts-exclusive.com\/?page_id=2513"},"modified":"2022-01-11T12:15:06","modified_gmt":"2022-01-11T11:15:06","slug":"artista","status":"publish","type":"page","link":"https:\/\/finearts-exclusive.com\/es\/kuenstler\/","title":{"rendered":"Artista"},"content":{"rendered":"<section class=\"section full-width\" id=\"section_285825470\">\n\t\t<div class=\"section-bg fill\" >\n\t\t\t\t\t\t\t\t\t\n\t\t\t\n\n\t\t<\/div>\n\n\t\t\n\n\t\t<div class=\"section-content relative\">\n\t\t\t\n\n\t<div class=\"img has-hover x md-x lg-x y md-y lg-y\" id=\"image_268174762\">\n\t\t\t\t\t\t\t\t<div class=\"img-inner dark\" >\n\t\t\t<img loading=\"lazy\" decoding=\"async\" width=\"1020\" height=\"680\" src=\"https:\/\/finearts-exclusive.com\/wp-content\/uploads\/2021\/12\/kuenstler-allgemein-1024x683.jpg\" class=\"attachment-large size-large\" alt=\"\" srcset=\"https:\/\/finearts-exclusive.com\/wp-content\/uploads\/2021\/12\/kuenstler-allgemein-1024x683.jpg 1024w, https:\/\/finearts-exclusive.com\/wp-content\/uploads\/2021\/12\/kuenstler-allgemein-562x375.jpg 562w, https:\/\/finearts-exclusive.com\/wp-content\/uploads\/2021\/12\/kuenstler-allgemein-768x512.jpg 768w, https:\/\/finearts-exclusive.com\/wp-content\/uploads\/2021\/12\/kuenstler-allgemein-18x12.jpg 18w, https:\/\/finearts-exclusive.com\/wp-content\/uploads\/2021\/12\/kuenstler-allgemein.jpg 1920w\" sizes=\"auto, (max-width: 1020px) 100vw, 1020px\" \/>\t\t\t\t\t\t\n\t\t\t\t\t<\/div>\n\t\t\t\t\t\t\t\t\n<style>\n#image_268174762 {\n  width: 100%;\n}\n<\/style>\n\t<\/div>\n\t\n\n\n\t\t<\/div>\n\n\t\t\n<style>\n#section_285825470 {\n  padding-top: 0px;\n  padding-bottom: 0px;\n}\n<\/style>\n\t<\/section>\n\t\n\n\t<section class=\"section\" id=\"section_137792615\">\n\t\t<div class=\"section-bg fill\" >\n\t\t\t\t\t\t\t\t\t\n\t\t\t\n\n\t\t<\/div>\n\n\t\t\n\n\t\t<div class=\"section-content relative\">\n\t\t\t\n\n\t<div id=\"gap-757580193\" class=\"gap-element clearfix\" style=\"display:block; height:auto;\">\n\t\t\n<style>\n#gap-757580193 {\n  padding-top: 90px;\n}\n<\/style>\n\t<\/div>\n\t\n\n\t<div id=\"text-3717283198\" class=\"text\">\n\t\t\n\n<h1 class=\"txt-gold\">Nuestros artistas<\/h1>\n\t\t\n<style>\n#text-3717283198 {\n  font-size: 2rem;\n  text-align: center;\n}\n<\/style>\n\t<\/div>\n\t\n\t<div id=\"text-698584582\" class=\"text\">\n\t\t\n\n<div style=\"max-width: 700px; margin-left: auto; margin-right: auto;\">\n<p>Trabajamos en estrecha colaboraci\u00f3n con varios artistas y dise\u00f1adores de todo el mundo.<\/p>\n<p>Estamos abiertos a nuevos proyectos y los escultores internacionales con nuevas ideas siempre tienen el reto de mantenerse a la vanguardia del arte er\u00f3tico. As\u00ed que si usted es un artista o dise\u00f1ador con visiones en bronce o con un concepto para una edici\u00f3n limitada, no dude en ponerse en contacto con nosotros.<\/p>\n<p>Nuestras exclusivas obras maestras de arte en bronce, con derechos de autor y de edici\u00f3n limitada, se encuentran en villas y exposiciones de lujo, as\u00ed como en famosos museos de todo el mundo.<\/p>\n<p>Tambi\u00e9n somos miembros del Gremio de Artistas Er\u00f3ticos con sede en Londres y Colonia. Fundaron una nueva sala de exposiciones en Colonia (Alemania). Se encuentra en el barrio art\u00edstico de la ciudad y se llama Galerie an Br\u00fcsseler Platz. Se mostrar\u00e1 lo mejor del arte figurativo y contempor\u00e1neo. Como organizaci\u00f3n internacional, es la mayor organizaci\u00f3n de arte er\u00f3tico del mundo.<\/p>\n<\/div>\n\t\t\n<style>\n#text-698584582 {\n  text-align: center;\n}\n<\/style>\n\t<\/div>\n\t\n\t<div id=\"gap-786288633\" class=\"gap-element clearfix\" style=\"display:block; height:auto;\">\n\t\t\n<style>\n#gap-786288633 {\n  padding-top: 60px;\n}\n<\/style>\n\t<\/div>\n\t\n\n\n\t\t<\/div>\n\n\t\t\n<style>\n#section_137792615 {\n  padding-top: 30px;\n  padding-bottom: 30px;\n  background-color: rgb(0,0,0);\n}\n<\/style>\n\t<\/section>\n\t\n\n\t<section class=\"section dark\" id=\"section_1100163233\">\n\t\t<div class=\"section-bg fill\" >\n\t\t\t\t\t\t\t\t\t<div class=\"section-bg-overlay absolute fill\"><\/div>\n\t\t\t\n\n\t\t<\/div>\n\n\t\t\n\n\t\t<div class=\"section-content relative\">\n\t\t\t\n\n<div class=\"row row-collapse row-full-width align-middle\"  id=\"row-192714354\">\n\n\n\t<div id=\"col-588929216\" class=\"col medium-6 small-12 large-6\"  >\n\t\t\t\t<div class=\"col-inner\"  >\n\t\t\t\n\t\t\t\n\n\t<div class=\"img has-hover x md-x lg-x y md-y lg-y\" id=\"image_300746311\">\n\t\t\t\t\t\t\t\t<div class=\"img-inner dark\" >\n\t\t\t<img loading=\"lazy\" decoding=\"async\" width=\"636\" height=\"1024\" src=\"https:\/\/finearts-exclusive.com\/wp-content\/uploads\/2021\/12\/foto_kuenstler_don_alberto_carlos_mit_ohren-636x1024.jpg\" class=\"attachment-large size-large\" alt=\"\" srcset=\"https:\/\/finearts-exclusive.com\/wp-content\/uploads\/2021\/12\/foto_kuenstler_don_alberto_carlos_mit_ohren-636x1024.jpg 636w, https:\/\/finearts-exclusive.com\/wp-content\/uploads\/2021\/12\/foto_kuenstler_don_alberto_carlos_mit_ohren-562x904.jpg 562w, https:\/\/finearts-exclusive.com\/wp-content\/uploads\/2021\/12\/foto_kuenstler_don_alberto_carlos_mit_ohren-768x1236.jpg 768w, https:\/\/finearts-exclusive.com\/wp-content\/uploads\/2021\/12\/foto_kuenstler_don_alberto_carlos_mit_ohren-7x12.jpg 7w, https:\/\/finearts-exclusive.com\/wp-content\/uploads\/2021\/12\/foto_kuenstler_don_alberto_carlos_mit_ohren.jpg 895w\" sizes=\"auto, (max-width: 636px) 100vw, 636px\" \/>\t\t\t\t\t\t\n\t\t\t\t\t<\/div>\n\t\t\t\t\t\t\t\t\n<style>\n#image_300746311 {\n  width: 100%;\n}\n<\/style>\n\t<\/div>\n\t\n\n\n\t\t<\/div>\n\t\t\t\t\t<\/div>\n\n\t\n\n\t<div id=\"col-2139765731\" class=\"col medium-6 small-12 large-6\"  >\n\t\t\t\t<div class=\"col-inner text-left\"  >\n\t\t\t\n\t\t\t\n\n\t<div id=\"text-3101110354\" class=\"text\">\n\t\t\n\n<h2 class=\"txt-gold\">Don Alberto Carlos<\/h2>\n\t\t\n<style>\n#text-3101110354 {\n  font-size: 2rem;\n  text-align: left;\n}\n<\/style>\n\t<\/div>\n\t\n<p><strong>Alemania<\/strong><\/p>\n<p>Inspirado por sus padres, un pintor y un arquitecto de renombre, el artista desarroll\u00f3 un gran inter\u00e9s por el mundo de las bellas artes a una edad temprana.<\/p>\n<p>Complet\u00f3 sus estudios de econom\u00eda en la Universidad Johann Wolfgang von Goethe de Fr\u00e1ncfort del Meno con clases de historia universal, religi\u00f3n mundial y arte. Su inter\u00e9s particular se centr\u00f3 en la escultura moderna y futurista.<\/p>\n<p>En sus viajes conoci\u00f3 a personas de todas las procedencias y educaciones y pudo ver los grandes testimonios de la historia del arte humano que se remontan a milenios atr\u00e1s. En el proceso, se dio cuenta del contacto desprejuiciado con el arte er\u00f3tico y el erotismo en la mayor\u00eda de las naciones del mundo. Viven el erotismo como algo natural, como una parte importante de su vida y su cultura.<\/p>\n<p>Motivado e inspirado por estas experiencias, comenz\u00f3 a expresar sus emociones en esculturas er\u00f3ticas. Sus obras maestras llegan a lo m\u00e1s \u00edntimo de las personas y las conducen a un mundo de sentidos y sensualidad. Prefiere trabajar con el preciado material del bronce, a menudo en combinaci\u00f3n con chapados de oro y plata de 24 quilates o piedras preciosas.<\/p>\n<a href=\"\/es\/tienda\/?filter_kuenstler=don-alberto-carlos\" class=\"button primary is-outline\" >\n\t\t<span>Obras de Don Alberto Carlos<\/span>\n\t<\/a>\n\n\n\n\t\t<\/div>\n\t\t\t\t\n<style>\n#col-2139765731 > .col-inner {\n  padding: 5% 5% 5% 5%;\n}\n<\/style>\n\t<\/div>\n\n\t\n\n<\/div>\n\n\t\t<\/div>\n\n\t\t\n<style>\n#section_1100163233 {\n  padding-top: 0px;\n  padding-bottom: 0px;\n  background-color: rgb(0,0,0);\n}\n#section_1100163233 .section-bg-overlay {\n  background-color: rgba(0, 0, 0, 0.73);\n}\n<\/style>\n\t<\/section>\n\t\n\n\t<section class=\"section dark\" id=\"section_1463630338\">\n\t\t<div class=\"section-bg fill\" >\n\t\t\t\t\t\t\t\t\t<div class=\"section-bg-overlay absolute fill\"><\/div>\n\t\t\t\n\n\t\t<\/div>\n\n\t\t\n\n\t\t<div class=\"section-content relative\">\n\t\t\t\n\n<div class=\"row row-collapse row-full-width align-middle mobile-reverse\"  id=\"row-662122771\">\n\n\n\t<div id=\"col-1363936804\" class=\"col medium-6 small-12 large-6\"  >\n\t\t\t\t<div class=\"col-inner text-left\"  >\n\t\t\t\n\t\t\t\n\n\t<div id=\"text-3672011443\" class=\"text\">\n\t\t\n\n<h2 class=\"txt-gold\">Paul John Ballard<\/h2>\n\t\t\n<style>\n#text-3672011443 {\n  font-size: 2rem;\n  text-align: left;\n}\n<\/style>\n\t<\/div>\n\t\n<p><strong>Inglaterra<\/strong><\/p>\n<p>Paul John Ballard siempre ha tenido buen ojo para las mujeres bonitas y un don para el dibujo. Si se combinan los dos, se obtiene una obra de arte extraordinaria. El talento natural de Paul ha producido algunas im\u00e1genes ic\u00f3nicas. Algunos imaginativos, otros potentes, pero siempre finos en los detalles. Su estilo ha inmortalizado a la mujer hermosa de todo el mundo.<\/p>\n<p>\"Cada mujer se dise\u00f1a cuidadosamente y se le da vida\". Cada uno tiene su propia personalidad, pero todos poseen individualidad. El alto contraste y la nitidez de los detalles son los dos elementos que forman la base de mi arte....\"<\/p>\n<p>Paul John Ballard siempre fue reconocido como el mejor artista de la escuela y se esperaba que siguiera una carrera art\u00edstica; en cambio, se alist\u00f3 en el ej\u00e9rcito. Tras licenciarse en ingenier\u00eda el\u00e9ctrica y mec\u00e1nica, pas\u00f3 los siguientes 12 a\u00f1os en la construcci\u00f3n. Despu\u00e9s de sufrir varias explosiones y quemaduras, decidi\u00f3 cambiar de profesi\u00f3n. En 1992, comenz\u00f3 su carrera art\u00edstica.<\/p>\n<p>En la actualidad, trabaja desde su casa en dibujos detallados y desde sus estudios en pinturas al \u00f3leo de mayor tama\u00f1o. Los estudios tambi\u00e9n albergan \"el gremio de artistas er\u00f3ticos\", que fund\u00f3 junto con Colin Ballard, Ken Clarke y Ray Leaning.<\/p>\n\n<a href=\"\/es\/tienda\/?filter_kuenstler=paul-john-ballard\" class=\"button primary is-outline\" >\n\t\t<span>Obras de Paul John Ballard<\/span>\n\t<\/a>\n\n\n\n\t\t<\/div>\n\t\t\t\t\n<style>\n#col-1363936804 > .col-inner {\n  padding: 5% 5% 5% 5%;\n}\n<\/style>\n\t<\/div>\n\n\t\n\n\t<div id=\"col-2123446591\" class=\"col medium-6 small-12 large-6\"  >\n\t\t\t\t<div class=\"col-inner\"  >\n\t\t\t\n\t\t\t\n\n\t<div class=\"img has-hover x md-x lg-x y md-y lg-y\" id=\"image_1682546629\">\n\t\t\t\t\t\t\t\t<div class=\"img-inner dark\" >\n\t\t\t<img loading=\"lazy\" decoding=\"async\" width=\"711\" height=\"1024\" src=\"https:\/\/finearts-exclusive.com\/wp-content\/uploads\/2021\/12\/foto_kuenstler_paul_john_ballard_01-711x1024.jpg\" class=\"attachment-large size-large\" alt=\"\" srcset=\"https:\/\/finearts-exclusive.com\/wp-content\/uploads\/2021\/12\/foto_kuenstler_paul_john_ballard_01-711x1024.jpg 711w, https:\/\/finearts-exclusive.com\/wp-content\/uploads\/2021\/12\/foto_kuenstler_paul_john_ballard_01-562x810.jpg 562w, https:\/\/finearts-exclusive.com\/wp-content\/uploads\/2021\/12\/foto_kuenstler_paul_john_ballard_01-768x1106.jpg 768w, https:\/\/finearts-exclusive.com\/wp-content\/uploads\/2021\/12\/foto_kuenstler_paul_john_ballard_01-8x12.jpg 8w, https:\/\/finearts-exclusive.com\/wp-content\/uploads\/2021\/12\/foto_kuenstler_paul_john_ballard_01.jpg 960w\" sizes=\"auto, (max-width: 711px) 100vw, 711px\" \/>\t\t\t\t\t\t\n\t\t\t\t\t<\/div>\n\t\t\t\t\t\t\t\t\n<style>\n#image_1682546629 {\n  width: 100%;\n}\n<\/style>\n\t<\/div>\n\t\n\n\n\t\t<\/div>\n\t\t\t\t\t<\/div>\n\n\t\n\n<\/div>\n\n\t\t<\/div>\n\n\t\t\n<style>\n#section_1463630338 {\n  padding-top: 0px;\n  padding-bottom: 0px;\n  background-color: rgb(0,0,0);\n}\n#section_1463630338 .section-bg-overlay {\n  background-color: rgba(0, 0, 0, 0.73);\n}\n<\/style>\n\t<\/section>\n\t\n\n\t<section class=\"section dark\" id=\"section_1200597012\">\n\t\t<div class=\"section-bg fill\" >\n\t\t\t\t\t\t\t\t\t<div class=\"section-bg-overlay absolute fill\"><\/div>\n\t\t\t\n\n\t\t<\/div>\n\n\t\t\n\n\t\t<div class=\"section-content relative\">\n\t\t\t\n\n<div class=\"row row-collapse row-full-width align-middle\"  id=\"row-196049587\">\n\n\n\t<div id=\"col-258886524\" class=\"col medium-6 small-12 large-6\"  >\n\t\t\t\t<div class=\"col-inner\"  >\n\t\t\t\n\t\t\t\n\n\t<div class=\"img has-hover x md-x lg-x y md-y lg-y\" id=\"image_1513495228\">\n\t\t\t\t\t\t\t\t<div class=\"img-inner dark\" >\n\t\t\t<img loading=\"lazy\" decoding=\"async\" width=\"682\" height=\"1024\" src=\"https:\/\/finearts-exclusive.com\/wp-content\/uploads\/2021\/12\/foto_kuenstler_rudolfo_bucacio_01-682x1024.jpg\" class=\"attachment-large size-large\" alt=\"\" srcset=\"https:\/\/finearts-exclusive.com\/wp-content\/uploads\/2021\/12\/foto_kuenstler_rudolfo_bucacio_01-682x1024.jpg 682w, https:\/\/finearts-exclusive.com\/wp-content\/uploads\/2021\/12\/foto_kuenstler_rudolfo_bucacio_01-562x844.jpg 562w, https:\/\/finearts-exclusive.com\/wp-content\/uploads\/2021\/12\/foto_kuenstler_rudolfo_bucacio_01-768x1153.jpg 768w, https:\/\/finearts-exclusive.com\/wp-content\/uploads\/2021\/12\/foto_kuenstler_rudolfo_bucacio_01-8x12.jpg 8w, https:\/\/finearts-exclusive.com\/wp-content\/uploads\/2021\/12\/foto_kuenstler_rudolfo_bucacio_01.jpg 960w\" sizes=\"auto, (max-width: 682px) 100vw, 682px\" \/>\t\t\t\t\t\t\n\t\t\t\t\t<\/div>\n\t\t\t\t\t\t\t\t\n<style>\n#image_1513495228 {\n  width: 100%;\n}\n<\/style>\n\t<\/div>\n\t\n\n\n\t\t<\/div>\n\t\t\t\t\t<\/div>\n\n\t\n\n\t<div id=\"col-1718002819\" class=\"col medium-6 small-12 large-6\"  >\n\t\t\t\t<div class=\"col-inner text-left\"  >\n\t\t\t\n\t\t\t\n\n\t<div id=\"text-841540551\" class=\"text\">\n\t\t\n\n<h2 class=\"txt-gold\">Rodolfo Bucacio<\/h2>\n\t\t\n<style>\n#text-841540551 {\n  font-size: 2rem;\n  text-align: left;\n}\n<\/style>\n\t<\/div>\n\t\n<p><strong>Alemania<\/strong><\/p>\n<p>La artista estudi\u00f3 arte y educaci\u00f3n art\u00edstica en la Universidad Johann Wolfgang von Goethe de Fr\u00e1ncfort del Meno, adem\u00e1s de cursar estudios de filosof\u00eda, psicolog\u00eda e historia del arte. Para llevar su escultura a un nivel superior, realiz\u00f3 estudios adicionales en la Academia de Arte de Esslingen y en la Universidad de Ciencias Aplicadas de Friedberg, incluyendo la fundici\u00f3n de bronce y la interacci\u00f3n del dise\u00f1o, los colores y la energ\u00eda.<\/p>\n<p>Sus magistrales y futuristas esculturas est\u00e1n influenciadas por la gente del siglo XXI que valora tener una composici\u00f3n \u00f3ptima de escultura, espacio y dise\u00f1o, poseer materiales nobles, elegancia e individualidad y que se sienten atra\u00eddos por la magia del perfeccionismo.  Finearts - esculturas que motivan, influyen, activan y armonizan a las personas, con un efecto curativo en el cuerpo y la mente.<\/p>\n<a href=\"\/es\/tienda\/?filter_kuenstler=rudolfo-bucacio\" class=\"button primary is-outline\" >\n\t\t<span>Obras de Rodolfo Bucacio<\/span>\n\t<\/a>\n\n\n\n\t\t<\/div>\n\t\t\t\t\n<style>\n#col-1718002819 > .col-inner {\n  padding: 5% 5% 5% 5%;\n}\n<\/style>\n\t<\/div>\n\n\t\n\n<\/div>\n\n\t\t<\/div>\n\n\t\t\n<style>\n#section_1200597012 {\n  padding-top: 0px;\n  padding-bottom: 0px;\n  background-color: rgb(0,0,0);\n}\n#section_1200597012 .section-bg-overlay {\n  background-color: rgba(0, 0, 0, 0.73);\n}\n<\/style>\n\t<\/section>\n\t\n\n\t<section class=\"section dark\" id=\"section_144657565\">\n\t\t<div class=\"section-bg fill\" >\n\t\t\t\t\t\t\t\t\t<div class=\"section-bg-overlay absolute fill\"><\/div>\n\t\t\t\n\n\t\t<\/div>\n\n\t\t\n\n\t\t<div class=\"section-content relative\">\n\t\t\t\n\n<div class=\"row row-collapse row-full-width align-middle mobile-reverse\"  id=\"row-422679660\">\n\n\n\t<div id=\"col-1412884345\" class=\"col medium-6 small-12 large-6\"  >\n\t\t\t\t<div class=\"col-inner text-left\"  >\n\t\t\t\n\t\t\t\n\n\t<div id=\"text-596959345\" class=\"text\">\n\t\t\n\n<h2 class=\"txt-gold\">Ray Leaning<\/h2>\n\t\t\n<style>\n#text-596959345 {\n  font-size: 2rem;\n  text-align: left;\n}\n<\/style>\n\t<\/div>\n\t\n<p><strong>Inglaterra<\/strong><\/p>\n<p>El artista asisti\u00f3 a la Fundaci\u00f3n de Arte en Grimsby, Lincolnshire. Despu\u00e9s volvi\u00f3 a la universidad como estudiante maduro en 1981, obteniendo una licenciatura (con honores) en Bellas Artes en Exeter y un PGCE (Arte y Dise\u00f1o) en la Universidad de Brighton en 1985. Pasaba su tiempo de estudio en la sala de estar, siguiendo los conocimientos tradicionales de dibujo y pintura cl\u00e1sicos. Un medio honesto y sutil que requiere dominio.<\/p>\n<a href=\"\/es\/tienda\/?filter_kuenstler=ray-leaning\" class=\"button primary is-outline\" >\n\t\t<span>Obras de Ray Leaning<\/span>\n\t<\/a>\n\n\n\n\t\t<\/div>\n\t\t\t\t\n<style>\n#col-1412884345 > .col-inner {\n  padding: 5% 5% 5% 5%;\n}\n<\/style>\n\t<\/div>\n\n\t\n\n\t<div id=\"col-1203441668\" class=\"col medium-6 small-12 large-6\"  >\n\t\t\t\t<div class=\"col-inner\"  >\n\t\t\t\n\t\t\t\n\n\t<div class=\"img has-hover x md-x lg-x y md-y lg-y\" id=\"image_31071322\">\n\t\t\t\t\t\t\t\t<div class=\"img-inner dark\" >\n\t\t\t<img loading=\"lazy\" decoding=\"async\" width=\"576\" height=\"1024\" src=\"https:\/\/finearts-exclusive.com\/wp-content\/uploads\/2021\/12\/foto_kuenstler_ray_leaning-576x1024.jpg\" class=\"attachment-large size-large\" alt=\"\" srcset=\"https:\/\/finearts-exclusive.com\/wp-content\/uploads\/2021\/12\/foto_kuenstler_ray_leaning-576x1024.jpg 576w, https:\/\/finearts-exclusive.com\/wp-content\/uploads\/2021\/12\/foto_kuenstler_ray_leaning-562x999.jpg 562w, https:\/\/finearts-exclusive.com\/wp-content\/uploads\/2021\/12\/foto_kuenstler_ray_leaning-768x1365.jpg 768w, https:\/\/finearts-exclusive.com\/wp-content\/uploads\/2021\/12\/foto_kuenstler_ray_leaning-7x12.jpg 7w, https:\/\/finearts-exclusive.com\/wp-content\/uploads\/2021\/12\/foto_kuenstler_ray_leaning.jpg 810w\" sizes=\"auto, (max-width: 576px) 100vw, 576px\" \/>\t\t\t\t\t\t\n\t\t\t\t\t<\/div>\n\t\t\t\t\t\t\t\t\n<style>\n#image_31071322 {\n  width: 100%;\n}\n<\/style>\n\t<\/div>\n\t\n\n\n\t\t<\/div>\n\t\t\t\t\t<\/div>\n\n\t\n\n<\/div>\n\n\t\t<\/div>\n\n\t\t\n<style>\n#section_144657565 {\n  padding-top: 0px;\n  padding-bottom: 0px;\n  background-color: rgb(0,0,0);\n}\n#section_144657565 .section-bg-overlay {\n  background-color: rgba(0, 0, 0, 0.73);\n}\n<\/style>\n\t<\/section>\n\t\n\n\t<section class=\"section dark\" id=\"section_1276510992\">\n\t\t<div class=\"section-bg fill\" >\n\t\t\t\t\t\t\t\t\t<div class=\"section-bg-overlay absolute fill\"><\/div>\n\t\t\t\n\n\t\t<\/div>\n\n\t\t\n\n\t\t<div class=\"section-content relative\">\n\t\t\t\n\n<div class=\"row row-collapse row-full-width align-middle\"  id=\"row-1562927313\">\n\n\n\t<div id=\"col-520849310\" class=\"col medium-6 small-12 large-6\"  >\n\t\t\t\t<div class=\"col-inner\"  >\n\t\t\t\n\t\t\t\n\n\t<div class=\"img has-hover x md-x lg-x y md-y lg-y\" id=\"image_265334988\">\n\t\t\t\t\t\t\t\t<div class=\"img-inner dark\" >\n\t\t\t<img loading=\"lazy\" decoding=\"async\" width=\"683\" height=\"1024\" src=\"https:\/\/finearts-exclusive.com\/wp-content\/uploads\/2021\/12\/foto_kunstler_ze_nobre-683x1024.jpg\" class=\"attachment-large size-large\" alt=\"\" srcset=\"https:\/\/finearts-exclusive.com\/wp-content\/uploads\/2021\/12\/foto_kunstler_ze_nobre-683x1024.jpg 683w, https:\/\/finearts-exclusive.com\/wp-content\/uploads\/2021\/12\/foto_kunstler_ze_nobre-562x843.jpg 562w, https:\/\/finearts-exclusive.com\/wp-content\/uploads\/2021\/12\/foto_kunstler_ze_nobre-768x1152.jpg 768w, https:\/\/finearts-exclusive.com\/wp-content\/uploads\/2021\/12\/foto_kunstler_ze_nobre-8x12.jpg 8w, https:\/\/finearts-exclusive.com\/wp-content\/uploads\/2021\/12\/foto_kunstler_ze_nobre.jpg 960w\" sizes=\"auto, (max-width: 683px) 100vw, 683px\" \/>\t\t\t\t\t\t\n\t\t\t\t\t<\/div>\n\t\t\t\t\t\t\t\t\n<style>\n#image_265334988 {\n  width: 100%;\n}\n<\/style>\n\t<\/div>\n\t\n\n\t<div id=\"gap-861148837\" class=\"gap-element clearfix\" style=\"display:block; height:auto;\">\n\t\t\n<style>\n#gap-861148837 {\n  padding-top: 50px;\n}\n<\/style>\n\t<\/div>\n\t\n\n\n\t\t<\/div>\n\t\t\t\t\t<\/div>\n\n\t\n\n\t<div id=\"col-1136598027\" class=\"col medium-6 small-12 large-6\"  >\n\t\t\t\t<div class=\"col-inner text-left\"  >\n\t\t\t\n\t\t\t\n\n\t<div id=\"text-3086766554\" class=\"text\">\n\t\t\n\n<h2 class=\"txt-gold\">Z\u00e9 Nobre<\/h2>\n\t\t\n<style>\n#text-3086766554 {\n  font-size: 2rem;\n  text-align: left;\n}\n<\/style>\n\t<\/div>\n\t\n<p><strong>Austria<\/strong><\/p>\n<p>El artista naci\u00f3 en 1945 en Eben, Austria.<\/p>\n<p>Ze Nobre estudi\u00f3 escultura en la Academia de Bellas Artes de Viena. Desde 1975 -despu\u00e9s de trabajar como restaurador, entre otras cosas, de las esculturas libres de los palacios vieneses de Belvedere y Sch\u00f6nbrunn- ha creado numerosas obras escult\u00f3ricas.\u00a0<\/p>\n<p>Al mismo tiempo, llam\u00f3 la atenci\u00f3n con grabados, pasteles y dibujos.<\/p>\n<p>Pero el artista tambi\u00e9n trabajaba a veces de forma figurativa, incluso realista, combinando una excelente t\u00e9cnica con los m\u00e1s altos est\u00e1ndares est\u00e9ticos.<\/p>\n<p>El resultado de su pasi\u00f3n: puro erotismo.\u00a0<\/p>\n<p>Las esculturas de Ze Nobre se realizan en el ARA-Kunst Dr. Fritz Albrecht.<\/p>\n<p>Alcanz\u00f3 la fama mundial gracias a sus esculturas grandes y peque\u00f1as. Sus obras pueden verse en numerosas exposiciones en todo el mundo.<\/p>\n<p>Las grandiosas esculturas de Z\u00e9 Nobre son de una potencia enorme, casi arcaica. En su combinaci\u00f3n del arte moderno de nuestro tiempo con las ideas formales de las culturas antiguas, parecen haber quedado fuera del tiempo.<\/p>\n<a href=\"\/es\/tienda\/?filter_kuenstler=ze-nobre\" class=\"button primary is-outline\" >\n\t\t<span>Obras de Z\u00e9 Nobre<\/span>\n\t<\/a>\n\n\n\n\t\t<\/div>\n\t\t\t\t\n<style>\n#col-1136598027 > .col-inner {\n  padding: 5% 5% 5% 5%;\n}\n<\/style>\n\t<\/div>\n\n\t\n\n<\/div>\n\n\t\t<\/div>\n\n\t\t\n<style>\n#section_1276510992 {\n  padding-top: 0px;\n  padding-bottom: 0px;\n  background-color: rgb(0,0,0);\n}\n#section_1276510992 .section-bg-overlay {\n  background-color: rgba(0, 0, 0, 0.73);\n}\n<\/style>\n\t<\/section>","protected":false},"excerpt":{"rendered":"","protected":false},"author":3,"featured_media":0,"parent":0,"menu_order":0,"comment_status":"closed","ping_status":"closed","template":"page-blank.php","meta":{"_seopress_robots_primary_cat":"","_seopress_titles_title":"","_seopress_titles_desc":"","_seopress_robots_index":"","footnotes":""},"class_list":["post-2513","page","type-page","status-publish","hentry"],"publishpress_future_workflow_manual_trigger":{"enabledWorkflows":[]},"_links":{"self":[{"href":"https:\/\/finearts-exclusive.com\/es\/wp-json\/wp\/v2\/pages\/2513","targetHints":{"allow":["GET"]}}],"collection":[{"href":"https:\/\/finearts-exclusive.com\/es\/wp-json\/wp\/v2\/pages"}],"about":[{"href":"https:\/\/finearts-exclusive.com\/es\/wp-json\/wp\/v2\/types\/page"}],"author":[{"embeddable":true,"href":"https:\/\/finearts-exclusive.com\/es\/wp-json\/wp\/v2\/users\/3"}],"replies":[{"embeddable":true,"href":"https:\/\/finearts-exclusive.com\/es\/wp-json\/wp\/v2\/comments?post=2513"}],"version-history":[{"count":0,"href":"https:\/\/finearts-exclusive.com\/es\/wp-json\/wp\/v2\/pages\/2513\/revisions"}],"wp:attachment":[{"href":"https:\/\/finearts-exclusive.com\/es\/wp-json\/wp\/v2\/media?parent=2513"}],"curies":[{"name":"wp","href":"https:\/\/api.w.org\/{rel}","templated":true}]}}