{"id":30,"date":"2021-10-24T22:36:35","date_gmt":"2021-10-24T20:36:35","guid":{"rendered":"https:\/\/finearts-exclusive.com\/agb"},"modified":"2021-12-09T14:02:12","modified_gmt":"2021-12-09T13:02:12","slug":"agb","status":"publish","type":"page","link":"https:\/\/finearts-exclusive.com\/es\/agb\/","title":{"rendered":"AGB"},"content":{"rendered":"<div class=\"banner has-hover banner-mb\" id=\"banner-150749975\">\n          <div class=\"banner-inner fill\">\n        <div class=\"banner-bg fill\" >\n            <img loading=\"lazy\" decoding=\"async\" width=\"1020\" height=\"159\" src=\"https:\/\/finearts-exclusive.com\/wp-content\/uploads\/2021\/11\/inner-page-banner-bg-1024x160.jpg\" class=\"bg attachment-large size-large\" alt=\"\" \/>                                    \n                    <\/div>\n\t\t\n        <div class=\"banner-layers container\">\n            <div class=\"fill banner-link\"><\/div>            \n\n   <div id=\"text-box-550740364\" class=\"text-box banner-layer x50 md-x50 lg-x50 y50 md-y50 lg-y50 res-text\">\n                                <div class=\"text-box-content text dark\">\n              \n              <div class=\"text-inner text-center\">\n                  \n\n\t<div id=\"text-3300500471\" class=\"text heading-mobile\">\n\t\t\n\n<h1 class=\"uppercase txt-gold\">AGB<\/h1>\n\t\t\t<\/div>\n\t\n<div class=\"is-divider divider clearfix\" style=\"max-width:200px;background-color:rgb(220, 172, 72);\"><\/div>\n\n\n              <\/div>\n           <\/div>\n                            \n<style>\n#text-box-550740364 {\n  width: 90%;\n}\n#text-box-550740364 .text-box-content {\n  font-size: 100%;\n}\n<\/style>\n    <\/div>\n \n\n        <\/div>\n      <\/div>\n\n            \n<style>\n#banner-150749975 {\n  padding-top: 200px;\n  background-color: rgb(0, 0, 0);\n}\n@media (min-width:850px) {\n  #banner-150749975 {\n    padding-top: 300px;\n  }\n}\n<\/style>\n  <\/div>\n\n\n\n\t<section class=\"section\" id=\"section_1755040460\">\n\t\t<div class=\"section-bg fill\" >\n\t\t\t\t\t\t\t\t\t\n\t\t\t\n\n\t\t<\/div>\n\n\t\t\n\n\t\t<div class=\"section-content relative\">\n\t\t\t\n\n<div class=\"row\"  id=\"row-1643911099\">\n\n\n\t<div id=\"col-1448837987\" class=\"col small-12 large-12\"  >\n\t\t\t\t<div class=\"col-inner\"  >\n\t\t\t\n\t\t\t\n\n<h3>Condiciones generales de venta de esculturas de bronce artificial<\/h3>\n<p>Todas las exposiciones adquiridas por el comprador est\u00e1n sujetas a nuestras condiciones generales que figuran a continuaci\u00f3n:<\/p>\n<ul>\n<li>1 Disposiciones generales y \u00e1mbito de aplicaci\u00f3n<\/li>\n<\/ul>\n<p>1.1 Un consumidor en el sentido de las CGC es toda persona f\u00edsica con la que se establece una relaci\u00f3n comercial y que act\u00faa con un prop\u00f3sito que no puede atribuirse ni a su actividad comercial ni a su actividad profesional independiente.<\/p>\n<p>1.2 Un empresario en el sentido de las CGC es toda persona f\u00edsica o jur\u00eddica o sociedad con capacidad jur\u00eddica con la que se establece una relaci\u00f3n comercial y que act\u00faa en el ejercicio de una actividad comercial o profesional independiente.<\/p>\n<p>1.3 Los clientes en el sentido de estas CGC son tanto consumidores como empresarios.<\/p>\n<p>1.4 Las CGC se aplican a toda la relaci\u00f3n comercial entre el cliente y el&nbsp;<strong><em>BELLAS ARTES<\/em><\/strong>Wohnkultur GmbH (abreviado:&nbsp;<strong><em>BELLAS ARTES<\/em><\/strong>)<br \/>En el caso de los empresarios, tambi\u00e9n se aplicar\u00e1n a todas las relaciones comerciales futuras, aunque no se hayan acordado expresamente de nuevo. La versi\u00f3n v\u00e1lida en el momento de la celebraci\u00f3n del contrato ser\u00e1 la autorizada en cada caso.<\/p>\n<p>1.5 Las condiciones que se desv\u00eden, entren en conflicto o complementen estas CGC no formar\u00e1n parte del contrato -aunque se conozcan- a menos que su validez se acuerde expresamente por escrito.<\/p>\n<ul>\n<li>2 Conclusi\u00f3n del contrato en eBay y Amazon<\/li>\n<\/ul>\n<p>2.1 Si un art\u00edculo se coloca en el contexto de una denominada subasta en l\u00ednea, la activaci\u00f3n de la p\u00e1gina de oferta en eBay constituye una oferta vinculante para celebrar un contrato de compra. Esta oferta se dirige al cliente que haga la puja m\u00e1s alta durante el plazo de la subasta en l\u00ednea y cumpla las condiciones adicionales especificadas en la oferta. La oferta puede ser revocada durante el plazo de la subasta en l\u00ednea determinado individualmente.<br \/>Subasta: exclusivamente a trav\u00e9s de la funci\u00f3n de puja que ofrece la plataforma comercial de eBay. El cliente acepta la oferta haciendo una puja. La oferta expira si un tercero presenta una oferta m\u00e1s alta durante la duraci\u00f3n de la subasta en l\u00ednea.<br \/>La hora oficial de eBay es decisiva para medir el plazo de la subasta en l\u00ednea. Con el fin del plazo respectivamente determinado de una subasta en l\u00ednea o en el caso de su terminaci\u00f3n prematura, el contrato se concluye con el cliente que haya hecho la oferta m\u00e1s alta hasta ese momento.<br \/>materializarse.<\/p>\n<p>2.2 Si un art\u00edculo se coloca en el contexto de una llamada subasta en l\u00ednea y tambi\u00e9n se proporciona con la funci\u00f3n \"C\u00f3mpralo ahora\", el contrato con el cliente ya se concluye con el precio fijo determinado en la opci\u00f3n, independientemente del vencimiento del plazo y sin realizar una subasta en l\u00ednea, si el cliente ejerce esta opci\u00f3n. La opci\u00f3n de celebrar el contrato a precio fijo puede ejercerse siempre que no se haya presentado ninguna oferta por el art\u00edculo.<\/p>\n<p>2.3 Si un art\u00edculo est\u00e1 listado exclusivamente bajo el formato de precio fijo, la activaci\u00f3n de la p\u00e1gina de oferta en eBay constituye una oferta vinculante para celebrar un contrato de compra al precio especificado. El contrato con el cliente se concluye en el momento en que el cliente cumple las condiciones, si las hay, contenidas en la oferta, pulsa el bot\u00f3n \"Comprar ahora\" y confirma la transacci\u00f3n con su contrase\u00f1a de eBay.<\/p>\n<ol start=\"3\">\n<li>Derecho de retorno<\/li>\n<\/ol>\n<p>Los consumidores tienen derecho a desistir de los art\u00edculos comprados de acuerdo con las siguientes instrucciones - cuando se aplique la normativa sobre contratos a distancia:<\/p>\n<h5>3.1 Derecho de desistimiento<\/h5>\n<p>Si ha ejercido su derecho de desistimiento conforme a la normativa sobre contratos a distancia, dejar\u00e1 de estar vinculado a su pedido si lo anula en un plazo de 2 semanas tras la recepci\u00f3n de la mercanc\u00eda. La revocaci\u00f3n no tiene que contener un motivo y puede hacerse por escrito (basta con un correo electr\u00f3nico) o mediante la devoluci\u00f3n de la mercanc\u00eda. Para cumplir el plazo, basta con enviar la revocaci\u00f3n a tiempo a:<\/p>\n<p>FINE ARTS Wohnkultur GmbH<br \/>Gwinnerstrasse 40-42<br \/>60388 Frankfurt am Main<br \/>Alemania<br \/>Tel\u00e9fono: ++49-(0)69-94219631<br \/>Fax: ++49-(0)69-94219633<br \/>Correo: info@finearts-exclusive.com<\/p>\n<h5>3.2 Consecuencias de la revocaci\u00f3n<\/h5>\n<p>En caso de revocaci\u00f3n efectiva, los servicios recibidos por ambas partes deben ser devueltos y los beneficios derivados (por ejemplo, los intereses) deben ser entregados. Si no puede devolver la mercanc\u00eda recibida en su totalidad o en parte, o s\u00f3lo en un estado deteriorado, es posible que tenga que indemnizarnos por la p\u00e9rdida de valor. Esto no se aplica si el deterioro de los bienes se debe exclusivamente a su<br \/>La mercanc\u00eda debe devolverse despu\u00e9s de haber sido inspeccionada, como le hubiera sido posible en una tienda, por ejemplo. Adem\u00e1s, puede evitar la obligaci\u00f3n de pagar una indemnizaci\u00f3n si no utiliza el objeto como propietario y se abstiene de hacer cualquier cosa que pueda perjudicar su valor. Los art\u00edculos que pueden enviarse por paquete postal deben devolverse por nuestra cuenta y riesgo, a ser posible en el embalaje original. Nosotros correremos con los gastos de devoluci\u00f3n de la mercanc\u00eda si su pedido no supera un importe de 40 euros. En el caso de pedidos superiores a 40 euros, usted correr\u00e1 con los gastos de env\u00edo de la devoluci\u00f3n. Por favor, selle el paquete suficientemente, le devolveremos el importe del env\u00edo inmediatamente si el valor de la mercanc\u00eda es inferior a 40 euros.<\/p>\n<h5>3.3 Exclusi\u00f3n<\/h5>\n<p>De acuerdo con el art\u00edculo 312 d, apartado 4, del C\u00f3digo Civil alem\u00e1n (BGB), el derecho de devoluci\u00f3n no se aplica a los contratos de suministro de mercanc\u00edas fabricadas seg\u00fan las especificaciones del cliente o claramente adaptadas a las necesidades personales o que, debido a su naturaleza, no son aptas para ser devueltas o pueden estropearse r\u00e1pidamente o cuya fecha de caducidad se superar\u00eda, que se celebran en forma de subasta.<\/p>\n<h5>3.4 Consecuencias del retorno<\/h5>\n<p>En caso de devoluci\u00f3n efectiva, se devolver\u00e1n los servicios recibidos por ambas partes y se entregar\u00e1n los beneficios derivados (por ejemplo, ventajas de uso). En caso de deterioro de la mercanc\u00eda, se podr\u00e1 exigir una indemnizaci\u00f3n. Esto no se aplica si el deterioro de los bienes se debe exclusivamente a su inspecci\u00f3n, como habr\u00eda podido hacer el consumidor en una tienda, por ejemplo.<\/p>\n<ul>\n<li>4 Precios y gastos de entrega y env\u00edo<\/li>\n<\/ul>\n<p>4.1 Los precios indicados en las respectivas ofertas son, sin excepci\u00f3n, precios brutos, es decir, incluyen todos los componentes del precio, incluidos los posibles impuestos.<\/p>\n<p>4.2.&nbsp;<strong><em>BELLAS ARTES&nbsp;<\/em><\/strong>se reserva el derecho de excluir determinados m\u00e9todos de pago. Los detalles de los m\u00e9todos de pago aceptados en el sitio web de eBay correspondiente son decisivos.<\/p>\n<p>4.3 Salvo que se acuerde expresamente lo contrario, todos los precios excluyen el embalaje, el flete, los gastos de env\u00edo y el seguro. Por lo tanto, para el env\u00edo de mercanc\u00edas tanto en el pa\u00eds como en el extranjero, se incurrir\u00e1 en gastos adicionales de entrega y env\u00edo, cuyo importe se determinar\u00e1 de acuerdo con la informaci\u00f3n proporcionada en relaci\u00f3n con la oferta espec\u00edfica.<br \/>dirige.<\/p>\n<p>4.4 Si el cliente exige expresamente un seguro (de transporte) o si dicho seguro est\u00e1 previsto en las dem\u00e1s condiciones del contrato, entonces &nbsp;<strong><em>BELLAS ARTES&nbsp;<\/em><\/strong>tendr\u00e1 derecho a facturar al cliente por separado los costes adicionales que se produzcan como consecuencia de ello.<\/p>\n<p>4.5 El cliente se compromete a pagar todos los importes sin deducci\u00f3n a m\u00e1s tardar 14 d\u00edas despu\u00e9s de la recepci\u00f3n de la solicitud de pago; la recepci\u00f3n del importe por parte del vendedor es determinante. Tras el vencimiento infructuoso del plazo, el cliente quedar\u00e1 liberado del&nbsp;<strong><em>BELLAS ARTES<\/em><\/strong>en caso de impago. Durante el periodo de impago, el consumidor deber\u00e1 pagar intereses sobre la deuda monetaria a un tipo de 5 puntos porcentuales por encima del tipo b\u00e1sico.<\/p>\n<p>En caso de impago, el empresario deber\u00e1 pagar los intereses de la deuda monetaria a un tipo de 8 puntos porcentuales por encima del tipo b\u00e1sico; &nbsp;<strong><em>BELLAS ARTES<\/em><\/strong>se reserva el derecho, sin embargo, de probar y reclamar una mayor indemnizaci\u00f3n por intereses de demora.<\/p>\n<p>4.6 El cliente s\u00f3lo tendr\u00e1 derecho de compensaci\u00f3n si sus contrademandas han sido establecidas por una decisi\u00f3n judicial firme o por &nbsp;<strong><em>BELLAS ARTES<\/em><\/strong>han sido reconocidos. El cliente s\u00f3lo puede ejercer el derecho de retenci\u00f3n si su reconvenci\u00f3n se basa en la misma relaci\u00f3n contractual.<\/p>\n<p>4.7 El cliente asegura haber depositado la direcci\u00f3n de entrega correcta y completa en eBay, as\u00ed como proporcionar los datos correctos de la cuenta en el caso de acordar el procedimiento de domiciliaci\u00f3n bancaria. Si se producen costes adicionales debido a datos incorrectos -como gastos de env\u00edo adicionales o costes de devoluci\u00f3n de notas de d\u00e9bito-, el cliente debe reembolsarlos.<\/p>\n<ul>\n<li>5 Plazo de entrega y ejecuci\u00f3n y condiciones de env\u00edo<\/li>\n<\/ul>\n<p>El de&nbsp;<strong><em>BELLAS ARTES<\/em><\/strong>Wohnkultur GmbH no son vinculantes, a menos que se acuerde expresamente lo contrario por escrito. Incluso los periodos y plazos de entrega acordados de forma vinculante est\u00e1n sujetos a la entrega puntual por parte de nuestros proveedores anteriores. No es responsable de&nbsp;<strong><em>BELLAS ARTES<\/em><\/strong>Wohnkultur GmbH tambi\u00e9n en este caso retrasa la entrega y la prestaci\u00f3n por fuerza mayor y por acontecimientos que se producen durante la fabricaci\u00f3n y que nos dificultan considerablemente o imposibilitan la entrega (dificultades de adquisici\u00f3n de material que se produzcan posteriormente, interrupciones operativas, huelga, cierre patronal, falta de personal, falta de medios de transporte, \u00f3rdenes oficiales, etc.).<\/p>\n<p>En este caso&nbsp;<strong><em>BELLAS ARTES<\/em><\/strong>Wohnkultur GmbH tiene derecho a aplazar la entrega o la prestaci\u00f3n por la duraci\u00f3n del impedimento m\u00e1s un periodo de puesta en marcha razonable o a rescindir el contrato total o parcialmente por la parte a\u00fan no cumplida.<\/p>\n<p>Si el impedimento dura m\u00e1s de seis meses, el comprador tiene derecho, tras fijar un plazo razonable, a rescindir el contrato con respecto a la parte a\u00fan no cumplida. Quedan excluidas las reclamaciones, en particular las reclamaciones por da\u00f1os y perjuicios de cualquier tipo.<\/p>\n<p><strong><em>BELLAS ARTES<\/em><\/strong>Wohnkultur GmbH est\u00e1 autorizada a realizar entregas y prestaciones parciales en cualquier momento.<\/p>\n<p>5.1 Salvo que se acuerde expresamente lo contrario en casos excepcionales, la entrega de los art\u00edculos se realizar\u00e1 siempre contra pago anticipado.<\/p>\n<p>5.2 Las entregas parciales est\u00e1n permitidas siempre que sean razonables para el cliente.<\/p>\n<p>5.3 A menos que se acuerde expresamente con usted como cliente, el m\u00e9todo de env\u00edo ser\u00e1 a discreci\u00f3n del Vendedor.<\/p>\n<ul>\n<li>6 Transferencia del riesgo<\/li>\n<\/ul>\n<p>6.1 En el caso de los empresarios, el riesgo de p\u00e9rdida accidental y de deterioro accidental de la mercanc\u00eda vendida se transmitir\u00e1 al comprador en el momento de la entrega al comprador o a una persona autorizada para recibir la mercanc\u00eda, o, en el caso de la venta en destino, en el momento de la entrega de la mercanc\u00eda a un transportista adecuado, a un transitario o a otra persona.<br \/>o a la persona o instituci\u00f3n designada para entregar el env\u00edo.<\/p>\n<p>6.2 En el caso de los consumidores, el riesgo de p\u00e9rdida accidental y de deterioro accidental de la cosa vendida se transmitir\u00e1 siempre al consumidor en el momento de la entrega de la mercanc\u00eda.<\/p>\n<p>6.3 La entrega se considerar\u00e1 efectuada si el cliente se retrasa en la aceptaci\u00f3n.<\/p>\n<ol start=\"7\">\n<li>Garant\u00eda<\/li>\n<\/ol>\n<h5>7.1 Cumplimiento posterior del Vendedor<\/h5>\n<p>Los consumidores tienen la posibilidad de elegir si la prestaci\u00f3n complementaria se realiza mediante reparaci\u00f3n o sustituci\u00f3n. &nbsp;<strong><em>BELLAS ARTES<\/em><\/strong>No obstante, el Proveedor tendr\u00e1 derecho a cambiar el tipo de complemento<br \/>si s\u00f3lo es posible con costes desproporcionados y el otro tipo de prestaciones complementarias no presenta desventajas significativas para el consumidor.<\/p>\n<p>En el caso de los empresarios &nbsp;<strong><em>BELLAS ARTES<\/em><\/strong>&nbsp;&nbsp;ofrecer\u00e1 inicialmente una garant\u00eda por los defectos de la mercanc\u00eda, a su discreci\u00f3n, rectificando el defecto o suministrando un reemplazo. El cliente no tiene derecho a reclamar una<br \/>subsanar el defecto por s\u00ed mismo o hacerlo subsanar por un tercero (autoejecuci\u00f3n); los gastos ocasionados por este motivo no se reembolsar\u00e1n al cliente.<\/p>\n<h5>7.2 Otros derechos de garant\u00eda<\/h5>\n<p>Si la prestaci\u00f3n complementaria ha fracasado, el cliente puede, a su discreci\u00f3n, reducir la remuneraci\u00f3n (reducci\u00f3n), rescatar el contrato (desistimiento), reclamar da\u00f1os y perjuicios o una indemnizaci\u00f3n de acuerdo con las disposiciones legales.<br \/>exigir el reembolso de los gastos in\u00fatiles. Si el cliente opta por la indemnizaci\u00f3n por da\u00f1os y perjuicios o reclama gastos in\u00fatiles, se aplicar\u00e1n las limitaciones de responsabilidad seg\u00fan el art\u00edculo 9 de estas CGC.<\/p>\n<h5>7.3 Plazos de garant\u00eda<\/h5>\n<p>En el caso de los bienes nuevos, el plazo de prescripci\u00f3n para los consumidores es de dos a\u00f1os y para los empresarios de un a\u00f1o desde la entrega de los bienes. Las exenciones de la prescripci\u00f3n asociadas a estos per\u00edodos no se aplican en la medida en que&nbsp;<strong><em>BELLAS ARTES<\/em><\/strong>seg\u00fan el art\u00edculo 8 de estas CGC o se refiere al derecho real de un tercero, en base al cual el<br \/>se puede exigir la entrega del objeto de entrega.<\/p>\n<h5>7.4 Obligaci\u00f3n de notificar los defectos<\/h5>\n<p>Los empresarios deben informar por escrito de los defectos evidentes en un plazo de dos semanas a partir de la recepci\u00f3n de la mercanc\u00eda, utilizando los datos de contacto indicados anteriormente; de lo contrario, se excluye la reclamaci\u00f3n de la garant\u00eda. Para cumplir el plazo, basta con enviar el<br \/>Aviso de defecto. El empresario asumir\u00e1 toda la carga de la prueba para todos los requisitos previos a la reclamaci\u00f3n, en particular para el propio defecto, para el momento del descubrimiento del defecto y para la puntualidad de la notificaci\u00f3n del defecto.<\/p>\n<h5>7.5 Notificaci\u00f3n de cualquier da\u00f1o de transporte<\/h5>\n<p>En caso de da\u00f1os de transporte, el cliente se compromete a informar inmediatamente a&nbsp;<strong><em>BELLAS ARTES<\/em><\/strong>y a apoyarle en la medida de sus posibilidades para hacer valer cualquier reclamaci\u00f3n contra la respectiva empresa de transporte o el seguro de transporte. Por lo tanto, el cliente est\u00e1 obligado, entre otras cosas, a informar al transportista de cualquier p\u00e9rdida o da\u00f1o de la mercanc\u00eda inmediatamente despu\u00e9s de<br \/>entrega, en la medida en que \u00e9sta sea reconocible externamente; deber\u00e1 notificar al<br \/>Guarde el envase en un lugar seguro.<\/p>\n<p>Si la p\u00e9rdida o el da\u00f1o no son reconocibles externamente, el cliente debe informar a la empresa de transporte en un plazo de 7 d\u00edas desde la entrega, as\u00ed como &nbsp;<strong><em>BELLAS ARTES<\/em><\/strong>Visualizaci\u00f3n.<\/p>\n<h5>7.6 Condiciones de la garant\u00eda<\/h5>\n<p>La mera presentaci\u00f3n de las mercanc\u00edas debe considerarse como una mera descripci\u00f3n de las prestaciones, en ning\u00fan caso como garant\u00eda de la calidad de las mismas. S\u00f3lo asumimos una garant\u00eda por la calidad de la mercanc\u00eda si lo hemos confirmado expresamente por separado y por escrito.<\/p>\n<h5>7.7 Ning\u00fan defecto material<\/h5>\n<p>La mercanc\u00eda representada en las ofertas puede diferir, naturalmente, del aspecto de la mercanc\u00eda entregada. Una desviaci\u00f3n de la mercanc\u00eda representada en las ofertas con respecto al aspecto de la mercanc\u00eda entregada no constituye un defecto material.<\/p>\n<ul>\n<li>8 Responsabilidad<\/li>\n<\/ul>\n<p>8.1 De acuerdo con las disposiciones legales, ser\u00e1n responsables&nbsp;<strong><em>BELLAS ARTES<\/em><\/strong>El Proveedor ser\u00e1 responsable, sin limitaci\u00f3n alguna, de los da\u00f1os y perjuicios resultantes de un incumplimiento intencionado o negligente de sus obligaciones por parte del Proveedor, sus representantes legales o sus empleados.<br \/>o sus auxiliares ejecutivos, as\u00ed como por otros da\u00f1os resultantes de un incumplimiento intencionado o por negligencia grave de sus obligaciones, as\u00ed como por la intenci\u00f3n fraudulenta de sus representantes legales o auxiliares ejecutivos. Adem\u00e1s<br \/>Adem\u00e1s, la responsabilidad&nbsp;<strong><em>BELLAS ARTES<\/em><\/strong>sin limitaci\u00f3n por los da\u00f1os cubiertos por la responsabilidad en virtud de las disposiciones legales obligatorias, como la Ley de Responsabilidad por Productos.<\/p>\n<p>8.2 Por los da\u00f1os causados por simple negligencia, ser\u00e1n responsables&nbsp;<strong><em>BELLAS ARTES<\/em><\/strong>en la medida en que la negligencia se refiera al incumplimiento de tales obligaciones contractuales, cuyo cumplimiento es de especial importancia para la consecuci\u00f3n del objeto del contrato (obligaciones cardinales); en este caso, sin embargo, la responsabilidad se limitar\u00e1 al da\u00f1o medio previsible y directo t\u00edpico del contrato.<\/p>\n<p>8.3 En caso de incumplimiento por negligencia leve de las obligaciones contractuales inmateriales, la responsabilidad ser\u00e1&nbsp;<strong><em>FINE<\/em><\/strong><strong><em>ARTS<\/em><\/strong>no frente a los empresarios; frente a los consumidores, la responsabilidad est\u00e1 limitada en<br \/>en estos casos al da\u00f1o medio previsible y directo t\u00edpico del contrato.<\/p>\n<p>8.4 Queda excluida cualquier otra responsabilidad, independientemente de la naturaleza jur\u00eddica de la reclamaci\u00f3n presentada; esto tambi\u00e9n se aplica, entre otras cosas, a las reclamaciones extracontractuales.<\/p>\n<p>8.5 En la medida en que se excluya o limite la responsabilidad arriba mencionada, esto tambi\u00e9n se aplicar\u00e1 a la responsabilidad personal de los empleados, trabajadores, personal y auxiliares ejecutivos.<\/p>\n<p>Estas exclusiones de responsabilidad no se aplicar\u00e1n en caso de asunci\u00f3n de una garant\u00eda por la calidad de un art\u00edculo en el sentido del art\u00edculo 444 del C\u00f3digo Civil alem\u00e1n, en caso de ocultaci\u00f3n fraudulenta de un defecto, en caso de da\u00f1os derivados de lesiones a la vida, la integridad f\u00edsica o la salud y en caso de responsabilidad en virtud de la Ley de Responsabilidad por Productos.<\/p>\n<ol start=\"9\">\n<li>Conservaci\u00f3n del t\u00edtulo<\/li>\n<\/ol>\n<p>La mercanc\u00eda entregada a usted sigue siendo de nuestra propiedad hasta que se haya efectuado el pago completo.<\/p>\n<ol start=\"10\">\n<li>Protecci\u00f3n de datos<\/li>\n<\/ol>\n<p>A efectos de control interno de los pedidos, almacenamos los datos absolutamente necesarios para ello, como la fecha de su pedido y la hora de env\u00edo de la entrega a usted. Esta informaci\u00f3n se facilita de conformidad con lo dispuesto en el apartado 1 del art\u00edculo 33.<br \/>Ley Federal de Protecci\u00f3n de Datos (BDSG).<\/p>\n<ol start=\"11\">\n<li>Disposiciones finales<\/li>\n<\/ol>\n<p>11.1 Se aplicar\u00e1 la legislaci\u00f3n de la Rep\u00fablica Federal de Alemania. En el caso de los consumidores que no celebren el contrato con fines profesionales o comerciales, esta elecci\u00f3n de la ley s\u00f3lo se aplicar\u00e1 en la medida en que la protecci\u00f3n concedida no est\u00e9 limitada por disposiciones legales imperativas.<br \/>se retiran las disposiciones de la ley del pa\u00eds en el que el consumidor tiene su residencia habitual.<\/p>\n<p>No se aplicar\u00e1n las disposiciones de la Convenci\u00f3n de las Naciones Unidas sobre los Contratos de Compraventa Internacional de Mercader\u00edas (Convenci\u00f3n de las Naciones Unidas sobre la Compraventa).<\/p>\n<p>11.2 El lugar de cumplimiento para todas las reclamaciones contractuales y legales es, a menos que se estipule lo contrario o las disposiciones legales obligatorias entren en conflicto, el domicilio social de FINE ARTS Wohnkultur Gmbh; 60388 Frankfurt\/Main-Alemania.<\/p>\n<p>11.3 Si el cliente no tiene un fuero general en Alemania o si se desconoce su lugar de residencia o domicilio habitual en el momento de interponer la demanda, el fuero exclusivo para todos los litigios derivados de este contrato es<br \/>El contrato ser\u00e1 tambi\u00e9n el lugar de trabajo de&nbsp;<strong><em>BELLAS ARTES<\/em><\/strong>. Sin embargo, este \u00faltimo tambi\u00e9n est\u00e1 autorizado a presentar una demanda ante el tribunal de otro lugar de jurisdicci\u00f3n legal.<\/p>\n<p>11.4 Si alguna de las disposiciones del contrato con el cliente, incluidas estas CGC, es o llega a ser inv\u00e1lida en su totalidad o en parte, o si los acuerdos contienen una laguna, esto no afectar\u00e1 a la validez de las disposiciones restantes. En estos casos, las partes se comprometen a sustituir la disposici\u00f3n total o parcialmente inv\u00e1lida por otra v\u00e1lida.<br \/>La disposici\u00f3n inv\u00e1lida ser\u00e1 sustituida por una disposici\u00f3n cuyo efecto econ\u00f3mico se aproxime lo m\u00e1s posible al de la disposici\u00f3n inv\u00e1lida.<\/p>\n<ol start=\"12\">\n<li><strong>Pie de imprenta<\/strong><\/li>\n<\/ol>\n<p><strong>&nbsp;<\/strong><strong><em>BELLAS ARTES&nbsp;<\/em><\/strong>Wohnkultur GmbH<\/p>\n<p>Gwinnerstrasse 40-42<\/p>\n<p>60388 Frankfurt am Main<\/p>\n<p>Tel.: +49-(0)69-94219631<br \/>Fax: +49-(0)69-94219633<\/p>\n<p>E-Mail:info@finearts-exclusive.com<\/p>\n<p>Director General: Goetz Albert KAHL<\/p>\n<p>Tribunal local: Frankfurt am Main HRB 38716<\/p>\n<p>N\u00famero de impuesto 4523322677<\/p>\n<p>N\u00famero de identificaci\u00f3n fiscal: DE166523935<\/p>\n\n\n\t\t<\/div>\n\t\t\t\t\t<\/div>\n\n\t\n\n<\/div>\n\n\t\t<\/div>\n\n\t\t\n<style>\n#section_1755040460 {\n  padding-top: 60px;\n  padding-bottom: 60px;\n}\n<\/style>\n\t<\/section>","protected":false},"excerpt":{"rendered":"","protected":false},"author":3,"featured_media":0,"parent":0,"menu_order":0,"comment_status":"closed","ping_status":"closed","template":"page-blank.php","meta":{"_seopress_robots_primary_cat":"","_seopress_titles_title":"","_seopress_titles_desc":"","_seopress_robots_index":"","footnotes":""},"class_list":["post-30","page","type-page","status-publish","hentry"],"publishpress_future_workflow_manual_trigger":{"enabledWorkflows":[]},"_links":{"self":[{"href":"https:\/\/finearts-exclusive.com\/es\/wp-json\/wp\/v2\/pages\/30","targetHints":{"allow":["GET"]}}],"collection":[{"href":"https:\/\/finearts-exclusive.com\/es\/wp-json\/wp\/v2\/pages"}],"about":[{"href":"https:\/\/finearts-exclusive.com\/es\/wp-json\/wp\/v2\/types\/page"}],"author":[{"embeddable":true,"href":"https:\/\/finearts-exclusive.com\/es\/wp-json\/wp\/v2\/users\/3"}],"replies":[{"embeddable":true,"href":"https:\/\/finearts-exclusive.com\/es\/wp-json\/wp\/v2\/comments?post=30"}],"version-history":[{"count":0,"href":"https:\/\/finearts-exclusive.com\/es\/wp-json\/wp\/v2\/pages\/30\/revisions"}],"wp:attachment":[{"href":"https:\/\/finearts-exclusive.com\/es\/wp-json\/wp\/v2\/media?parent=30"}],"curies":[{"name":"wp","href":"https:\/\/api.w.org\/{rel}","templated":true}]}}