{"id":31,"date":"2021-10-24T22:36:35","date_gmt":"2021-10-24T20:36:35","guid":{"rendered":"https:\/\/finearts-exclusive.com\/widerrufsbelehrung"},"modified":"2021-12-09T14:06:40","modified_gmt":"2021-12-09T13:06:40","slug":"politica-de-cancelacion","status":"publish","type":"page","link":"https:\/\/finearts-exclusive.com\/es\/widerrufsbelehrung\/","title":{"rendered":"Pol\u00edtica de cancelaci\u00f3n"},"content":{"rendered":"<div class=\"banner has-hover banner-mb\" id=\"banner-689035253\">\n          <div class=\"banner-inner fill\">\n        <div class=\"banner-bg fill\" >\n            <img loading=\"lazy\" decoding=\"async\" width=\"1020\" height=\"159\" src=\"https:\/\/finearts-exclusive.com\/wp-content\/uploads\/2021\/11\/inner-page-banner-bg-1024x160.jpg\" class=\"bg attachment-large size-large\" alt=\"\" \/>                                    \n                    <\/div>\n\t\t\n        <div class=\"banner-layers container\">\n            <div class=\"fill banner-link\"><\/div>            \n\n   <div id=\"text-box-1571949323\" class=\"text-box banner-layer x50 md-x50 lg-x50 y50 md-y50 lg-y50 res-text\">\n                                <div class=\"text-box-content text dark\">\n              \n              <div class=\"text-inner text-center\">\n                  \n\n\t<div id=\"text-2358638526\" class=\"text heading-mobile\">\n\t\t\n\n<h1 class=\"uppercase txt-gold\">Pol\u00edtica de cancelaci\u00f3n<\/h1>\n\t\t\t<\/div>\n\t\n<div class=\"is-divider divider clearfix\" style=\"max-width:200px;background-color:rgb(220, 172, 72);\"><\/div>\n\n\n              <\/div>\n           <\/div>\n                            \n<style>\n#text-box-1571949323 {\n  width: 85%;\n}\n#text-box-1571949323 .text-box-content {\n  font-size: 100%;\n}\n<\/style>\n    <\/div>\n \n\n        <\/div>\n      <\/div>\n\n            \n<style>\n#banner-689035253 {\n  padding-top: 200px;\n  background-color: rgb(0, 0, 0);\n}\n@media (min-width:550px) {\n  #banner-689035253 {\n    padding-top: 300px;\n  }\n}\n<\/style>\n  <\/div>\n\n\n\n\t<section class=\"section\" id=\"section_1097687916\">\n\t\t<div class=\"section-bg fill\" >\n\t\t\t\t\t\t\t\t\t\n\t\t\t\n\n\t\t<\/div>\n\n\t\t\n\n\t\t<div class=\"section-content relative\">\n\t\t\t\n\n<div class=\"row\"  id=\"row-1223938761\">\n\n\n\t<div id=\"col-358259664\" class=\"col small-12 large-12\"  >\n\t\t\t\t<div class=\"col-inner\"  >\n\t\t\t\n\t\t\t\n\n<h2><strong>Derecho de desistimiento<\/strong><\/h2>\n<p>Tiene derecho a rescindir este contrato en un plazo de catorce d\u00edas sin indicar el motivo. El plazo de desistimiento es de catorce d\u00edas a partir del d\u00eda en que usted o un tercero nombrado por usted, que no sea el transportista, haya tomado posesi\u00f3n de los bienes.<\/p>\n<p>Para ejercer su derecho de desistimiento, deber\u00e1 informarnos (FINE ARTS Wohnkultur GmbH, Gwinnerstrasse 40-42, 60388 Frankfurt am Main, Alemania, tel\u00e9fono +49 (0) 69 942196-31) mediante una declaraci\u00f3n clara (por ejemplo, una carta enviada por correo postal, fax o correo electr\u00f3nico) de su decisi\u00f3n de desistir del presente contrato. Para ello puede utilizar el modelo de formulario de desistimiento adjunto, que sin embargo no es obligatorio.Para cumplir el plazo de desistimiento, basta con que env\u00ede la notificaci\u00f3n del ejercicio del derecho de desistimiento antes de que expire el plazo de desistimiento.<\/p>\n<h2><strong>Consecuencias de la revocaci\u00f3n<\/strong><\/h2>\n<p>Si rescinde el contrato, deberemos devolverle todos los pagos que hayamos recibido de usted, incluidos los gastos de env\u00edo (a excepci\u00f3n de los gastos adicionales resultantes del hecho de que haya elegido un tipo de env\u00edo distinto al env\u00edo est\u00e1ndar m\u00e1s barato que ofrecemos), sin demora y a m\u00e1s tardar en un plazo de catorce d\u00edas a partir del d\u00eda en que hayamos recibido la notificaci\u00f3n de su rescisi\u00f3n del contrato. Para este reembolso, utilizaremos el mismo medio de pago que usted utiliz\u00f3 en la transacci\u00f3n original, salvo que se acuerde expresamente lo contrario con usted; en ning\u00fan caso se le reembolsar\u00e1 por<br \/>Podemos negarnos a reembolsarle el dinero hasta que hayamos recibido la mercanc\u00eda o hasta que haya presentado una prueba de que la ha devuelto. Podremos denegar el reembolso hasta que hayamos recibido la mercanc\u00eda o hasta que usted haya presentado una prueba de que ha devuelto la mercanc\u00eda, lo que ocurra primero.<\/p>\n<p>Deber\u00e1 devolvernos o entregarnos los bienes inmediatamente y, en cualquier caso, en un plazo m\u00e1ximo de catorce d\u00edas a partir del d\u00eda en que nos notifique la cancelaci\u00f3n de este contrato. El plazo se cumple si env\u00eda la mercanc\u00eda antes de que expire el plazo de catorce d\u00edas. Usted correr\u00e1 con los gastos directos de devoluci\u00f3n de la mercanc\u00eda.<\/p>\n<h2><strong>Modelo de formulario de anulaci\u00f3n<\/strong><\/h2>\n<p>(Si desea anular el contrato, rellene y devuelva este formulario).<\/p>\n<ul>\n<li>A<span>&nbsp;<\/span><strong>FINE ARTS Wohnkultur GmbH, Gwinnerstrasse 40-42, 60388 Frankfurt am Main, Alemania<\/strong>:<\/li>\n<li>Yo\/nosotros revocamos (*)<em><span>&nbsp;<\/span>la de yo\/nosotros (*)<\/em><span>&nbsp;<\/span>contrato celebrado para la compra de los siguientes bienes (*)<em>\/la prestaci\u00f3n del siguiente servicio (*)<\/em><\/li>\n<li>Pedido en (*)<em>\/recibido el (*)<\/em><\/li>\n<li>Nombre del consumidor(es)<\/li>\n<li>Direcci\u00f3n del consumidor o consumidores<\/li>\n<li>Firma del consumidor o consumidores (s\u00f3lo en caso de notificaci\u00f3n en papel)<\/li>\n<li>Fecha<\/li>\n<\/ul>\n<p>(*) T\u00e1chese lo que proceda.<\/p>\n\n\n\t\t<\/div>\n\t\t\t\t\t<\/div>\n\n\t\n\n<\/div>\n\n\t\t<\/div>\n\n\t\t\n<style>\n#section_1097687916 {\n  padding-top: 60px;\n  padding-bottom: 60px;\n}\n<\/style>\n\t<\/section>","protected":false},"excerpt":{"rendered":"","protected":false},"author":3,"featured_media":0,"parent":0,"menu_order":0,"comment_status":"closed","ping_status":"closed","template":"page-blank.php","meta":{"_seopress_robots_primary_cat":"","_seopress_titles_title":"","_seopress_titles_desc":"","_seopress_robots_index":"","footnotes":""},"class_list":["post-31","page","type-page","status-publish","hentry"],"publishpress_future_workflow_manual_trigger":{"enabledWorkflows":[]},"_links":{"self":[{"href":"https:\/\/finearts-exclusive.com\/es\/wp-json\/wp\/v2\/pages\/31","targetHints":{"allow":["GET"]}}],"collection":[{"href":"https:\/\/finearts-exclusive.com\/es\/wp-json\/wp\/v2\/pages"}],"about":[{"href":"https:\/\/finearts-exclusive.com\/es\/wp-json\/wp\/v2\/types\/page"}],"author":[{"embeddable":true,"href":"https:\/\/finearts-exclusive.com\/es\/wp-json\/wp\/v2\/users\/3"}],"replies":[{"embeddable":true,"href":"https:\/\/finearts-exclusive.com\/es\/wp-json\/wp\/v2\/comments?post=31"}],"version-history":[{"count":0,"href":"https:\/\/finearts-exclusive.com\/es\/wp-json\/wp\/v2\/pages\/31\/revisions"}],"wp:attachment":[{"href":"https:\/\/finearts-exclusive.com\/es\/wp-json\/wp\/v2\/media?parent=31"}],"curies":[{"name":"wp","href":"https:\/\/api.w.org\/{rel}","templated":true}]}}