{"id":32,"date":"2021-10-24T22:36:35","date_gmt":"2021-10-24T20:36:35","guid":{"rendered":"https:\/\/finearts-exclusive.com\/versandarten"},"modified":"2024-08-28T08:52:48","modified_gmt":"2024-08-28T06:52:48","slug":"metodos-de-envio","status":"publish","type":"page","link":"https:\/\/finearts-exclusive.com\/es\/versandarten\/","title":{"rendered":"Gastos de env\u00edo"},"content":{"rendered":"<div class=\"banner has-hover banner-mb\" id=\"banner-49489908\">\n          <div class=\"banner-inner fill\">\n        <div class=\"banner-bg fill\" >\n            <img loading=\"lazy\" decoding=\"async\" width=\"1020\" height=\"159\" src=\"https:\/\/finearts-exclusive.com\/wp-content\/uploads\/2021\/11\/inner-page-banner-bg-1024x160.jpg\" class=\"bg attachment-large size-large\" alt=\"\" \/>                                    \n                    <\/div>\n\t\t\n        <div class=\"banner-layers container\">\n            <div class=\"fill banner-link\"><\/div>            \n\n   <div id=\"text-box-1476587793\" class=\"text-box banner-layer x50 md-x50 lg-x50 y50 md-y50 lg-y50 res-text\">\n                                <div class=\"text-box-content text dark\">\n              \n              <div class=\"text-inner text-center\">\n                  \n\n\t<div id=\"text-2263036259\" class=\"text heading-mobile\">\n\t\t\n\n<h1 class=\"uppercase txt-gold\">Gastos de env\u00edo<\/h1>\n\t\t\t<\/div>\n\t\n<div class=\"is-divider divider clearfix\" style=\"max-width:200px;background-color:rgb(220, 172, 72);\"><\/div>\n\n\n              <\/div>\n           <\/div>\n                            \n<style>\n#text-box-1476587793 {\n  width: 90%;\n}\n#text-box-1476587793 .text-box-content {\n  font-size: 100%;\n}\n<\/style>\n    <\/div>\n \n\n        <\/div>\n      <\/div>\n\n            \n<style>\n#banner-49489908 {\n  padding-top: 200px;\n  background-color: rgb(0, 0, 0);\n}\n@media (min-width:550px) {\n  #banner-49489908 {\n    padding-top: 300px;\n  }\n}\n<\/style>\n  <\/div>\n\n\n\n\t<section class=\"section\" id=\"section_221378719\">\n\t\t<div class=\"section-bg fill\" >\n\t\t\t\t\t\t\t\t\t\n\t\t\t\n\n\t\t<\/div>\n\n\t\t\n\n\t\t<div class=\"section-content relative\">\n\t\t\t\n\n<div class=\"row\"  id=\"row-558532041\">\n\n\n\t<div id=\"col-192641721\" class=\"col small-12 large-12\"  >\n\t\t\t\t<div class=\"col-inner\"  >\n\t\t\t\n\t\t\t\n\n<p>Enviamos a todo el mundo a los pa\u00edses indicados a continuaci\u00f3n. Nuestros gastos de env\u00edo dependen de las dimensiones y el peso de los productos, as\u00ed como de la direcci\u00f3n del destinatario.<\/p>\n<p><strong>ZONA 1<\/strong>\u00a0B\u00e9lgica, Alemania, Luxemburgo, Pa\u00edses Bajos<\/p>\n<p><strong>ZONA 2<\/strong>\u00a0Austria, Rep\u00fablica Checa, Dinamarca, Francia, M\u00f3naco, Polonia, San Marino, Espa\u00f1a<\/p>\n<p><strong>ZONA 3<\/strong>\u00a0Bulgaria, Croacia, Chipre, Estonia, Finlandia, Grecia, Hungr\u00eda, Irlanda, Islandia, Italia, Letonia, Liechtenstein, Lituania, Noruega, Portugal, Ruman\u00eda, Eslovaquia, Eslovenia, Suecia, Suiza, Reino Unido, Islas Canarias, Malta,<\/p>\n<p><strong>ZONA 4<\/strong>\u00a0Bosnia y Herzegovina, Macedonia, Serbia, Ucrania, Rusia, Albania, Bielorrusia, Moldavia, Montenegro, Turqu\u00eda<\/p>\n<p><strong>ZONA 5<\/strong>Canad\u00e1, M\u00e9xico, Estados Unidos,<\/p>\n<p><strong>ZONA 6<\/strong>\u00a0: China, Hong Kong, India, Jap\u00f3n, Singapur, Taiw\u00e1n, Tailandia, Israel, Egipto, Argentina, Brasil, Indonesia, Qatar, Corea, Kuwait, Malasia, Nigeria, Omar, Paraguay, Filipinas, Arabia Saud\u00ed, Sud\u00e1frica, EAU, Australia, Nueva Zelanda<\/p>\n\n\n\t\t<\/div>\n\t\t\t\t\t<\/div>\n\n\t\n\n<\/div>\n\n\t\t<\/div>\n\n\t\t\n<style>\n#section_221378719 {\n  padding-top: 60px;\n  padding-bottom: 60px;\n}\n<\/style>\n\t<\/section>","protected":false},"excerpt":{"rendered":"","protected":false},"author":3,"featured_media":0,"parent":0,"menu_order":0,"comment_status":"closed","ping_status":"closed","template":"page-blank.php","meta":{"_seopress_robots_primary_cat":"","_seopress_titles_title":"","_seopress_titles_desc":"","_seopress_robots_index":"yes","footnotes":""},"class_list":["post-32","page","type-page","status-publish","hentry"],"publishpress_future_workflow_manual_trigger":{"enabledWorkflows":[]},"_links":{"self":[{"href":"https:\/\/finearts-exclusive.com\/es\/wp-json\/wp\/v2\/pages\/32","targetHints":{"allow":["GET"]}}],"collection":[{"href":"https:\/\/finearts-exclusive.com\/es\/wp-json\/wp\/v2\/pages"}],"about":[{"href":"https:\/\/finearts-exclusive.com\/es\/wp-json\/wp\/v2\/types\/page"}],"author":[{"embeddable":true,"href":"https:\/\/finearts-exclusive.com\/es\/wp-json\/wp\/v2\/users\/3"}],"replies":[{"embeddable":true,"href":"https:\/\/finearts-exclusive.com\/es\/wp-json\/wp\/v2\/comments?post=32"}],"version-history":[{"count":0,"href":"https:\/\/finearts-exclusive.com\/es\/wp-json\/wp\/v2\/pages\/32\/revisions"}],"wp:attachment":[{"href":"https:\/\/finearts-exclusive.com\/es\/wp-json\/wp\/v2\/media?parent=32"}],"curies":[{"name":"wp","href":"https:\/\/api.w.org\/{rel}","templated":true}]}}