{"id":326,"date":"2021-11-06T13:12:48","date_gmt":"2021-11-06T12:12:48","guid":{"rendered":"https:\/\/finearts-exclusive.com\/p\/unkategorisiert\/david-super-size\/"},"modified":"2023-02-22T19:25:11","modified_gmt":"2023-02-22T18:25:11","slug":"david-super-size","status":"publish","type":"product","link":"https:\/\/finearts-exclusive.com\/es\/p\/luxus-bronzeskulpturen\/david-super-size\/","title":{"rendered":"David - Super Size"},"content":{"rendered":"<p>Con esta estatua del \"David\", el florentino Miguel \u00c1ngel abri\u00f3 un nuevo camino en el arte escult\u00f3rico del Alto Renacimiento. La m\u00e1s evidente es su concepci\u00f3n y representaci\u00f3n natural del cuerpo humano masculino.<\/p>\n<p>La exclusiva <strong>Escultura de bronce David de gran tama\u00f1o<\/strong> representa al David b\u00edblico en el momento en que se pone la honda al hombro y emprende la lucha contra el gigante Goliat. En esta escultura de bronce, el cuerpo de David aparece en una posici\u00f3n relajada de contra, llevando despreocupadamente la honda sobre su hombro izquierdo. La tensi\u00f3n de la batalla es reconocible en las venas salientes de la mano derecha que encierra el proyectil, pero sobre todo en el cuello y el rostro. Los tendones del cuello tensos, los labios y las fosas nasales tensas, as\u00ed como los ojos y la frente hacen de la escultura de bronce David Super Size una obra maestra de la \u00f3ptica. El aspecto del <strong>David escultura de bronce <\/strong>se dirige hacia un punto en la distancia. Miguel \u00c1ngel llama la atenci\u00f3n del espectador sobre la inminente victoria.<\/p>\n<p>El desnudo masculino, el David en m\u00e1rmol, fue completado por Miguel \u00c1ngel en 1504, una de las mayores obras de arte jam\u00e1s creadas por la humanidad. Ninguna otra obra de arte puede igualarla en ning\u00fan aspecto, con proporciones tan perfectas, belleza y excelencia de expresi\u00f3n.<\/p>\n<p>La creaci\u00f3n de la maravilla de Miguel \u00c1ngel caus\u00f3 una impresi\u00f3n tan profunda en nuestro artista Don Alberto que cre\u00f3 en un tama\u00f1o monumental la <strong>Escultura de bronce de David<\/strong> ha creado. El <strong>Estatua de bronce de David de gran tama\u00f1o<\/strong> es un homenaje al escultor m\u00e1s famoso que ha producido la humanidad.<\/p>","protected":false},"excerpt":{"rendered":"<p>Mit dieser Statue des \u201eDavid\u201c beschritt der Florentiner Michelangelo neue Wege in der Bildhauer Kunst der Hochrenaissance. Am deutlichsten ist seine Auffassung und nat\u00fcrliche Darstellung des humanen m\u00e4nnlichen K\u00f6rpers. Die exklusive David Super Size Bronzeskulptur stellt den biblischen David in dem Augenblick dar, in dem er die Steinschleuder bereits auf die Schulter anlegt, und den [&#8230;]\n","protected":false},"featured_media":2636,"template":"","meta":{"_seopress_robots_primary_cat":"none","_seopress_titles_title":"","_seopress_titles_desc":"","_seopress_robots_index":""},"product_brand":[],"product_cat":[31],"product_tag":[62],"class_list":{"0":"post-326","1":"product","2":"type-product","3":"status-publish","4":"has-post-thumbnail","6":"product_cat-luxus-bronzeskulpturen","7":"product_tag-preis-auf-anfrage","8":"product_shipping_class-skulpturen","9":"pa_kuenstler-don-alberto-carlos","11":"first","12":"instock","13":"taxable","14":"shipping-taxable","15":"product-type-variable","16":"has-default-attributes"},"publishpress_future_action":{"enabled":false,"date":"2026-04-17 12:33:58","action":"change-status","newStatus":"trash","terms":[],"taxonomy":"product_brand","extraData":[]},"publishpress_future_workflow_manual_trigger":{"enabledWorkflows":[]},"_links":{"self":[{"href":"https:\/\/finearts-exclusive.com\/es\/wp-json\/wp\/v2\/product\/326","targetHints":{"allow":["GET"]}}],"collection":[{"href":"https:\/\/finearts-exclusive.com\/es\/wp-json\/wp\/v2\/product"}],"about":[{"href":"https:\/\/finearts-exclusive.com\/es\/wp-json\/wp\/v2\/types\/product"}],"wp:featuredmedia":[{"embeddable":true,"href":"https:\/\/finearts-exclusive.com\/es\/wp-json\/wp\/v2\/media\/2636"}],"wp:attachment":[{"href":"https:\/\/finearts-exclusive.com\/es\/wp-json\/wp\/v2\/media?parent=326"}],"wp:term":[{"taxonomy":"product_brand","embeddable":true,"href":"https:\/\/finearts-exclusive.com\/es\/wp-json\/wp\/v2\/product_brand?post=326"},{"taxonomy":"product_cat","embeddable":true,"href":"https:\/\/finearts-exclusive.com\/es\/wp-json\/wp\/v2\/product_cat?post=326"},{"taxonomy":"product_tag","embeddable":true,"href":"https:\/\/finearts-exclusive.com\/es\/wp-json\/wp\/v2\/product_tag?post=326"}],"curies":[{"name":"wp","href":"https:\/\/api.w.org\/{rel}","templated":true}]}}