{"id":327,"date":"2021-11-06T13:12:48","date_gmt":"2021-11-06T12:12:48","guid":{"rendered":"https:\/\/finearts-exclusive.com\/p\/unkategorisiert\/fallen-angel-super-size\/"},"modified":"2023-02-22T19:25:59","modified_gmt":"2023-02-22T18:25:59","slug":"angel-caido-supertamano","status":"publish","type":"product","link":"https:\/\/finearts-exclusive.com\/es\/p\/luxus-bronzeskulpturen\/fallen-angel-super-size\/","title":{"rendered":"Fallen Angel - Super Size"},"content":{"rendered":"<p>Las interpretaciones cristianas de un \u00e1ngel ap\u00f3stata ya aparec\u00edan en el Antiguo Testamento, <strong>llamado \u00c1ngel Ca\u00eddo<\/strong> (<strong>de.: \u00c1ngel ca\u00eddo<\/strong>). El \u00e1ngel es castigado por su rebeld\u00eda con la expulsi\u00f3n del cielo por parte de Dios y sus otros \u00e1ngeles.<\/p>\n<p>A menudo este \u00e1ngel ca\u00eddo se asociaba con el mal personificado, es decir, con Satan\u00e1s. El sagrado y hermoso mundo sobrenatural del \u00e1ngel ca\u00eddo pasa de ser un sue\u00f1o a una pesadilla. Es como una guerra entre seres de luz y de oscuridad. El \u00e1ngel ca\u00eddo, un ser maligno celestial.<\/p>\n<p>De tama\u00f1o natural, <strong>Figura de bronce de \u00e1ngel plateado \"\u00c1ngel ca\u00eddo<\/strong>representa al \u00e1ngel ap\u00f3stata que ha ca\u00eddo de la luz del cielo y es consolado por un encantador \u00e1ngel femenino de color dorado en la oscuridad terrenal. El regreso al para\u00edso del cielo es para nuestro <strong>\u00c1ngel<\/strong> <strong>Escultura de bronce \"\u00c1ngel ca\u00eddo<\/strong> ya no es posible.<\/p>\n<p>El artista Don Alberto Carlos qued\u00f3 profundamente impresionado por el mensaje cristiano de que el mal comportamiento en el cielo conduce a la ca\u00edda en la oscuridad terrenal.<\/p>\n<p>El artista se plante\u00f3 ahora la cuesti\u00f3n de la maldad de un pecado. Esta cuesti\u00f3n es mucho m\u00e1s emocionante que ser eternamente bueno, porque los malos van a todas partes, los buenos s\u00f3lo al cielo.<\/p>\n<p>Don Alberto Carlos cre\u00f3 una consumada obra maestra de filigrana de alto rango art\u00edstico.<\/p>\n<p>El tama\u00f1o de la vida <strong>plateado<\/strong> <strong>Figura de bronce \"\u00c1ngel Ca\u00eddo<\/strong> tambi\u00e9n se puede utilizar como pozo\/dep\u00f3sito de agua si se solicita.<\/p>","protected":false},"excerpt":{"rendered":"<p>Bereits im Alten Testament erschien die christlichen Interpretationen eines abtr\u00fcnnigen Engels, genannt Fallen Angel (de.: Gefallener Engel). Der Engel wird f\u00fcr seine Auflehnung mit der Vertreibung aus dem Himmel durch Gott und seine \u00fcbrigen Engel bestraft. H\u00e4ufig wurde dieser gefallene Engel mit personifizierten B\u00f6sen, also mit dem Satan, in Verbindung gebracht. Die heile, sch\u00f6ne \u00fcberirdische [&#8230;]\n","protected":false},"featured_media":2653,"template":"","meta":{"_seopress_robots_primary_cat":"none","_seopress_titles_title":"","_seopress_titles_desc":"","_seopress_robots_index":""},"product_brand":[],"product_cat":[31],"product_tag":[62],"class_list":{"0":"post-327","1":"product","2":"type-product","3":"status-publish","4":"has-post-thumbnail","6":"product_cat-luxus-bronzeskulpturen","7":"product_tag-preis-auf-anfrage","8":"product_shipping_class-skulpturen","9":"pa_kuenstler-don-alberto-carlos","11":"first","12":"instock","13":"taxable","14":"shipping-taxable","15":"product-type-variable","16":"has-default-attributes"},"publishpress_future_action":{"enabled":false,"date":"2026-05-07 16:41:53","action":"change-status","newStatus":"trash","terms":[],"taxonomy":"product_brand","extraData":[]},"publishpress_future_workflow_manual_trigger":{"enabledWorkflows":[]},"_links":{"self":[{"href":"https:\/\/finearts-exclusive.com\/es\/wp-json\/wp\/v2\/product\/327","targetHints":{"allow":["GET"]}}],"collection":[{"href":"https:\/\/finearts-exclusive.com\/es\/wp-json\/wp\/v2\/product"}],"about":[{"href":"https:\/\/finearts-exclusive.com\/es\/wp-json\/wp\/v2\/types\/product"}],"wp:featuredmedia":[{"embeddable":true,"href":"https:\/\/finearts-exclusive.com\/es\/wp-json\/wp\/v2\/media\/2653"}],"wp:attachment":[{"href":"https:\/\/finearts-exclusive.com\/es\/wp-json\/wp\/v2\/media?parent=327"}],"wp:term":[{"taxonomy":"product_brand","embeddable":true,"href":"https:\/\/finearts-exclusive.com\/es\/wp-json\/wp\/v2\/product_brand?post=327"},{"taxonomy":"product_cat","embeddable":true,"href":"https:\/\/finearts-exclusive.com\/es\/wp-json\/wp\/v2\/product_cat?post=327"},{"taxonomy":"product_tag","embeddable":true,"href":"https:\/\/finearts-exclusive.com\/es\/wp-json\/wp\/v2\/product_tag?post=327"}],"curies":[{"name":"wp","href":"https:\/\/api.w.org\/{rel}","templated":true}]}}