{"id":328,"date":"2021-11-06T13:12:48","date_gmt":"2021-11-06T12:12:48","guid":{"rendered":"https:\/\/finearts-exclusive.com\/p\/unkategorisiert\/torso-female\/"},"modified":"2023-02-22T19:26:49","modified_gmt":"2023-02-22T18:26:49","slug":"torso-femenino","status":"publish","type":"product","link":"https:\/\/finearts-exclusive.com\/es\/p\/luxus-erotik-bronzeskulpturen\/torso-female\/","title":{"rendered":"Torso femenino"},"content":{"rendered":"<p>Desde la antig\u00fcedad, los romanos y los griegos consideraban la escultura art\u00edstica inacabada como una obra de arte en toda regla.<\/p>\n<p>A lo largo de los siglos, muchos artistas famosos, como Miguel \u00c1ngel y Auguste Rodin, han elevado el torso a un g\u00e9nero propio en las artes pl\u00e1sticas.  En escultura, un torso es la representaci\u00f3n pl\u00e1stica y deliberada de un cuerpo humano sin extremidades en contraposici\u00f3n a una persona completa.<\/p>\n<p>El <strong>torso femenino<\/strong>una obra de arte en forma imperfecta, ejerce un encanto y una atracci\u00f3n especiales sobre el espectador. Su misteriosa aura de imperfecci\u00f3n, con una est\u00e9tica propia de alta expresividad art\u00edstica, inspira a todo conocedor del arte.<\/p>\n<p>Don Alberto Carlos ha creado precisamente esta intenci\u00f3n en su creaci\u00f3n de un cuerpo femenino idealmente modelado y er\u00f3tico con m\u00fasculos juvenilmente definidos y pechos firmes. El <strong>Escultura de bronce \"torso femenino<\/strong> es una obra maestra del arte del bronce de gran calidad y \u00e9xito.<\/p>","protected":false},"excerpt":{"rendered":"<p>Das Unvollendete als offene k\u00fcnstlerische Plastik wurde schon seit der Antike, bei den R\u00f6mern und Griechen, als vollwertiges Kunstwerk betrachtet. Im Laufe der Jahrhunderte hatten viele ber\u00fchmte K\u00fcnstler u.a. Michelangelo und Auguste Rodin u.v.m. den Torso zu einer eigenen Gattung in der plastischen Kunst erhoben.\u00a0 In der Bildhauerei ist ein Torso die bewusste, plastische Darstellung [&#8230;]\n","protected":false},"featured_media":2700,"template":"","meta":{"_seopress_robots_primary_cat":"none","_seopress_titles_title":"","_seopress_titles_desc":"","_seopress_robots_index":""},"product_brand":[],"product_cat":[33],"product_tag":[62],"class_list":{"0":"post-328","1":"product","2":"type-product","3":"status-publish","4":"has-post-thumbnail","6":"product_cat-luxus-erotik-bronzeskulpturen","7":"product_tag-preis-auf-anfrage","8":"product_shipping_class-skulpturen","9":"pa_kuenstler-don-alberto-carlos","11":"first","12":"instock","13":"taxable","14":"shipping-taxable","15":"product-type-variable","16":"has-default-attributes"},"publishpress_future_action":{"enabled":false,"date":"2026-04-19 10:36:33","action":"change-status","newStatus":"trash","terms":[],"taxonomy":"product_brand","extraData":[]},"publishpress_future_workflow_manual_trigger":{"enabledWorkflows":[]},"_links":{"self":[{"href":"https:\/\/finearts-exclusive.com\/es\/wp-json\/wp\/v2\/product\/328","targetHints":{"allow":["GET"]}}],"collection":[{"href":"https:\/\/finearts-exclusive.com\/es\/wp-json\/wp\/v2\/product"}],"about":[{"href":"https:\/\/finearts-exclusive.com\/es\/wp-json\/wp\/v2\/types\/product"}],"wp:featuredmedia":[{"embeddable":true,"href":"https:\/\/finearts-exclusive.com\/es\/wp-json\/wp\/v2\/media\/2700"}],"wp:attachment":[{"href":"https:\/\/finearts-exclusive.com\/es\/wp-json\/wp\/v2\/media?parent=328"}],"wp:term":[{"taxonomy":"product_brand","embeddable":true,"href":"https:\/\/finearts-exclusive.com\/es\/wp-json\/wp\/v2\/product_brand?post=328"},{"taxonomy":"product_cat","embeddable":true,"href":"https:\/\/finearts-exclusive.com\/es\/wp-json\/wp\/v2\/product_cat?post=328"},{"taxonomy":"product_tag","embeddable":true,"href":"https:\/\/finearts-exclusive.com\/es\/wp-json\/wp\/v2\/product_tag?post=328"}],"curies":[{"name":"wp","href":"https:\/\/api.w.org\/{rel}","templated":true}]}}