{"id":329,"date":"2021-11-06T13:12:48","date_gmt":"2021-11-06T12:12:48","guid":{"rendered":"https:\/\/finearts-exclusive.com\/p\/unkategorisiert\/elefant-tusk-dining-table\/"},"modified":"2023-02-22T19:27:40","modified_gmt":"2023-02-22T18:27:40","slug":"mesa-de-comedor-colmillo-de-elefante","status":"publish","type":"product","link":"https:\/\/finearts-exclusive.com\/es\/p\/luxus-bronzemoebel-wohnbereich\/elefant-tusk-dining-table\/","title":{"rendered":"Mesa de comedor en forma de colmillo de elefante"},"content":{"rendered":"<p>Durante siglos, los colmillos de los elefantes han fascinado a la gente. A lo largo de las distintas culturas de los siglos de la historia, esta atracci\u00f3n por el colmillo con su material \u00fanico permaneci\u00f3 inalterada. Ya en los primeros tiempos se fabricaban piezas valiosas y nobles con los poderosos colmillos de los mamuts. Algunas culturas le atribuyen fuerza y poder, en otras representa la salud y una larga vida. Esta fascinaci\u00f3n ininterrumpida fue la inspiraci\u00f3n del artista Don Alberto Carlos para crear la exclusiva mesa de comedor <strong>\"Mesa de comedor con forma de elefante\".<\/strong> Sus tres grandes colmillos de bronce dorado con el cord\u00f3n plateado como elemento de dise\u00f1o irradian una gran fuerza y gracia. As\u00ed, el <strong>Mesa de comedor exclusiva con forma de colmillo de elefante<\/strong> un aspecto muy noble y refinado a cualquier interior de lujo.<\/p>\n<p>El lujoso <strong>Mesa de comedor en forma de colmillo de elefante<\/strong> con una tapa de cristal redonda de 12 mm y 120 cm de di\u00e1metro, que se caracteriza por el corte de una faceta de 30 mm en la parte superior de la tapa de cristal. Por supuesto, se pueden solicitar otras formas y tama\u00f1os de la tapa de cristal.<\/p>\n<p><strong>Escultura:<\/strong><\/p>\n<p>Altura: 78 cm<br \/>\nAnchura: 75 cm<br \/>\nLongitud: 75 cm<br \/>\nPeso: aprox. 80 kg<\/p>\n<p>&nbsp;<\/p>\n<p><strong>Tapa de cristal:<\/strong><\/p>\n<p>Di\u00e1metro: 120 cm<br \/>\nEspesor del vidrio: 12 mm<br \/>\nPeso: 34 kg<\/p>\n<p>&nbsp;<\/p>","protected":false},"excerpt":{"rendered":"<p>Schon seit Jahrhunderten faszinieren die gewaltig wirkenden Sto\u00dfz\u00e4hne von Elefanten den Menschen. \u00dcber die verschiedenen Kulturen der Jahrhunderte der Geschichte blieb diese Anziehung des Sto\u00dfzahnes mit seinem einzigartigen Material unver\u00e4ndert. Schon in fr\u00fchem Zeitalter wurden aus den m\u00e4chtigen Sto\u00dfz\u00e4hnen der Mammuts wertvolle und edle St\u00fccke gefertigt. Manche Kulturen sprechen Ihm St\u00e4rke und Macht zu, bei [&#8230;]\n","protected":false},"featured_media":2643,"template":"","meta":{"_seopress_robots_primary_cat":"none","_seopress_titles_title":"","_seopress_titles_desc":"","_seopress_robots_index":""},"product_brand":[],"product_cat":[32],"product_tag":[62],"class_list":{"0":"post-329","1":"product","2":"type-product","3":"status-publish","4":"has-post-thumbnail","6":"product_cat-luxus-bronzemoebel-wohnbereich","7":"product_tag-preis-auf-anfrage","8":"product_shipping_class-skulpturen","9":"pa_kuenstler-don-alberto-carlos","11":"first","12":"instock","13":"taxable","14":"shipping-taxable","15":"product-type-variable","16":"has-default-attributes"},"publishpress_future_action":{"enabled":false,"date":"2026-04-18 12:29:14","action":"change-status","newStatus":"trash","terms":[],"taxonomy":"product_brand","extraData":[]},"publishpress_future_workflow_manual_trigger":{"enabledWorkflows":[]},"_links":{"self":[{"href":"https:\/\/finearts-exclusive.com\/es\/wp-json\/wp\/v2\/product\/329","targetHints":{"allow":["GET"]}}],"collection":[{"href":"https:\/\/finearts-exclusive.com\/es\/wp-json\/wp\/v2\/product"}],"about":[{"href":"https:\/\/finearts-exclusive.com\/es\/wp-json\/wp\/v2\/types\/product"}],"wp:featuredmedia":[{"embeddable":true,"href":"https:\/\/finearts-exclusive.com\/es\/wp-json\/wp\/v2\/media\/2643"}],"wp:attachment":[{"href":"https:\/\/finearts-exclusive.com\/es\/wp-json\/wp\/v2\/media?parent=329"}],"wp:term":[{"taxonomy":"product_brand","embeddable":true,"href":"https:\/\/finearts-exclusive.com\/es\/wp-json\/wp\/v2\/product_brand?post=329"},{"taxonomy":"product_cat","embeddable":true,"href":"https:\/\/finearts-exclusive.com\/es\/wp-json\/wp\/v2\/product_cat?post=329"},{"taxonomy":"product_tag","embeddable":true,"href":"https:\/\/finearts-exclusive.com\/es\/wp-json\/wp\/v2\/product_tag?post=329"}],"curies":[{"name":"wp","href":"https:\/\/api.w.org\/{rel}","templated":true}]}}