{"id":330,"date":"2021-11-06T13:12:48","date_gmt":"2021-11-06T12:12:48","guid":{"rendered":"https:\/\/finearts-exclusive.com\/p\/unkategorisiert\/ballett-paar-dining-table\/"},"modified":"2024-03-21T20:38:26","modified_gmt":"2024-03-21T19:38:26","slug":"mesa-de-comedor-pareja-ballet","status":"publish","type":"product","link":"https:\/\/finearts-exclusive.com\/es\/p\/luxus-bronzemoebel-wohnbereich\/ballett-paar-dining-table\/","title":{"rendered":"Pareja de ballet - Mesa de comedor"},"content":{"rendered":"<div>En la misteriosa oscuridad del bosque de Wilis, donde la inmortal tragedia y el tierno amor del ballet \"Giselle\" cobran vida con cada paso de baile, Don Alberto Carlos, el artista con alma de alquimista, inmortaliz\u00f3 la leyenda en su escultura de bronce \"Graciosa pareja de ballet danzante\".<br \/>\n&nbsp;<br \/>\nCarlos, con manos de aut\u00e9ntico mago, no s\u00f3lo ha captado la suavidad y la gracia de Giselle, convertida en el esp\u00edritu tr\u00e1gico de la noche por el amor y la traici\u00f3n, sino que tambi\u00e9n ha transformado la fuerza y la ocasi\u00f3n de Albrecht, su malogrado amante, en el inolvidable protagonista de una mesa de comedor.<br \/>\n&nbsp;<br \/>\nLa cena se convierte en una animada representaci\u00f3n cuando esta mesa se convierte en un escenario. La pareja de bailarines de bronce dorado y plateado no s\u00f3lo se mantiene firme, sino que tambi\u00e9n se mueve suavemente bajo el elegante tablero de cristal ovalado, de 12 mm de grosor, con un borde biselado de 30 mm, reflejando su imagen en cada comida, cada conversaci\u00f3n y cada risa, llevando la eterna historia de Giselle y Albrecht a los corazones de los que se re\u00fanen alrededor de la mesa.<\/div>\n<div>&nbsp;<\/div>\n<div class=\"row\"  id=\"row-1210968744\">\n\n\t<div id=\"col-1426037369\" class=\"col medium-1\/3 large-4\"  >\n\t\t\t\t<div class=\"col-inner\"  >\n\t\t\t\n\t\t\t\n<p><strong>Escultura:<\/strong><\/p>\n<ul>\n<li>Altura: 78 cm aprox.<\/li>\n<li>Anchura: aprox. 75 cm<\/li>\n<li>Longitud: 125 cm aprox.<\/li>\n<li>Peso: aprox. 53 kg<\/li>\n<\/ul>\n\t\t<\/div>\n\t\t\t\t\t<\/div>\n\n\t\n\n\t<div id=\"col-1702067876\" class=\"col medium-1\/3 large-4\"  >\n\t\t\t\t<div class=\"col-inner\"  >\n\t\t\t\n\t\t\t\n<p><strong>Tapa de cristal:<\/strong><\/p>\n<ul>\n<li>Anchura: 105 cm aprox.<\/li>\n<li>Longitud: 180 cm aprox.<\/li>\n<li>Espesor del vidrio: 12 mm<\/li>\n<li>Peso: 51 kg<\/li>\n<\/ul>\n\t\t<\/div>\n\t\t\t\t\t<\/div>\n\n\t\n\n\t<div id=\"col-1345727235\" class=\"col medium-1\/3 large-4\"  >\n\t\t\t\t<div class=\"col-inner\"  >\n\t\t\t\n\t\t\t\n<p><strong>T\u00edchsockel:<\/strong><\/p>\n<ul>\n<li>Anchura: aprox. 40 cm<\/li>\n<li>Longitud: aprox. 90 cm<\/li>\n<\/ul>\n\t\t<\/div>\n\t\t\t\t\t<\/div>\n\n\t\n<\/div>\n<div>Se pueden solicitar otras variantes de forma y tama\u00f1o de la tapa de cristal.<\/div>","protected":false},"excerpt":{"rendered":"<div class=\"video video-fit mb\" style=\"padding-top:56.25%;\">\n<div class=\"brlbs-cmpnt-container brlbs-cmpnt-content-blocker brlbs-cmpnt-with-individual-styles\" data-borlabs-cookie-content-blocker-id=\"youtube-content-blocker\" data-borlabs-cookie-content=\"PGlmcmFtZSB0aXRsZT0iRmluZSBBcnRzIFdvaG5rdWx0dXIgLSBCcm9uemUgLSBiYWxsZXRwYWFyIHRhYmxlIiB3aWR0aD0iMTAyMCIgaGVpZ2h0PSI1NzQiIHNyYz0iaHR0cHM6Ly93d3cueW91dHViZS1ub2Nvb2tpZS5jb20vZW1iZWQvMnBWd3htZy1BVk0\/ZmVhdHVyZT1vZW1iZWQiIGZyYW1lYm9yZGVyPSIwIiBhbGxvdz0iYWNjZWxlcm9tZXRlcjsgYXV0b3BsYXk7IGNsaXBib2FyZC13cml0ZTsgZW5jcnlwdGVkLW1lZGlhOyBneXJvc2NvcGU7IHBpY3R1cmUtaW4tcGljdHVyZTsgd2ViLXNoYXJlIiBhbGxvd2Z1bGxzY3JlZW4+PC9pZnJhbWU+\">\n<div class=\"brlbs-cmpnt-cb-preset-c brlbs-cmpnt-cb-youtube\">\n<div class=\"brlbs-cmpnt-cb-thumbnail\" style=\"background-image: url('https:\/\/finearts-exclusive.com\/wp-content\/uploads\/borlabs-cookie\/1\/yt_2pVwxmg-AVM_hqdefault.jpg')\"><\/div>\n<div class=\"brlbs-cmpnt-cb-main\">\n<div class=\"brlbs-cmpnt-cb-play-button\"><\/div>\n<div class=\"brlbs-cmpnt-cb-content\">\n<p class=\"brlbs-cmpnt-cb-description\">Est\u00e1s viendo un contenido de marcador de posici\u00f3n de <strong>YouTube<\/strong>. Para acceder al contenido real, haz clic en el siguiente bot\u00f3n. Ten en cuenta que al hacerlo compartir\u00e1s datos con terceros proveedores.<\/p>\n<p> <a class=\"brlbs-cmpnt-cb-provider-toggle\" href=\"#\" data-borlabs-cookie-show-provider-information role=\"button\">M\u00e1s informaci\u00f3n<\/a> <\/div>\n<div class=\"brlbs-cmpnt-cb-buttons\"> <a class=\"brlbs-cmpnt-cb-btn\" href=\"#\" data-borlabs-cookie-unblock role=\"button\">Desbloquear contenido<\/a> <a class=\"brlbs-cmpnt-cb-btn\" href=\"#\" data-borlabs-cookie-accept-service role=\"button\" style=\"display: inherit\">Aceptar el servicio requerido y desbloquear los contenidos<\/a> <\/div>\n<\/p><\/div>\n<\/p><\/div>\n<\/div>\n<\/div>","protected":false},"featured_media":44130,"template":"","meta":{"_seopress_robots_primary_cat":"none","_seopress_titles_title":"","_seopress_titles_desc":"","_seopress_robots_index":""},"product_brand":[],"product_cat":[32],"product_tag":[62],"class_list":{"0":"post-330","1":"product","2":"type-product","3":"status-publish","4":"has-post-thumbnail","6":"product_cat-luxus-bronzemoebel-wohnbereich","7":"product_tag-preis-auf-anfrage","8":"product_shipping_class-skulpturen","9":"pa_kuenstler-don-alberto-carlos","11":"first","12":"instock","13":"taxable","14":"shipping-taxable","15":"product-type-variable","16":"has-default-attributes"},"publishpress_future_action":{"enabled":false,"date":"2026-05-13 03:04:25","action":"change-status","newStatus":"trash","terms":[],"taxonomy":"product_brand","extraData":[]},"publishpress_future_workflow_manual_trigger":{"enabledWorkflows":[]},"_links":{"self":[{"href":"https:\/\/finearts-exclusive.com\/es\/wp-json\/wp\/v2\/product\/330","targetHints":{"allow":["GET"]}}],"collection":[{"href":"https:\/\/finearts-exclusive.com\/es\/wp-json\/wp\/v2\/product"}],"about":[{"href":"https:\/\/finearts-exclusive.com\/es\/wp-json\/wp\/v2\/types\/product"}],"wp:featuredmedia":[{"embeddable":true,"href":"https:\/\/finearts-exclusive.com\/es\/wp-json\/wp\/v2\/media\/44130"}],"wp:attachment":[{"href":"https:\/\/finearts-exclusive.com\/es\/wp-json\/wp\/v2\/media?parent=330"}],"wp:term":[{"taxonomy":"product_brand","embeddable":true,"href":"https:\/\/finearts-exclusive.com\/es\/wp-json\/wp\/v2\/product_brand?post=330"},{"taxonomy":"product_cat","embeddable":true,"href":"https:\/\/finearts-exclusive.com\/es\/wp-json\/wp\/v2\/product_cat?post=330"},{"taxonomy":"product_tag","embeddable":true,"href":"https:\/\/finearts-exclusive.com\/es\/wp-json\/wp\/v2\/product_tag?post=330"}],"curies":[{"name":"wp","href":"https:\/\/api.w.org\/{rel}","templated":true}]}}