{"id":334,"date":"2021-11-06T13:12:49","date_gmt":"2021-11-06T12:12:49","guid":{"rendered":"https:\/\/finearts-exclusive.com\/p\/unkategorisiert\/beauty-beast-supersize\/"},"modified":"2023-02-22T19:22:32","modified_gmt":"2023-02-22T18:22:32","slug":"beauty-beast-supersize","status":"publish","type":"product","link":"https:\/\/finearts-exclusive.com\/es\/p\/luxus-erotik-bronzeskulpturen\/beauty-beast-supersize\/","title":{"rendered":"Beauty &amp; Beast Supersize"},"content":{"rendered":"<p>Un tema de actualidad que toca una y otra vez a los hombres:<\/p>\n<p>\"\u00bfPor qu\u00e9 los tipos m\u00e1s feos consiguen las mujeres m\u00e1s bonitas como pareja?\"<\/p>\n<p>El artista Rudolfo Bucacio abord\u00f3 la cuesti\u00f3n de por qu\u00e9 tambi\u00e9n hay parejas cuyo atractivo es muy desigual.  Lleg\u00f3 a la conclusi\u00f3n de que el atractivo de la belleza como caracter\u00edstica m\u00e1s importante de una relaci\u00f3n pasa a un segundo plano cuando dominan otras caracter\u00edsticas de una pareja ideal, como la inteligencia, la fiabilidad, la lealtad, la honestidad o el carisma er\u00f3tico.<\/p>\n<p>Por este motivo, el artista Rudolf Bucacio cre\u00f3 una grandiosa escultura de bronce de tama\u00f1o natural y expresiva llamada \"<strong>La Bella y la Bestia<\/strong>\". Este <strong>escultura de bronce exclusiva<\/strong> se considera un recordatorio para la humanidad.<\/p>\n<p>La temible bestia fea alien\u00edgena alada es aceptada como pareja por una encantadora belleza terrenal porque sus valores\/caracter\u00edsticas internas la convencieron m\u00e1s que el atractivo de la belleza.<\/p>","protected":false},"excerpt":{"rendered":"<p>Ein aktuelles Thema das M\u00e4nner immer wieder ber\u00fchrt: \u201eWarum bekommen die h\u00e4sslichsten Kerle, die h\u00fcbschesten Frauen als Partner?\u201c Der K\u00fcnstler Rudolfo Bucacio besch\u00e4ftigte sich mit der Frage, warum es auch Paare gibt deren Attraktivit\u00e4t sehr ungleich sind.\u00a0 Er kam zu der Erkenntnis, dass die Attraktivit\u00e4t der Sch\u00f6nheit als wichtigstes Merkmal einer Beziehung in den Hintergrund [&#8230;]\n","protected":false},"featured_media":2632,"template":"","meta":{"_seopress_robots_primary_cat":"none","_seopress_titles_title":"","_seopress_titles_desc":"","_seopress_robots_index":""},"product_brand":[],"product_cat":[33],"product_tag":[62],"class_list":{"0":"post-334","1":"product","2":"type-product","3":"status-publish","4":"has-post-thumbnail","6":"product_cat-luxus-erotik-bronzeskulpturen","7":"product_tag-preis-auf-anfrage","8":"product_shipping_class-skulpturen","9":"pa_kuenstler-rudolfo-bucacio","11":"first","12":"instock","13":"taxable","14":"shipping-taxable","15":"product-type-variable","16":"has-default-attributes"},"publishpress_future_action":{"enabled":false,"date":"2026-04-11 20:23:38","action":"change-status","newStatus":"trash","terms":[],"taxonomy":"product_brand","extraData":[]},"publishpress_future_workflow_manual_trigger":{"enabledWorkflows":[]},"_links":{"self":[{"href":"https:\/\/finearts-exclusive.com\/es\/wp-json\/wp\/v2\/product\/334","targetHints":{"allow":["GET"]}}],"collection":[{"href":"https:\/\/finearts-exclusive.com\/es\/wp-json\/wp\/v2\/product"}],"about":[{"href":"https:\/\/finearts-exclusive.com\/es\/wp-json\/wp\/v2\/types\/product"}],"wp:featuredmedia":[{"embeddable":true,"href":"https:\/\/finearts-exclusive.com\/es\/wp-json\/wp\/v2\/media\/2632"}],"wp:attachment":[{"href":"https:\/\/finearts-exclusive.com\/es\/wp-json\/wp\/v2\/media?parent=334"}],"wp:term":[{"taxonomy":"product_brand","embeddable":true,"href":"https:\/\/finearts-exclusive.com\/es\/wp-json\/wp\/v2\/product_brand?post=334"},{"taxonomy":"product_cat","embeddable":true,"href":"https:\/\/finearts-exclusive.com\/es\/wp-json\/wp\/v2\/product_cat?post=334"},{"taxonomy":"product_tag","embeddable":true,"href":"https:\/\/finearts-exclusive.com\/es\/wp-json\/wp\/v2\/product_tag?post=334"}],"curies":[{"name":"wp","href":"https:\/\/api.w.org\/{rel}","templated":true}]}}