{"id":336,"date":"2021-11-06T13:12:49","date_gmt":"2021-11-06T12:12:49","guid":{"rendered":"https:\/\/finearts-exclusive.com\/p\/unkategorisiert\/adam-eve-life-size\/"},"modified":"2022-06-13T17:26:21","modified_gmt":"2022-06-13T15:26:21","slug":"adam-eve-tamano-natural","status":"publish","type":"product","link":"https:\/\/finearts-exclusive.com\/es\/p\/luxus-bronzeskulpturen\/adam-eve-life-size\/","title":{"rendered":"Ad\u00e1n y Eva - Tama\u00f1o natural"},"content":{"rendered":"<p>El Antiguo Testamento cuenta la historia de la primera seducci\u00f3n (<strong>Ad\u00e1n y Eva<\/strong>). La serpiente (el diablo) tent\u00f3 a ambos para que comieran la fruta de la manzana prohibida. Tras esta ca\u00edda, Ad\u00e1n llam\u00f3 a su mujer Eva (hebreo: vida), lo que a su vez la remite al amor er\u00f3tico como progenitora de todos los seres humanos. \u00bfSe amaron, tuvieron sexo? La antigua leyenda de <strong>Ad\u00e1n y Eva<\/strong> inspir\u00f3 a nuestro gran artista John Paul Ballard a crear el <strong>Escultura de bronce de tama\u00f1o natural \"Ad\u00e1n y Eva<\/strong> para crear. Su pensamiento sobre la moral, el g\u00e9nero y el futuro sexual libre influye en la creaci\u00f3n de estos fant\u00e1sticos <strong>Lujosa escultura de bronce \"Ad\u00e1n y Eva\".<\/strong><\/p>\n<p>Cre\u00f3 una magn\u00edfica obra maestra de 180 cm de alto, 75 x 150 cm de ancho y un peso aproximado de 220 kg de bronce ba\u00f1ado en oro y plata.  Este mensaje intemporal de la enorme <strong>Escultura de bronce \"Ad\u00e1n y Eva<\/strong> refleja el anhelo humano de la sexualidad del hombre y la mujer.<\/p>","protected":false},"excerpt":{"rendered":"<p>Das Alte Testament erz\u00e4hlt von der Geschichte der ersten Verf\u00fchrung (Adam &amp; Eva). Die Schlange (der Teufel) verf\u00fchrte beide dazu, die verbotene Apfel-Frucht zu essen. Nach diesem S\u00fcndenfall nannte Adam sein Frau Eva (hebr\u00e4isch: das Leben), was sie wiederum als Stammmutter aller Menschen auf die erotische Liebe verweist. Liebten sie einander, hatten sie Sex? Die [&#8230;]\n","protected":false},"featured_media":2618,"template":"","meta":{"_seopress_robots_primary_cat":"none","_seopress_titles_title":"","_seopress_titles_desc":"","_seopress_robots_index":""},"product_brand":[],"product_cat":[31],"product_tag":[62],"class_list":{"0":"post-336","1":"product","2":"type-product","3":"status-publish","4":"has-post-thumbnail","6":"product_cat-luxus-bronzeskulpturen","7":"product_tag-preis-auf-anfrage","8":"product_shipping_class-skulpturen","9":"pa_kuenstler-paul-john-ballard","11":"first","12":"instock","13":"taxable","14":"shipping-taxable","15":"product-type-variable","16":"has-default-attributes"},"publishpress_future_action":{"enabled":false,"date":"2026-05-09 11:33:10","action":"change-status","newStatus":"trash","terms":[],"taxonomy":"product_brand","extraData":[]},"publishpress_future_workflow_manual_trigger":{"enabledWorkflows":[]},"_links":{"self":[{"href":"https:\/\/finearts-exclusive.com\/es\/wp-json\/wp\/v2\/product\/336","targetHints":{"allow":["GET"]}}],"collection":[{"href":"https:\/\/finearts-exclusive.com\/es\/wp-json\/wp\/v2\/product"}],"about":[{"href":"https:\/\/finearts-exclusive.com\/es\/wp-json\/wp\/v2\/types\/product"}],"wp:featuredmedia":[{"embeddable":true,"href":"https:\/\/finearts-exclusive.com\/es\/wp-json\/wp\/v2\/media\/2618"}],"wp:attachment":[{"href":"https:\/\/finearts-exclusive.com\/es\/wp-json\/wp\/v2\/media?parent=336"}],"wp:term":[{"taxonomy":"product_brand","embeddable":true,"href":"https:\/\/finearts-exclusive.com\/es\/wp-json\/wp\/v2\/product_brand?post=336"},{"taxonomy":"product_cat","embeddable":true,"href":"https:\/\/finearts-exclusive.com\/es\/wp-json\/wp\/v2\/product_cat?post=336"},{"taxonomy":"product_tag","embeddable":true,"href":"https:\/\/finearts-exclusive.com\/es\/wp-json\/wp\/v2\/product_tag?post=336"}],"curies":[{"name":"wp","href":"https:\/\/api.w.org\/{rel}","templated":true}]}}