{"id":337,"date":"2021-11-06T13:12:49","date_gmt":"2021-11-06T12:12:49","guid":{"rendered":"https:\/\/finearts-exclusive.com\/p\/unkategorisiert\/angelina-with-two-trays-medium-size\/"},"modified":"2022-06-13T17:25:28","modified_gmt":"2022-06-13T15:25:28","slug":"angelina-con-dos-bandejas-tamano-mediano","status":"publish","type":"product","link":"https:\/\/finearts-exclusive.com\/es\/p\/luxus-bronzeskulpturen\/angelina-with-two-trays-medium-size\/","title":{"rendered":"Angelina con dos bandejas - Tama\u00f1o medio"},"content":{"rendered":"<p>El tama\u00f1o medio <strong>Escultura de bronce \"Angelina con dos bandejas<\/strong> es una obra maestra art\u00edstica ideal. El aspecto er\u00f3tico de esta escultura se ve subrayado por su apariencia perfecta, con su nariz y sus morritos finamente perfilados, as\u00ed como por su belleza er\u00f3tica bien proporcionada. El <strong>escultura er\u00f3tica de bronce \"Angelina con dos bandejas <\/strong>\u00a1es casi demasiado perfecto para ser real!<\/p>\n<p>El bello aspecto er\u00f3tico de la <strong>escultura de bronce sexy Angelina,<\/strong> en su cors\u00e9 de encaje sexy de filigrana, brilla como el \u00faltimo s\u00edmbolo sexual. La escultura de bronce es perfecta para un ambiente de lujo, que debe irradiar un toque er\u00f3tico.<\/p>\n<p>La figura er\u00f3tica de bronce de tama\u00f1o medio \"Angelina con dos bandejas\" es una obra maestra de calidad muse\u00edstica del artista Paul John Ballard.<\/p>","protected":false},"excerpt":{"rendered":"<p>Die mittelgro\u00dfe Bronzeskulptur \u201eAngelina with two trays\u201c ist ein k\u00fcnstlerisches idealtypisches Meisterwerk. Die erotische Erscheinung dieser Skulptur wird durch das perfekte Aussehen, mit ihrer fein geformten Nase und ihrem Schmollmund, sowie Ihrer fig\u00fcrlichen wohlproportionierten erotischen Sch\u00f6nheit unterstrichen. Die erotische Bronzeskulptur \u201eAngelina with two trays\u201c ist fast zu perfekt um wirklich zu sein! Die wundersch\u00f6ne erotische [&#8230;]\n","protected":false},"featured_media":2621,"template":"","meta":{"_seopress_robots_primary_cat":"none","_seopress_titles_title":"","_seopress_titles_desc":"","_seopress_robots_index":""},"product_brand":[],"product_cat":[31],"product_tag":[62],"class_list":{"0":"post-337","1":"product","2":"type-product","3":"status-publish","4":"has-post-thumbnail","6":"product_cat-luxus-bronzeskulpturen","7":"product_tag-preis-auf-anfrage","8":"product_shipping_class-skulpturen","9":"pa_kuenstler-paul-john-ballard","11":"first","12":"instock","13":"taxable","14":"shipping-taxable","15":"product-type-variable","16":"has-default-attributes"},"publishpress_future_action":{"enabled":false,"date":"2026-05-10 12:20:43","action":"change-status","newStatus":"trash","terms":[],"taxonomy":"product_brand","extraData":[]},"publishpress_future_workflow_manual_trigger":{"enabledWorkflows":[]},"_links":{"self":[{"href":"https:\/\/finearts-exclusive.com\/es\/wp-json\/wp\/v2\/product\/337","targetHints":{"allow":["GET"]}}],"collection":[{"href":"https:\/\/finearts-exclusive.com\/es\/wp-json\/wp\/v2\/product"}],"about":[{"href":"https:\/\/finearts-exclusive.com\/es\/wp-json\/wp\/v2\/types\/product"}],"wp:featuredmedia":[{"embeddable":true,"href":"https:\/\/finearts-exclusive.com\/es\/wp-json\/wp\/v2\/media\/2621"}],"wp:attachment":[{"href":"https:\/\/finearts-exclusive.com\/es\/wp-json\/wp\/v2\/media?parent=337"}],"wp:term":[{"taxonomy":"product_brand","embeddable":true,"href":"https:\/\/finearts-exclusive.com\/es\/wp-json\/wp\/v2\/product_brand?post=337"},{"taxonomy":"product_cat","embeddable":true,"href":"https:\/\/finearts-exclusive.com\/es\/wp-json\/wp\/v2\/product_cat?post=337"},{"taxonomy":"product_tag","embeddable":true,"href":"https:\/\/finearts-exclusive.com\/es\/wp-json\/wp\/v2\/product_tag?post=337"}],"curies":[{"name":"wp","href":"https:\/\/api.w.org\/{rel}","templated":true}]}}