{"id":338,"date":"2021-11-06T13:12:49","date_gmt":"2021-11-06T12:12:49","guid":{"rendered":"https:\/\/finearts-exclusive.com\/p\/unkategorisiert\/bunny-waitress-medium-size\/"},"modified":"2025-09-06T15:00:36","modified_gmt":"2025-09-06T13:00:36","slug":"conejita-camarera-mediana","status":"publish","type":"product","link":"https:\/\/finearts-exclusive.com\/es\/p\/luxus-bronzeskulpturen\/bunny-waitress-medium-size\/","title":{"rendered":"Conejita camarera - Tama\u00f1o medio"},"content":{"rendered":"<p>Durante d\u00e9cadas las hemos conocido, las Conejitas Azafatas, o \"Bunny Waitress\", con su elegante aspecto sexy y su hospitalidad sin l\u00edmites. A lo largo de los a\u00f1os, han surgido numerosos mitos y misterios en torno a los Bunnys, pero, como todo en la vida, la realidad suele distar mucho de la fantas\u00eda. Las sensuales camareras \"Bunny Waitress\", con su disfraz de conejita, sus grandes orejas de conejo, su cola y su manguito hinchados, y su escote con los pechos levantados, tienen mucho atractivo sexual, pero nunca son baratas ni lascivas. Parte del trabajo de una camarera conejita consist\u00eda en servir amorosamente a los hu\u00e9spedes en su sexy \"pose de conejita\".<\/p>\n<p>Esta tarea de las conejitas er\u00f3ticas azafatas inspir\u00f3 al artista Don Alberto Carlos a crear una conejita camarera de tama\u00f1o natural con sus numerosos detalles er\u00f3ticos y una bandeja en la mano como sirviente mudo. La conejita, con su aspecto sexy y su disfraz de conejita sexy, ofrece a los invitados champ\u00e1n fino en una bandeja en muchas copas.<\/p>\n<p>El tama\u00f1o medio <strong>Escultura de bronce Conejo Camarera<\/strong> con sus numerosos detalles er\u00f3ticos de filigrana es una obra maestra del arte Fein-Bronzegie\u00dfer art\u00edsticamente excepcional.<\/p>","protected":false},"excerpt":{"rendered":"<p>Seit Jahrzehnten kennen wir Sie, die Bunny Hostessen, oder auch \u201eBunny Waitress\u201c, mit ihrem anmutigen sexy Aussehen und grenzenloser Gastlichkeit. Im Laufe der Jahre sind zahlreiche Mythen und Geheimnisse rund um die Bunnys entstanden, aber wie alles im Leben liegt die Realit\u00e4t oft weit von der Fantasievorstellung entfernt. Die sexy Kellnerinnen \u201eBunny Waitress\u201c mit Ihrem [&#8230;]\n","protected":false},"featured_media":2629,"template":"","meta":{"_seopress_robots_primary_cat":"none","_seopress_titles_title":"","_seopress_titles_desc":"","_seopress_robots_index":""},"product_brand":[],"product_cat":[31],"product_tag":[62],"class_list":{"0":"post-338","1":"product","2":"type-product","3":"status-publish","4":"has-post-thumbnail","6":"product_cat-luxus-bronzeskulpturen","7":"product_tag-preis-auf-anfrage","8":"product_shipping_class-skulpturen","9":"pa_kuenstler-don-alberto-carlos","11":"first","12":"instock","13":"taxable","14":"shipping-taxable","15":"product-type-variable","16":"has-default-attributes"},"publishpress_future_action":{"enabled":false,"date":"2026-04-17 12:52:35","action":"change-status","newStatus":"trash","terms":[],"taxonomy":"product_brand","extraData":[]},"publishpress_future_workflow_manual_trigger":{"enabledWorkflows":[]},"_links":{"self":[{"href":"https:\/\/finearts-exclusive.com\/es\/wp-json\/wp\/v2\/product\/338","targetHints":{"allow":["GET"]}}],"collection":[{"href":"https:\/\/finearts-exclusive.com\/es\/wp-json\/wp\/v2\/product"}],"about":[{"href":"https:\/\/finearts-exclusive.com\/es\/wp-json\/wp\/v2\/types\/product"}],"wp:featuredmedia":[{"embeddable":true,"href":"https:\/\/finearts-exclusive.com\/es\/wp-json\/wp\/v2\/media\/2629"}],"wp:attachment":[{"href":"https:\/\/finearts-exclusive.com\/es\/wp-json\/wp\/v2\/media?parent=338"}],"wp:term":[{"taxonomy":"product_brand","embeddable":true,"href":"https:\/\/finearts-exclusive.com\/es\/wp-json\/wp\/v2\/product_brand?post=338"},{"taxonomy":"product_cat","embeddable":true,"href":"https:\/\/finearts-exclusive.com\/es\/wp-json\/wp\/v2\/product_cat?post=338"},{"taxonomy":"product_tag","embeddable":true,"href":"https:\/\/finearts-exclusive.com\/es\/wp-json\/wp\/v2\/product_tag?post=338"}],"curies":[{"name":"wp","href":"https:\/\/api.w.org\/{rel}","templated":true}]}}