{"id":340,"date":"2021-11-06T13:12:50","date_gmt":"2021-11-06T12:12:50","guid":{"rendered":"https:\/\/finearts-exclusive.com\/p\/unkategorisiert\/dragons-beauty-life-size\/"},"modified":"2025-06-27T10:22:24","modified_gmt":"2025-06-27T08:22:24","slug":"dragons-beauty-life-size","status":"publish","type":"product","link":"https:\/\/finearts-exclusive.com\/es\/p\/luxus-erotik-bronzeskulpturen\/dragons-beauty-life-size\/","title":{"rendered":"Belleza de los dragones - Tama\u00f1o natural"},"content":{"rendered":"<p>Hab\u00eda una vez un joven sencillo llamado Jonas que amaba a su novia Belleza m\u00e1s que a nada. Pero todas sus propuestas de matrimonio fueron rechazadas bruscamente por ella.<\/p>\n<p>As\u00ed que pens\u00f3 en una treta. Un d\u00eda se le apareci\u00f3 un hada y le concedi\u00f3 todos sus deseos. Deseaba transformarse en un fuerte y musculoso drag\u00f3n con dos cabezas. El hada le concedi\u00f3 su deseo, pero con la condici\u00f3n de que un d\u00eda s\u00f3lo podr\u00eda volver a cambiarse si hac\u00eda feliz f\u00edsica y psicol\u00f3gicamente a su novia \"Bella\". Su deseo se ha cumplido. Cuando su novia vio el magn\u00edfico y musculoso drag\u00f3n, qued\u00f3 encantada y se enamor\u00f3 inmediatamente. El drag\u00f3n la abraz\u00f3 por detr\u00e1s y le hizo el amor con sensualidad, bes\u00e1ndola en ambas mejillas con sus dos cabezas simult\u00e1neamente. La belleza del drag\u00f3n se sinti\u00f3 muy feliz, segura y protegida.<\/p>\n<p>Como hab\u00eda cumplido la condici\u00f3n del hada, se transform\u00f3 de nuevo en el joven Jon\u00e1s. La amiga \"Bella\" ahora reconoci\u00f3 y se cas\u00f3 con su pretendiente Jonas. Vivieron felices para siempre, porque la Bella comprendi\u00f3 que no son los criterios superficiales los que son decisivos para el verdadero amor, sino los valores interiores de una persona.<\/p>\n<p>El artista Rudolfo Bucacio ha creado una impresionante escultura de bronce de fantas\u00eda, de tama\u00f1o natural, de importancia monumental. El <strong>Escultura de Bronce Dragones Belleza<\/strong> es una verdadera atracci\u00f3n, que goza de gran atenci\u00f3n y admiraci\u00f3n por parte de todos los observadores.<\/p>","protected":false},"excerpt":{"rendered":"<div class=\"video video-fit mb\" style=\"padding-top:56.25%;\">\n<div class=\"brlbs-cmpnt-container brlbs-cmpnt-content-blocker brlbs-cmpnt-with-individual-styles\" data-borlabs-cookie-content-blocker-id=\"youtube-content-blocker\" data-borlabs-cookie-content=\"PGlmcmFtZSB0aXRsZT0iRmluZSBBcnRzIFdvaG5rdWx0dXIgLSBCcm9uemUgLSBEcmFnb25zIEJlYXV0eSIgd2lkdGg9IjEwMjAiIGhlaWdodD0iNTc0IiBzcmM9Imh0dHBzOi8vd3d3LnlvdXR1YmUtbm9jb29raWUuY29tL2VtYmVkL2VsZ2t2TEtJSmpNP2ZlYXR1cmU9b2VtYmVkIiBmcmFtZWJvcmRlcj0iMCIgYWxsb3c9ImFjY2VsZXJvbWV0ZXI7IGF1dG9wbGF5OyBjbGlwYm9hcmQtd3JpdGU7IGVuY3J5cHRlZC1tZWRpYTsgZ3lyb3Njb3BlOyBwaWN0dXJlLWluLXBpY3R1cmU7IHdlYi1zaGFyZSIgYWxsb3dmdWxsc2NyZWVuPjwvaWZyYW1lPg==\">\n<div class=\"brlbs-cmpnt-cb-preset-c brlbs-cmpnt-cb-youtube\">\n<div class=\"brlbs-cmpnt-cb-thumbnail\" style=\"background-image: url('https:\/\/finearts-exclusive.com\/wp-content\/uploads\/borlabs-cookie\/1\/yt_elgkvLKIJjM_hqdefault.jpg')\"><\/div>\n<div class=\"brlbs-cmpnt-cb-main\">\n<div class=\"brlbs-cmpnt-cb-play-button\"><\/div>\n<div class=\"brlbs-cmpnt-cb-content\">\n<p class=\"brlbs-cmpnt-cb-description\">Est\u00e1s viendo un contenido de marcador de posici\u00f3n de <strong>YouTube<\/strong>. Para acceder al contenido real, haz clic en el siguiente bot\u00f3n. Ten en cuenta que al hacerlo compartir\u00e1s datos con terceros proveedores.<\/p>\n<p> <a class=\"brlbs-cmpnt-cb-provider-toggle\" href=\"#\" data-borlabs-cookie-show-provider-information role=\"button\">M\u00e1s informaci\u00f3n<\/a> <\/div>\n<div class=\"brlbs-cmpnt-cb-buttons\"> <a class=\"brlbs-cmpnt-cb-btn\" href=\"#\" data-borlabs-cookie-unblock role=\"button\">Desbloquear contenido<\/a> <a class=\"brlbs-cmpnt-cb-btn\" href=\"#\" data-borlabs-cookie-accept-service role=\"button\" style=\"display: inherit\">Aceptar el servicio requerido y desbloquear los contenidos<\/a> <\/div>\n<\/p><\/div>\n<\/p><\/div>\n<\/div>\n<\/div>","protected":false},"featured_media":61904,"template":"","meta":{"_seopress_robots_primary_cat":"none","_seopress_titles_title":"","_seopress_titles_desc":"","_seopress_robots_index":""},"product_brand":[],"product_cat":[33],"product_tag":[62],"class_list":{"0":"post-340","1":"product","2":"type-product","3":"status-publish","4":"has-post-thumbnail","6":"product_cat-luxus-erotik-bronzeskulpturen","7":"product_tag-preis-auf-anfrage","8":"product_shipping_class-skulpturen","9":"pa_kuenstler-rudolfo-bucacio","11":"first","12":"instock","13":"taxable","14":"shipping-taxable","15":"product-type-variable","16":"has-default-attributes"},"publishpress_future_action":{"enabled":false,"date":"2026-04-22 12:53:41","action":"change-status","newStatus":"trash","terms":[],"taxonomy":"product_brand","extraData":[]},"publishpress_future_workflow_manual_trigger":{"enabledWorkflows":[]},"_links":{"self":[{"href":"https:\/\/finearts-exclusive.com\/es\/wp-json\/wp\/v2\/product\/340","targetHints":{"allow":["GET"]}}],"collection":[{"href":"https:\/\/finearts-exclusive.com\/es\/wp-json\/wp\/v2\/product"}],"about":[{"href":"https:\/\/finearts-exclusive.com\/es\/wp-json\/wp\/v2\/types\/product"}],"wp:featuredmedia":[{"embeddable":true,"href":"https:\/\/finearts-exclusive.com\/es\/wp-json\/wp\/v2\/media\/61904"}],"wp:attachment":[{"href":"https:\/\/finearts-exclusive.com\/es\/wp-json\/wp\/v2\/media?parent=340"}],"wp:term":[{"taxonomy":"product_brand","embeddable":true,"href":"https:\/\/finearts-exclusive.com\/es\/wp-json\/wp\/v2\/product_brand?post=340"},{"taxonomy":"product_cat","embeddable":true,"href":"https:\/\/finearts-exclusive.com\/es\/wp-json\/wp\/v2\/product_cat?post=340"},{"taxonomy":"product_tag","embeddable":true,"href":"https:\/\/finearts-exclusive.com\/es\/wp-json\/wp\/v2\/product_tag?post=340"}],"curies":[{"name":"wp","href":"https:\/\/api.w.org\/{rel}","templated":true}]}}