{"id":341,"date":"2021-11-06T13:12:50","date_gmt":"2021-11-06T12:12:50","guid":{"rendered":"https:\/\/finearts-exclusive.com\/p\/unkategorisiert\/harlekin-lady-in-love\/"},"modified":"2023-03-15T18:14:16","modified_gmt":"2023-03-15T17:14:16","slug":"arlequin-dama-enamorada","status":"publish","type":"product","link":"https:\/\/finearts-exclusive.com\/es\/p\/luxus-bronzeskulpturen\/harlekin-lady-in-love\/","title":{"rendered":"Arlequ\u00edn y Dama enamorada"},"content":{"rendered":"<p>Como ning\u00fan otro, el Arlequ\u00edn es un ser humano que busca y se cuestiona, caracterizado por la constataci\u00f3n: Dos almas habitan en mi pecho, en la eterna b\u00fasqueda del verdadero amor.<\/p>\n<p>Estil\u00edsticamente unido a su amada, el artista Don Alberto Carlos cre\u00f3<\/p>\n<p>el peque\u00f1o <strong>Escultura de bronce Arlequ\u00edn y Dama enamorada.<\/strong><\/p>","protected":false},"excerpt":{"rendered":"<p>Como ning\u00fan otro, el Arlequ\u00edn es un ser humano que busca y se cuestiona, caracterizado por la constataci\u00f3n: Dos almas habitan en mi pecho, en la eterna b\u00fasqueda del verdadero amor. Unido estil\u00edsticamente a su amada, el artista Don Alberto Carlos cre\u00f3 la peque\u00f1a escultura de bronce Arlequ\u00edn y Dama enamorada.<\/p>","protected":false},"featured_media":2654,"template":"","meta":{"_seopress_robots_primary_cat":"none","_seopress_titles_title":"","_seopress_titles_desc":"","_seopress_robots_index":""},"product_brand":[],"product_cat":[31],"product_tag":[62],"class_list":{"0":"post-341","1":"product","2":"type-product","3":"status-publish","4":"has-post-thumbnail","6":"product_cat-luxus-bronzeskulpturen","7":"product_tag-preis-auf-anfrage","8":"product_shipping_class-skulpturen","9":"pa_kuenstler-don-alberto-carlos","11":"first","12":"instock","13":"taxable","14":"shipping-taxable","15":"product-type-variable","16":"has-default-attributes"},"publishpress_future_action":{"enabled":false,"date":"2026-04-19 12:24:49","action":"change-status","newStatus":"trash","terms":[],"taxonomy":"product_brand","extraData":[]},"publishpress_future_workflow_manual_trigger":{"enabledWorkflows":[]},"_links":{"self":[{"href":"https:\/\/finearts-exclusive.com\/es\/wp-json\/wp\/v2\/product\/341","targetHints":{"allow":["GET"]}}],"collection":[{"href":"https:\/\/finearts-exclusive.com\/es\/wp-json\/wp\/v2\/product"}],"about":[{"href":"https:\/\/finearts-exclusive.com\/es\/wp-json\/wp\/v2\/types\/product"}],"wp:featuredmedia":[{"embeddable":true,"href":"https:\/\/finearts-exclusive.com\/es\/wp-json\/wp\/v2\/media\/2654"}],"wp:attachment":[{"href":"https:\/\/finearts-exclusive.com\/es\/wp-json\/wp\/v2\/media?parent=341"}],"wp:term":[{"taxonomy":"product_brand","embeddable":true,"href":"https:\/\/finearts-exclusive.com\/es\/wp-json\/wp\/v2\/product_brand?post=341"},{"taxonomy":"product_cat","embeddable":true,"href":"https:\/\/finearts-exclusive.com\/es\/wp-json\/wp\/v2\/product_cat?post=341"},{"taxonomy":"product_tag","embeddable":true,"href":"https:\/\/finearts-exclusive.com\/es\/wp-json\/wp\/v2\/product_tag?post=341"}],"curies":[{"name":"wp","href":"https:\/\/api.w.org\/{rel}","templated":true}]}}