{"id":343,"date":"2021-11-06T13:12:50","date_gmt":"2021-11-06T12:12:50","guid":{"rendered":"https:\/\/finearts-exclusive.com\/p\/unkategorisiert\/harlekin-skulptur\/"},"modified":"2023-03-15T18:12:22","modified_gmt":"2023-03-15T17:12:22","slug":"escultura-arlequin","status":"publish","type":"product","link":"https:\/\/finearts-exclusive.com\/es\/p\/luxus-bronzeskulpturen\/harlekin-skulptur\/","title":{"rendered":"Escultura Arlequ\u00edn"},"content":{"rendered":"<p>Ya en el siglo XII se habla del Arlequ\u00edn, la figura esc\u00e9nica especial con su traje t\u00edpico, que a lo largo de los siglos se convirti\u00f3 en un fen\u00f3meno europeo. Esta fascinaci\u00f3n por la figura tragic\u00f3mica y su versatilidad contin\u00faa hasta nuestros d\u00edas. Los temas preferidos, principalmente existenciales y corporales, del err\u00e1tico y divertido Arlequ\u00edn, son sustituidos por este \u00e9nfasis en los bajos fondos <strong>Escultura de bronce de Arlequ\u00edn<\/strong> subrayado: La comida, el hambre constante, comer, escupir, cagar, eructar, el erotismo, la lujuria, el amor, la muerte.<\/p>","protected":false},"excerpt":{"rendered":"<p>Bereits aus dem 12. Jahrhundert gibt es \u00dcberlieferungen vom Harlekin, der besonderen B\u00fchnenfigur in seinem Typischen Kost\u00fcm, welche \u00fcber die Jahrhunderte zu einem europ\u00e4ischen Ph\u00e4nomen wurde. Bis heute h\u00e4lt diese Faszination der tragisch komm\u00f6dialen Figur mit seiner Vielseitigkeit bei vielen an. Die prim\u00e4r existenziell und leiblich fokussierten Lieblingsthemen des sprunghaften und spa\u00dfmachenden Harlekines werden durch [&#8230;]\n","protected":false},"featured_media":2656,"template":"","meta":{"_seopress_robots_primary_cat":"none","_seopress_titles_title":"","_seopress_titles_desc":"","_seopress_robots_index":""},"product_brand":[],"product_cat":[31],"product_tag":[62],"class_list":{"0":"post-343","1":"product","2":"type-product","3":"status-publish","4":"has-post-thumbnail","6":"product_cat-luxus-bronzeskulpturen","7":"product_tag-preis-auf-anfrage","8":"product_shipping_class-skulpturen","9":"pa_kuenstler-don-alberto-carlos","11":"first","12":"instock","13":"taxable","14":"shipping-taxable","15":"product-type-variable","16":"has-default-attributes"},"publishpress_future_action":{"enabled":false,"date":"2026-05-09 13:28:51","action":"change-status","newStatus":"trash","terms":[],"taxonomy":"product_brand","extraData":[]},"publishpress_future_workflow_manual_trigger":{"enabledWorkflows":[]},"_links":{"self":[{"href":"https:\/\/finearts-exclusive.com\/es\/wp-json\/wp\/v2\/product\/343","targetHints":{"allow":["GET"]}}],"collection":[{"href":"https:\/\/finearts-exclusive.com\/es\/wp-json\/wp\/v2\/product"}],"about":[{"href":"https:\/\/finearts-exclusive.com\/es\/wp-json\/wp\/v2\/types\/product"}],"wp:featuredmedia":[{"embeddable":true,"href":"https:\/\/finearts-exclusive.com\/es\/wp-json\/wp\/v2\/media\/2656"}],"wp:attachment":[{"href":"https:\/\/finearts-exclusive.com\/es\/wp-json\/wp\/v2\/media?parent=343"}],"wp:term":[{"taxonomy":"product_brand","embeddable":true,"href":"https:\/\/finearts-exclusive.com\/es\/wp-json\/wp\/v2\/product_brand?post=343"},{"taxonomy":"product_cat","embeddable":true,"href":"https:\/\/finearts-exclusive.com\/es\/wp-json\/wp\/v2\/product_cat?post=343"},{"taxonomy":"product_tag","embeddable":true,"href":"https:\/\/finearts-exclusive.com\/es\/wp-json\/wp\/v2\/product_tag?post=343"}],"curies":[{"name":"wp","href":"https:\/\/api.w.org\/{rel}","templated":true}]}}