{"id":349,"date":"2021-11-06T13:12:51","date_gmt":"2021-11-06T12:12:51","guid":{"rendered":"https:\/\/finearts-exclusive.com\/p\/unkategorisiert\/wandlampe-blattdesign\/"},"modified":"2025-06-30T10:35:06","modified_gmt":"2025-06-30T08:35:06","slug":"aplique-diseno-hoja","status":"publish","type":"product","link":"https:\/\/finearts-exclusive.com\/es\/p\/luxus-bronzemoebel-wohnbereich\/wandlampe-blattdesign\/","title":{"rendered":"Aplique de pared Dise\u00f1o de la hoja"},"content":{"rendered":"<p>Un concepto de iluminaci\u00f3n bien pensado es una parte importante de su exclusivo dise\u00f1o interior. Una iluminaci\u00f3n decorativa adecuada y un dise\u00f1o exclusivo crean un ambiente acogedor en su interior.<\/p>\n<p>Nuestro elegante \"<strong>Aplique de pared con dise\u00f1o de hoja de Raumvilla<\/strong>\" es ideal para embellecer sus paredes. El haz de luz directo de la l\u00e1mpara LED incorporada golpea el pan de oro de la hoja de bronce de filigrana y refleja una iluminaci\u00f3n indirecta de color dorado c\u00e1lido.<\/p>\n<p>La inspiraci\u00f3n de la naturaleza \"<strong>L\u00e1mpara de pared con dise\u00f1o de hoja<\/strong>\" con superficie de pan de oro aut\u00e9ntico es una iluminaci\u00f3n decorativa de alta calidad para un ambiente de lujo en la vivienda.<\/p>","protected":false},"excerpt":{"rendered":"<p>Ein durchdachtes Lichtkonzept ist ein wichtiger Bestandteil Ihrer exklusiven Inneneinrichtung. Die richtige dekorative Beleuchtung und exklusives Design sorgt f\u00fcr eine gem\u00fctliche Atmosph\u00e4re bei Ihrer Raumgestaltung. Unsere stylische \u201eRaumvilla Blattdesign Wandleuchte\u201e ist ideal um Ihre W\u00e4nde zu versch\u00f6nern. Der direkte Lichtstrahl der eingebauten LED-Lampe trifft auf das Blattgold des filigranen Bronzeblatts und reflektiert eine indirekte, warme [&#8230;]\n","protected":false},"featured_media":2687,"template":"","meta":{"_seopress_robots_primary_cat":"none","_seopress_titles_title":"","_seopress_titles_desc":"","_seopress_robots_index":""},"product_brand":[],"product_cat":[32],"product_tag":[62],"class_list":{"0":"post-349","1":"product","2":"type-product","3":"status-publish","4":"has-post-thumbnail","6":"product_cat-luxus-bronzemoebel-wohnbereich","7":"product_tag-preis-auf-anfrage","8":"product_shipping_class-skulpturen","9":"pa_kuenstler-don-alberto-carlos","11":"first","12":"instock","13":"taxable","14":"shipping-taxable","15":"product-type-variable","16":"has-default-attributes"},"publishpress_future_action":{"enabled":false,"date":"2026-04-12 04:29:52","action":"change-status","newStatus":"trash","terms":[],"taxonomy":"product_brand","extraData":[]},"publishpress_future_workflow_manual_trigger":{"enabledWorkflows":[]},"_links":{"self":[{"href":"https:\/\/finearts-exclusive.com\/es\/wp-json\/wp\/v2\/product\/349","targetHints":{"allow":["GET"]}}],"collection":[{"href":"https:\/\/finearts-exclusive.com\/es\/wp-json\/wp\/v2\/product"}],"about":[{"href":"https:\/\/finearts-exclusive.com\/es\/wp-json\/wp\/v2\/types\/product"}],"wp:featuredmedia":[{"embeddable":true,"href":"https:\/\/finearts-exclusive.com\/es\/wp-json\/wp\/v2\/media\/2687"}],"wp:attachment":[{"href":"https:\/\/finearts-exclusive.com\/es\/wp-json\/wp\/v2\/media?parent=349"}],"wp:term":[{"taxonomy":"product_brand","embeddable":true,"href":"https:\/\/finearts-exclusive.com\/es\/wp-json\/wp\/v2\/product_brand?post=349"},{"taxonomy":"product_cat","embeddable":true,"href":"https:\/\/finearts-exclusive.com\/es\/wp-json\/wp\/v2\/product_cat?post=349"},{"taxonomy":"product_tag","embeddable":true,"href":"https:\/\/finearts-exclusive.com\/es\/wp-json\/wp\/v2\/product_tag?post=349"}],"curies":[{"name":"wp","href":"https:\/\/api.w.org\/{rel}","templated":true}]}}