{"id":350,"date":"2021-11-06T13:12:51","date_gmt":"2021-11-06T12:12:51","guid":{"rendered":"https:\/\/finearts-exclusive.com\/p\/unkategorisiert\/waitress-lifesize\/"},"modified":"2023-02-22T19:06:03","modified_gmt":"2023-02-22T18:06:03","slug":"camarera-tamano-natural","status":"publish","type":"product","link":"https:\/\/finearts-exclusive.com\/es\/p\/luxus-bronzeskulpturen\/waitress-lifesize\/","title":{"rendered":"Camarera - Lifesize"},"content":{"rendered":"<p>Hace d\u00e9cadas que las conocemos, las azafatas con su gr\u00e1cil aspecto sexy y su ilimitada hospitalidad.<\/p>\n<p>Las sensuales camareras con su traje y sus pu\u00f1os y su profundo escote con pechos altos e hinchados tienen mucho atractivo sexual, pero nunca son baratas y lascivas. Una de sus tareas era servir con cari\u00f1o a los invitados en su \"pose\" sexy.<\/p>\n<p>Esta tarea de las azafatas er\u00f3ticas inspir\u00f3 al artista Don Alberto Carlos a crear una <strong>Escultura de bronce de una camarera<\/strong> con sus numerosos detalles er\u00f3ticos, y una bandeja en la mano, como una sirvienta muda.<\/p>\n<p>El <strong>Escultura de bronce de lujo \"Camarera<\/strong>\", con sus numerosos detalles er\u00f3ticos de filigrana, es una obra maestra art\u00edsticamente destacada de la fundici\u00f3n de bronce fina.<\/p>","protected":false},"excerpt":{"rendered":"<p>Seit Jahrzehnten kennen wir sie, die Hostessen mit ihrer anmutigen sexy Erscheinung und ihrer grenzenlosen Gastfreundschaft. Die sexy Kellnerinnen mit ihrem Kost\u00fcm und den Manschetten sowie dem tiefen Dekollet\u00e9 mit den hohen Puff-Br\u00fcsten haben viel Sexappeal, sind aber nie billig und l\u00fcstern. Eine ihrer Aufgaben war es, die G\u00e4ste in ihrer sexy \u201cPose\u201d liebevoll zu [&#8230;]\n","protected":false},"featured_media":2686,"template":"","meta":{"_seopress_robots_primary_cat":"none","_seopress_titles_title":"","_seopress_titles_desc":"","_seopress_robots_index":""},"product_brand":[],"product_cat":[31],"product_tag":[62],"class_list":{"0":"post-350","1":"product","2":"type-product","3":"status-publish","4":"has-post-thumbnail","6":"product_cat-luxus-bronzeskulpturen","7":"product_tag-preis-auf-anfrage","8":"product_shipping_class-skulpturen","9":"pa_kuenstler-don-alberto-carlos","11":"first","12":"instock","13":"taxable","14":"shipping-taxable","15":"product-type-variable","16":"has-default-attributes"},"publishpress_future_action":{"enabled":false,"date":"2026-04-21 12:54:44","action":"change-status","newStatus":"trash","terms":[],"taxonomy":"product_brand","extraData":[]},"publishpress_future_workflow_manual_trigger":{"enabledWorkflows":[]},"_links":{"self":[{"href":"https:\/\/finearts-exclusive.com\/es\/wp-json\/wp\/v2\/product\/350","targetHints":{"allow":["GET"]}}],"collection":[{"href":"https:\/\/finearts-exclusive.com\/es\/wp-json\/wp\/v2\/product"}],"about":[{"href":"https:\/\/finearts-exclusive.com\/es\/wp-json\/wp\/v2\/types\/product"}],"wp:featuredmedia":[{"embeddable":true,"href":"https:\/\/finearts-exclusive.com\/es\/wp-json\/wp\/v2\/media\/2686"}],"wp:attachment":[{"href":"https:\/\/finearts-exclusive.com\/es\/wp-json\/wp\/v2\/media?parent=350"}],"wp:term":[{"taxonomy":"product_brand","embeddable":true,"href":"https:\/\/finearts-exclusive.com\/es\/wp-json\/wp\/v2\/product_brand?post=350"},{"taxonomy":"product_cat","embeddable":true,"href":"https:\/\/finearts-exclusive.com\/es\/wp-json\/wp\/v2\/product_cat?post=350"},{"taxonomy":"product_tag","embeddable":true,"href":"https:\/\/finearts-exclusive.com\/es\/wp-json\/wp\/v2\/product_tag?post=350"}],"curies":[{"name":"wp","href":"https:\/\/api.w.org\/{rel}","templated":true}]}}