{"id":352,"date":"2021-11-06T13:12:51","date_gmt":"2021-11-06T12:12:51","guid":{"rendered":"https:\/\/finearts-exclusive.com\/p\/unkategorisiert\/bondage-girl-on-chair\/"},"modified":"2025-09-06T14:52:35","modified_gmt":"2025-09-06T12:52:35","slug":"bondage-chica-en-silla","status":"publish","type":"product","link":"https:\/\/finearts-exclusive.com\/es\/p\/luxus-erotik-bronzeskulpturen\/bondage-girl-on-chair\/","title":{"rendered":"Chica Bondage en la silla"},"content":{"rendered":"<p>Hoy en d\u00eda, cada vez m\u00e1s personas disfrutan de una nueva experiencia sexual con los juegos sexuales de bondage. El bondage se refiere a la atadura ingeniosa con cuerdas y nudos durante el sexo apasionado. Lo hacen porque quieren complacer a su pareja, porque les gusta la sensaci\u00f3n de no poder controlar su propio placer o porque les gusta la idea de ser \"utilizados\", aunque sea de forma consentida. Lo excitante de esto es, por un lado, el aspecto de sumisi\u00f3n -dejar a tu pareja a cargo de todo puede tener algo de liberador- y, por otro, que te concentras mucho m\u00e1s en lo que le pasa a tu cuerpo.<\/p>\n<p>Nuestro artista Paul John Ballard se inspir\u00f3 profundamente en el cord\u00f3n er\u00f3tico en los juegos sexuales de bondage, por lo que cre\u00f3 el <strong>Figura er\u00f3tica de bronce \"Chica Bondage en una silla<\/strong> con servidumbre art\u00edstica en una silla de bronce separada. La chica bondage se sienta en el <strong>Escultura de bronce \"Chica Bondage en una silla<\/strong> De lado en una silla, fue anudada a mano de forma art\u00edstica e individual con una cuerda de color plateado por nuestro maestro de bondage al estilo japon\u00e9s de Shibari y atada a la silla.  Es posible que se produzcan m\u00ednimas desviaciones de la imagen. <strong>escultura er\u00f3tica de bronce \"Bondage Girl on Chair<\/strong> posible.<\/p>","protected":false},"excerpt":{"rendered":"<div class=\"video video-fit mb\" style=\"padding-top:56.25%;\">\n<div class=\"brlbs-cmpnt-container brlbs-cmpnt-content-blocker brlbs-cmpnt-with-individual-styles\" data-borlabs-cookie-content-blocker-id=\"youtube-content-blocker\" data-borlabs-cookie-content=\"PGlmcmFtZSB0aXRsZT0iRmluZSBBcnRzIFdvaG5rdWx0dXIgLSBCcm9uemUgLSBHaXJsIE9uIENoYWlyIiB3aWR0aD0iMTAyMCIgaGVpZ2h0PSI1NzQiIHNyYz0iaHR0cHM6Ly93d3cueW91dHViZS1ub2Nvb2tpZS5jb20vZW1iZWQvU1VTQ3dRX1BrYTQ\/ZmVhdHVyZT1vZW1iZWQiIGZyYW1lYm9yZGVyPSIwIiBhbGxvdz0iYWNjZWxlcm9tZXRlcjsgYXV0b3BsYXk7IGNsaXBib2FyZC13cml0ZTsgZW5jcnlwdGVkLW1lZGlhOyBneXJvc2NvcGU7IHBpY3R1cmUtaW4tcGljdHVyZTsgd2ViLXNoYXJlIiBhbGxvd2Z1bGxzY3JlZW4+PC9pZnJhbWU+\">\n<div class=\"brlbs-cmpnt-cb-preset-c brlbs-cmpnt-cb-youtube\">\n<div class=\"brlbs-cmpnt-cb-thumbnail\" style=\"background-image: url('https:\/\/finearts-exclusive.com\/wp-content\/uploads\/borlabs-cookie\/1\/yt_SUSCwQ_Pka4_hqdefault.jpg')\"><\/div>\n<div class=\"brlbs-cmpnt-cb-main\">\n<div class=\"brlbs-cmpnt-cb-play-button\"><\/div>\n<div class=\"brlbs-cmpnt-cb-content\">\n<p class=\"brlbs-cmpnt-cb-description\">Est\u00e1s viendo un contenido de marcador de posici\u00f3n de <strong>YouTube<\/strong>. Para acceder al contenido real, haz clic en el siguiente bot\u00f3n. Ten en cuenta que al hacerlo compartir\u00e1s datos con terceros proveedores.<\/p>\n<p> <a class=\"brlbs-cmpnt-cb-provider-toggle\" href=\"#\" data-borlabs-cookie-show-provider-information role=\"button\">M\u00e1s informaci\u00f3n<\/a> <\/div>\n<div class=\"brlbs-cmpnt-cb-buttons\"> <a class=\"brlbs-cmpnt-cb-btn\" href=\"#\" data-borlabs-cookie-unblock role=\"button\">Desbloquear contenido<\/a> <a class=\"brlbs-cmpnt-cb-btn\" href=\"#\" data-borlabs-cookie-accept-service role=\"button\" style=\"display: inherit\">Aceptar el servicio requerido y desbloquear los contenidos<\/a> <\/div>\n<\/p><\/div>\n<\/p><\/div>\n<\/div>\n<\/div>","protected":false},"featured_media":61903,"template":"","meta":{"_seopress_robots_primary_cat":"none","_seopress_titles_title":"","_seopress_titles_desc":"","_seopress_robots_index":""},"product_brand":[],"product_cat":[33],"product_tag":[62],"class_list":{"0":"post-352","1":"product","2":"type-product","3":"status-publish","4":"has-post-thumbnail","6":"product_cat-luxus-erotik-bronzeskulpturen","7":"product_tag-preis-auf-anfrage","8":"product_shipping_class-skulpturen","9":"pa_kuenstler-paul-john-ballard","11":"first","12":"instock","13":"taxable","14":"shipping-taxable","15":"product-type-variable","16":"has-default-attributes"},"publishpress_future_action":{"enabled":false,"date":"2026-05-11 13:20:23","action":"change-status","newStatus":"trash","terms":[],"taxonomy":"product_brand","extraData":[]},"publishpress_future_workflow_manual_trigger":{"enabledWorkflows":[]},"_links":{"self":[{"href":"https:\/\/finearts-exclusive.com\/es\/wp-json\/wp\/v2\/product\/352","targetHints":{"allow":["GET"]}}],"collection":[{"href":"https:\/\/finearts-exclusive.com\/es\/wp-json\/wp\/v2\/product"}],"about":[{"href":"https:\/\/finearts-exclusive.com\/es\/wp-json\/wp\/v2\/types\/product"}],"wp:featuredmedia":[{"embeddable":true,"href":"https:\/\/finearts-exclusive.com\/es\/wp-json\/wp\/v2\/media\/61903"}],"wp:attachment":[{"href":"https:\/\/finearts-exclusive.com\/es\/wp-json\/wp\/v2\/media?parent=352"}],"wp:term":[{"taxonomy":"product_brand","embeddable":true,"href":"https:\/\/finearts-exclusive.com\/es\/wp-json\/wp\/v2\/product_brand?post=352"},{"taxonomy":"product_cat","embeddable":true,"href":"https:\/\/finearts-exclusive.com\/es\/wp-json\/wp\/v2\/product_cat?post=352"},{"taxonomy":"product_tag","embeddable":true,"href":"https:\/\/finearts-exclusive.com\/es\/wp-json\/wp\/v2\/product_tag?post=352"}],"curies":[{"name":"wp","href":"https:\/\/api.w.org\/{rel}","templated":true}]}}