{"id":354,"date":"2021-11-06T13:12:51","date_gmt":"2021-11-06T12:12:51","guid":{"rendered":"https:\/\/finearts-exclusive.com\/p\/unkategorisiert\/bondage-girl-lucy-hanging\/"},"modified":"2025-09-06T14:57:21","modified_gmt":"2025-09-06T12:57:21","slug":"bondage-chica-lucy-colgando","status":"publish","type":"product","link":"https:\/\/finearts-exclusive.com\/es\/p\/luxus-erotik-bronzeskulpturen\/bondage-girl-lucy-hanging\/","title":{"rendered":"Chica Bondage \"LUCY\" colgada"},"content":{"rendered":"<p>Hoy en d\u00eda, cada vez m\u00e1s personas disfrutan de un nuevo impulso sexual con el bondage.<\/p>\n<p>El bondage se refiere a la restricci\u00f3n ingeniosa con cuerdas y nudos durante el sexo lleno de pasi\u00f3n. Puede que lo hagan porque quieren complacer a su pareja, porque les gusta la sensaci\u00f3n de no controlar su propio placer o porque les gusta la idea de ser \"utilizados\", aunque sea de forma consentida.<\/p>\n<p>Lo excitante de esto es, por un lado, el aspecto de sumisi\u00f3n -dejar a tu pareja a cargo de todo puede tener algo de liberador- y, por otro, que te concentras mucho m\u00e1s en lo que sucede con tu cuerpo.<\/p>\n<p>Nuestro artista Paul John Ballard se inspir\u00f3 profundamente en el cord\u00f3n er\u00f3tico del juego sexual bondage, por lo que cre\u00f3 la escultura er\u00f3tica de bronce \"Bondage Girl LUCY hanging\" con bondage art\u00edstico.<\/p>\n<p>El <strong>Chica Bondage LUCY<\/strong> cuelga boca abajo de una cuerda, ha sido art\u00edsticamente anudada a mano con cuerda de color plateado por nuestro maestro de bondage al estilo japon\u00e9s de Shibari, individualmente para cada escultura. M\u00ednimas desviaciones del cord\u00f3n a la imagen del <strong>escultura er\u00f3tica de bronce Bondage Girl Lucy<\/strong> son posibles.<\/p>","protected":false},"excerpt":{"rendered":"<p>In der heutigen Zeit genie\u00dfen immer mehr Menschen ein sexuell neues Lebensgef\u00fchl mit Bondage. Bondage seht f\u00fcr die kunstvolle Fesselung mit Schn\u00fcren und Knoten beim Sex voller Leidenschaft. Sie m\u00f6gen es tun, weil sie ihrem Partner gefallen wollen, weil sie das Gef\u00fchl m\u00f6gen, au\u00dfer Kontrolle \u00fcber ihr eigenes Vergn\u00fcgen zu sein, oder weil sie die [&#8230;]\n","protected":false},"featured_media":61901,"template":"","meta":{"_seopress_robots_primary_cat":"none","_seopress_titles_title":"","_seopress_titles_desc":"","_seopress_robots_index":"","_seopress_analysis_target_kw":""},"product_brand":[],"product_cat":[33],"product_tag":[62],"class_list":{"0":"post-354","1":"product","2":"type-product","3":"status-publish","4":"has-post-thumbnail","6":"product_cat-luxus-erotik-bronzeskulpturen","7":"product_tag-preis-auf-anfrage","8":"product_shipping_class-skulpturen","9":"pa_kuenstler-paul-john-ballard","11":"first","12":"instock","13":"taxable","14":"shipping-taxable","15":"product-type-variable","16":"has-default-attributes"},"publishpress_future_action":{"enabled":false,"date":"2026-05-19 16:43:38","action":"change-status","newStatus":"trash","terms":[],"taxonomy":"product_brand","extraData":[]},"publishpress_future_workflow_manual_trigger":{"enabledWorkflows":[]},"_links":{"self":[{"href":"https:\/\/finearts-exclusive.com\/es\/wp-json\/wp\/v2\/product\/354","targetHints":{"allow":["GET"]}}],"collection":[{"href":"https:\/\/finearts-exclusive.com\/es\/wp-json\/wp\/v2\/product"}],"about":[{"href":"https:\/\/finearts-exclusive.com\/es\/wp-json\/wp\/v2\/types\/product"}],"wp:featuredmedia":[{"embeddable":true,"href":"https:\/\/finearts-exclusive.com\/es\/wp-json\/wp\/v2\/media\/61901"}],"wp:attachment":[{"href":"https:\/\/finearts-exclusive.com\/es\/wp-json\/wp\/v2\/media?parent=354"}],"wp:term":[{"taxonomy":"product_brand","embeddable":true,"href":"https:\/\/finearts-exclusive.com\/es\/wp-json\/wp\/v2\/product_brand?post=354"},{"taxonomy":"product_cat","embeddable":true,"href":"https:\/\/finearts-exclusive.com\/es\/wp-json\/wp\/v2\/product_cat?post=354"},{"taxonomy":"product_tag","embeddable":true,"href":"https:\/\/finearts-exclusive.com\/es\/wp-json\/wp\/v2\/product_tag?post=354"}],"curies":[{"name":"wp","href":"https:\/\/api.w.org\/{rel}","templated":true}]}}