{"id":355,"date":"2021-11-06T13:12:51","date_gmt":"2021-11-06T12:12:51","guid":{"rendered":"https:\/\/finearts-exclusive.com\/p\/unkategorisiert\/devote-lady\/"},"modified":"2025-09-09T11:46:49","modified_gmt":"2025-09-09T09:46:49","slug":"dama-sumisa","status":"publish","type":"product","link":"https:\/\/finearts-exclusive.com\/es\/p\/luxus-erotik-bronzeskulpturen\/devote-lady\/","title":{"rendered":"Dama sumisa"},"content":{"rendered":"<p>El artista Paul John Ballard aborda la idea err\u00f3nea de una mujer sumisa.<\/p>\n<p>Por eso cre\u00f3 un hermoso <strong>Figura er\u00f3tica de bronce con el nombre de \"Dama devota\". <\/strong><\/p>\n<p>Devota es otra palabra que significa sumisa o devota.<\/p>\n<p>Una mujer sexualmente sumisa en la cama significa, por tanto, que es pasiva, que cede completamente las riendas y que su pareja asume el papel dominante con plena confianza y respeto mutuo.<\/p>\n<p>Seg\u00fan la artista, el comportamiento sumiso no es una debilidad, sino que muestra una gran confianza en s\u00ed mismo para comunicar y vivir la fantas\u00eda sexual de la sumisi\u00f3n. Nuestro <strong>escultura er\u00f3tica de bronce \"Dama devota<\/strong> irradia precisamente esto.<\/p>\n<p>Hoy en d\u00eda, muchas mujeres sumisas profesan p\u00fablicamente su anhelo de ser la apasionada amante sumisa de su marido, as\u00ed como su mayor apoyo y ayuda desinteresada.<\/p>","protected":false},"excerpt":{"rendered":"<p>Der K\u00fcnstler Paul John Ballard besch\u00e4ftigt sich mit dem allgemeinen Missverst\u00e4ndnis einer devoten Frau. Deshalb kreierte er eine wundersch\u00f6ne erotische Bronzefigur mit dem Namen \u201cDevote Lady\u201d. Devote ist ein anderes Wort f\u00fcr unterw\u00fcrfig oder ergeben. Eine sexuell devote Frau im Bett bedeutet also, dass sie sich passiv gibt, die Z\u00fcgel komplett abgibt und der Partner [&#8230;]\n","protected":false},"featured_media":2638,"template":"","meta":{"_seopress_robots_primary_cat":"none","_seopress_titles_title":"","_seopress_titles_desc":"","_seopress_robots_index":""},"product_brand":[],"product_cat":[33],"product_tag":[62],"class_list":{"0":"post-355","1":"product","2":"type-product","3":"status-publish","4":"has-post-thumbnail","6":"product_cat-luxus-erotik-bronzeskulpturen","7":"product_tag-preis-auf-anfrage","8":"product_shipping_class-skulpturen","9":"pa_kuenstler-paul-john-ballard","11":"first","12":"instock","13":"taxable","14":"shipping-taxable","15":"product-type-variable","16":"has-default-attributes"},"publishpress_future_action":{"enabled":false,"date":"2026-05-07 07:22:24","action":"change-status","newStatus":"trash","terms":[],"taxonomy":"product_brand","extraData":[]},"publishpress_future_workflow_manual_trigger":{"enabledWorkflows":[]},"_links":{"self":[{"href":"https:\/\/finearts-exclusive.com\/es\/wp-json\/wp\/v2\/product\/355","targetHints":{"allow":["GET"]}}],"collection":[{"href":"https:\/\/finearts-exclusive.com\/es\/wp-json\/wp\/v2\/product"}],"about":[{"href":"https:\/\/finearts-exclusive.com\/es\/wp-json\/wp\/v2\/types\/product"}],"wp:featuredmedia":[{"embeddable":true,"href":"https:\/\/finearts-exclusive.com\/es\/wp-json\/wp\/v2\/media\/2638"}],"wp:attachment":[{"href":"https:\/\/finearts-exclusive.com\/es\/wp-json\/wp\/v2\/media?parent=355"}],"wp:term":[{"taxonomy":"product_brand","embeddable":true,"href":"https:\/\/finearts-exclusive.com\/es\/wp-json\/wp\/v2\/product_brand?post=355"},{"taxonomy":"product_cat","embeddable":true,"href":"https:\/\/finearts-exclusive.com\/es\/wp-json\/wp\/v2\/product_cat?post=355"},{"taxonomy":"product_tag","embeddable":true,"href":"https:\/\/finearts-exclusive.com\/es\/wp-json\/wp\/v2\/product_tag?post=355"}],"curies":[{"name":"wp","href":"https:\/\/api.w.org\/{rel}","templated":true}]}}