{"id":357,"date":"2021-11-06T13:12:52","date_gmt":"2021-11-06T12:12:52","guid":{"rendered":"https:\/\/finearts-exclusive.com\/p\/unkategorisiert\/bondage-girl-ella-on-stool\/"},"modified":"2025-09-06T14:50:01","modified_gmt":"2025-09-06T12:50:01","slug":"bondage-chica-ella-en-taburete","status":"publish","type":"product","link":"https:\/\/finearts-exclusive.com\/es\/p\/luxus-erotik-bronzeskulpturen\/bondage-girl-ella-on-stool\/","title":{"rendered":"Chica Bondage \"ELLA\" en el taburete"},"content":{"rendered":"<p>Hoy en d\u00eda, cada vez m\u00e1s personas disfrutan de una nueva experiencia sexual con los juegos sexuales de bondage. El bondage es el atado ingenioso con cuerdas y nudos durante el sexo apasionado. Puede que lo hagan porque quieren complacer a su pareja, porque les gusta la sensaci\u00f3n de no controlar su propio placer o porque les gusta la idea de ser \"utilizados\", aunque sea de forma consentida. Lo excitante de esto es, por un lado, el aspecto de sumisi\u00f3n -dejar a tu pareja a cargo de todo puede tener algo de liberador- y, por otro, que te concentras mucho m\u00e1s en lo que le pasa a tu cuerpo.<\/p>\n<p>Nuestro artista Paul John Ballard se inspir\u00f3 profundamente en el lazo er\u00f3tico durante los juegos sexuales de bondage, por lo que cre\u00f3 la figura er\u00f3tica de bronce \"Bondage Girls ELLA on Stool\" con bondage art\u00edstico.<\/p>\n<p>El <strong>Escultura de bronce \"Bondage Girl ELLA en el taburete<\/strong>\"sentada en un taburete, ha sido art\u00edsticamente anudada a mano con una cuerda de color plateado por nuestro maestro de bondage al estilo japon\u00e9s de Shibari, de forma individual para cada escultura. Las desviaciones m\u00ednimas de la ilustraci\u00f3n son posibles con el <strong>Figura de bronce \"Chicas Bondage ELLA en un taburete<\/strong> posible.<\/p>","protected":false},"excerpt":{"rendered":"<p>In der heutigen Zeit genie\u00dfen immer mehr Menschen ein sexuell neues Lebensgef\u00fchl mit Bondage Sexspiele. Bondage seht f\u00fcr die kunstvolle Fesselung mit Schn\u00fcren und Knoten beim Sex voller Leidenschaft. Sie m\u00f6gen es tun, weil sie ihrem Partner gefallen wollen, weil sie das Gef\u00fchl m\u00f6gen, au\u00dfer Kontrolle \u00fcber ihr eigenes Vergn\u00fcgen zu sein, oder weil sie [&#8230;]\n","protected":false},"featured_media":4427,"template":"","meta":{"_seopress_robots_primary_cat":"none","_seopress_titles_title":"","_seopress_titles_desc":"","_seopress_robots_index":""},"product_brand":[],"product_cat":[33],"product_tag":[62],"class_list":{"0":"post-357","1":"product","2":"type-product","3":"status-publish","4":"has-post-thumbnail","6":"product_cat-luxus-erotik-bronzeskulpturen","7":"product_tag-preis-auf-anfrage","8":"product_shipping_class-skulpturen","9":"pa_kuenstler-paul-john-ballard","11":"first","12":"instock","13":"taxable","14":"shipping-taxable","15":"product-type-variable","16":"has-default-attributes"},"publishpress_future_action":{"enabled":false,"date":"2026-05-07 15:30:47","action":"change-status","newStatus":"trash","terms":[],"taxonomy":"product_brand","extraData":[]},"publishpress_future_workflow_manual_trigger":{"enabledWorkflows":[]},"_links":{"self":[{"href":"https:\/\/finearts-exclusive.com\/es\/wp-json\/wp\/v2\/product\/357","targetHints":{"allow":["GET"]}}],"collection":[{"href":"https:\/\/finearts-exclusive.com\/es\/wp-json\/wp\/v2\/product"}],"about":[{"href":"https:\/\/finearts-exclusive.com\/es\/wp-json\/wp\/v2\/types\/product"}],"wp:featuredmedia":[{"embeddable":true,"href":"https:\/\/finearts-exclusive.com\/es\/wp-json\/wp\/v2\/media\/4427"}],"wp:attachment":[{"href":"https:\/\/finearts-exclusive.com\/es\/wp-json\/wp\/v2\/media?parent=357"}],"wp:term":[{"taxonomy":"product_brand","embeddable":true,"href":"https:\/\/finearts-exclusive.com\/es\/wp-json\/wp\/v2\/product_brand?post=357"},{"taxonomy":"product_cat","embeddable":true,"href":"https:\/\/finearts-exclusive.com\/es\/wp-json\/wp\/v2\/product_cat?post=357"},{"taxonomy":"product_tag","embeddable":true,"href":"https:\/\/finearts-exclusive.com\/es\/wp-json\/wp\/v2\/product_tag?post=357"}],"curies":[{"name":"wp","href":"https:\/\/api.w.org\/{rel}","templated":true}]}}