{"id":358,"date":"2021-11-06T13:12:52","date_gmt":"2021-11-06T12:12:52","guid":{"rendered":"https:\/\/finearts-exclusive.com\/p\/unkategorisiert\/ladys-candleholder\/"},"modified":"2025-09-06T14:51:31","modified_gmt":"2025-09-06T12:51:31","slug":"candelabro-de-senora","status":"publish","type":"product","link":"https:\/\/finearts-exclusive.com\/es\/p\/luxus-bronzemoebel-wohnbereich\/ladys-candleholder\/","title":{"rendered":"Candelabro de dama"},"content":{"rendered":"<p>La figura de bronce \"Candelabro para se\u00f1oras\" es un candelabro muy fino y er\u00f3tico de tipo exclusivo. La abertura del candelabro de bronce simboliza los labios bien formados de la vulva. Su fuente de luz se mantiene erguida en la elegante y sensual apertura del candelabro.<\/p>\n<p>Por la noche, a la armoniosa luz de las velas y en compa\u00f1\u00eda amorosa, en una rom\u00e1ntica \"Cena para dos\", podr\u00e1 olvidarse del mundo por un rato con la escultura de bronce \"Damas candelabro\". El c\u00e1lido parpadeo de la vela del <strong>Candelabro de dama<\/strong> evoca fascinantes juegos de sombras y crea una atm\u00f3sfera er\u00f3tica. El erotismo simb\u00f3lico del <strong>Candelabro de dama<\/strong> no s\u00f3lo crea un ambiente er\u00f3tico, sino tambi\u00e9n momentos de felicidad.<\/p>\n<p>El <strong>candelabro er\u00f3tico \"Ladys Candleholder<\/strong> es un aut\u00e9ntico reclamo con el que puede resaltar decorativamente su estilo individual.<\/p>","protected":false},"excerpt":{"rendered":"<p>Die Bronzefigur \u201eLadys Kerzenhalter\u201c oder \u201eLadys Candleholder\u201c ist ein sehr feiner und erotischer Kerzenhalter der exklusiven Art. Die \u00d6ffnung des Bronze Kerzenhalters symbolisieren die wohl geformten Vulva-Lippen. In der ausgefallen sinnlichen \u00d6ffnung des Kerzenhalters steht Ihre Lichtquelle kerzengerade. Abends mit harmonischem Kerzenlicht und in liebevoller Gesellschaft, bei einem romantischen \u201eDinner for Two\u201d, k\u00f6nnen Sie die [&#8230;]\n","protected":false},"featured_media":2663,"template":"","meta":{"_seopress_robots_primary_cat":"none","_seopress_titles_title":"","_seopress_titles_desc":"","_seopress_robots_index":""},"product_brand":[],"product_cat":[32],"product_tag":[62],"class_list":{"0":"post-358","1":"product","2":"type-product","3":"status-publish","4":"has-post-thumbnail","6":"product_cat-luxus-bronzemoebel-wohnbereich","7":"product_tag-preis-auf-anfrage","8":"product_shipping_class-skulpturen","9":"pa_kuenstler-rudolfo-bucacio","11":"first","12":"instock","13":"taxable","14":"shipping-taxable","15":"product-type-variable","16":"has-default-attributes"},"publishpress_future_action":{"enabled":false,"date":"2026-04-24 02:55:33","action":"change-status","newStatus":"trash","terms":[],"taxonomy":"product_brand","extraData":[]},"publishpress_future_workflow_manual_trigger":{"enabledWorkflows":[]},"_links":{"self":[{"href":"https:\/\/finearts-exclusive.com\/es\/wp-json\/wp\/v2\/product\/358","targetHints":{"allow":["GET"]}}],"collection":[{"href":"https:\/\/finearts-exclusive.com\/es\/wp-json\/wp\/v2\/product"}],"about":[{"href":"https:\/\/finearts-exclusive.com\/es\/wp-json\/wp\/v2\/types\/product"}],"wp:featuredmedia":[{"embeddable":true,"href":"https:\/\/finearts-exclusive.com\/es\/wp-json\/wp\/v2\/media\/2663"}],"wp:attachment":[{"href":"https:\/\/finearts-exclusive.com\/es\/wp-json\/wp\/v2\/media?parent=358"}],"wp:term":[{"taxonomy":"product_brand","embeddable":true,"href":"https:\/\/finearts-exclusive.com\/es\/wp-json\/wp\/v2\/product_brand?post=358"},{"taxonomy":"product_cat","embeddable":true,"href":"https:\/\/finearts-exclusive.com\/es\/wp-json\/wp\/v2\/product_cat?post=358"},{"taxonomy":"product_tag","embeddable":true,"href":"https:\/\/finearts-exclusive.com\/es\/wp-json\/wp\/v2\/product_tag?post=358"}],"curies":[{"name":"wp","href":"https:\/\/api.w.org\/{rel}","templated":true}]}}