{"id":361,"date":"2022-01-06T13:12:52","date_gmt":"2022-01-06T12:12:52","guid":{"rendered":"https:\/\/finearts-exclusive.com\/p\/unkategorisiert\/techno-lover-small-size\/"},"modified":"2025-09-06T14:37:14","modified_gmt":"2025-09-06T12:37:14","slug":"techno-lover-tamano-pequeno","status":"publish","type":"product","link":"https:\/\/finearts-exclusive.com\/es\/p\/luxus-erotik-bronzeskulpturen\/techno-lover-small-size\/","title":{"rendered":"Techno Lover Tama\u00f1o Peque\u00f1o"},"content":{"rendered":"<p>El amor del hombre por la imagen de su fantas\u00eda no es en absoluto una creaci\u00f3n de los tiempos modernos; \u00a1los poetas romanos ya lo so\u00f1aban! Durante d\u00e9cadas, los cineastas de Hollywood han estado fascinados por el tema del \"sexo con robots\".<\/p>\n<p>El artista Rudolfo Bucacio tambi\u00e9n qued\u00f3 profundamente impresionado por nuestra vida cotidiana digital, lo que tambi\u00e9n le llev\u00f3 a adentrarse en nuestra vida sexual digital. Se pregunt\u00f3: \u00bfEl futuro es el sexo con robots y con m\u00e1quinas? Los robots amorosos humanoides son tan reales hoy en d\u00eda que ya no se diferencian de los humanos, ni siquiera en lo que respecta al sexo. Los usuarios pueden vivir sus (peores) fantas\u00edas sin restricciones, sin herir a ning\u00fan ser humano.<\/p>\n<p>Rodolfo Bucacio transform\u00f3 esta profunda visi\u00f3n en una obra maestra definitiva, una peque\u00f1a, <strong>escultura er\u00f3tica de bronce \"TECHNO LOVER<\/strong>\". Su <strong>figura er\u00f3tica de bronce TECHNO LOVER<\/strong> cuenta el amor no correspondido de una mujer sensual.<\/p>\n<p>Como sus amantes siempre la decepcionaban en la realidad, cre\u00f3 su hombre ideal de ensue\u00f1o: un robot mediante un soplete, con el que ahora podr\u00eda vivir sus (peores) fantas\u00edas y anhelos secretos.<\/p>\n<p>La obra maestra del arte del bronce, <strong>TECHNO LOVER,<\/strong> es una de nuestras esculturas er\u00f3ticas m\u00e1s exitosas.<\/p>","protected":false},"excerpt":{"rendered":"<p>Die Liebe des Menschen zum Abbild seiner Fantasie ist keineswegs eine Kopfgeburt der Neuzeit, sondern schon die r\u00f6mischen Dichter tr\u00e4umten davon! Seit Jahrzehnten fasziniert die Filmemachern in Hollywood das Thema \u201eSex mit Robotern\u201e. Auch der K\u00fcnstler Rudolfo Bucacio war tief beeindruckt von unserem digitalen Alltag, der auch zum Einzug in unser digitales Sexleben f\u00fchrte. Er [&#8230;]\n","protected":false},"featured_media":2694,"template":"","meta":{"_seopress_robots_primary_cat":"none","_seopress_titles_title":"","_seopress_titles_desc":"","_seopress_robots_index":""},"product_brand":[],"product_cat":[33],"product_tag":[62],"class_list":{"0":"post-361","1":"product","2":"type-product","3":"status-publish","4":"has-post-thumbnail","6":"product_cat-luxus-erotik-bronzeskulpturen","7":"product_tag-preis-auf-anfrage","8":"product_shipping_class-skulpturen","9":"pa_kuenstler-rudolfo-bucacio","11":"first","12":"instock","13":"taxable","14":"shipping-taxable","15":"product-type-variable","16":"has-default-attributes"},"publishpress_future_action":{"enabled":false,"date":"2026-04-21 11:54:51","action":"change-status","newStatus":"trash","terms":[],"taxonomy":"product_brand","extraData":[]},"publishpress_future_workflow_manual_trigger":{"enabledWorkflows":[]},"_links":{"self":[{"href":"https:\/\/finearts-exclusive.com\/es\/wp-json\/wp\/v2\/product\/361","targetHints":{"allow":["GET"]}}],"collection":[{"href":"https:\/\/finearts-exclusive.com\/es\/wp-json\/wp\/v2\/product"}],"about":[{"href":"https:\/\/finearts-exclusive.com\/es\/wp-json\/wp\/v2\/types\/product"}],"wp:featuredmedia":[{"embeddable":true,"href":"https:\/\/finearts-exclusive.com\/es\/wp-json\/wp\/v2\/media\/2694"}],"wp:attachment":[{"href":"https:\/\/finearts-exclusive.com\/es\/wp-json\/wp\/v2\/media?parent=361"}],"wp:term":[{"taxonomy":"product_brand","embeddable":true,"href":"https:\/\/finearts-exclusive.com\/es\/wp-json\/wp\/v2\/product_brand?post=361"},{"taxonomy":"product_cat","embeddable":true,"href":"https:\/\/finearts-exclusive.com\/es\/wp-json\/wp\/v2\/product_cat?post=361"},{"taxonomy":"product_tag","embeddable":true,"href":"https:\/\/finearts-exclusive.com\/es\/wp-json\/wp\/v2\/product_tag?post=361"}],"curies":[{"name":"wp","href":"https:\/\/api.w.org\/{rel}","templated":true}]}}