{"id":362,"date":"2021-11-06T13:12:53","date_gmt":"2021-11-06T12:12:53","guid":{"rendered":"https:\/\/finearts-exclusive.com\/p\/unkategorisiert\/adonis\/"},"modified":"2024-03-27T18:26:05","modified_gmt":"2024-03-27T17:26:05","slug":"adonis","status":"publish","type":"product","link":"https:\/\/finearts-exclusive.com\/es\/p\/luxus-bronzeskulpturen\/adonis\/","title":{"rendered":"Adonis"},"content":{"rendered":"<p>El cuerpo bien proporcionado e ideal del joven, con sus paquetes musculares definidos, lleva el nombre po\u00e9tico de Adonis, seg\u00fan el dios griego de la belleza y la vegetaci\u00f3n.<\/p>\n<p>El bello Adonis oculta con sus dos manos su magn\u00edfico pubis masculino que, sin embargo, es claramente visible entre las palmas si se mira con atenci\u00f3n.<\/p>\n<p>Esta pose er\u00f3tica lo hace a\u00fan m\u00e1s provocativo y deseable para su admirador.<\/p>","protected":false},"excerpt":{"rendered":"<p>Der wohlproportionierte und idealtypische K\u00f6rper des J\u00fcnglings mit seinen definierten Muskelpaketen tr\u00e4gt den poetischen Namen Adonis, gem\u00e4\u00df dem griechischen Gott der Sch\u00f6nheit und Vegetation. Der wundersch\u00f6ne Adonis verbirgt seine pr\u00e4chtige m\u00e4nnliche Scham mit seinen zwei H\u00e4nden, die aber beim genauen betrachten zwischen den Handfl\u00e4chen klar erkennbar ist. Diese erotisch Pose macht ihn f\u00fcr seinen Verehrer [&#8230;]\n","protected":false},"featured_media":2619,"template":"","meta":{"_seopress_robots_primary_cat":"none","_seopress_titles_title":"","_seopress_titles_desc":"","_seopress_robots_index":""},"product_brand":[],"product_cat":[31],"product_tag":[62],"class_list":{"0":"post-362","1":"product","2":"type-product","3":"status-publish","4":"has-post-thumbnail","6":"product_cat-luxus-bronzeskulpturen","7":"product_tag-preis-auf-anfrage","8":"product_shipping_class-skulpturen","9":"pa_kuenstler-don-alberto-carlos","11":"first","12":"instock","13":"taxable","14":"shipping-taxable","15":"product-type-variable","16":"has-default-attributes"},"publishpress_future_action":{"enabled":false,"date":"2026-04-15 13:46:11","action":"change-status","newStatus":"trash","terms":[],"taxonomy":"product_brand","extraData":[]},"publishpress_future_workflow_manual_trigger":{"enabledWorkflows":[]},"_links":{"self":[{"href":"https:\/\/finearts-exclusive.com\/es\/wp-json\/wp\/v2\/product\/362","targetHints":{"allow":["GET"]}}],"collection":[{"href":"https:\/\/finearts-exclusive.com\/es\/wp-json\/wp\/v2\/product"}],"about":[{"href":"https:\/\/finearts-exclusive.com\/es\/wp-json\/wp\/v2\/types\/product"}],"wp:featuredmedia":[{"embeddable":true,"href":"https:\/\/finearts-exclusive.com\/es\/wp-json\/wp\/v2\/media\/2619"}],"wp:attachment":[{"href":"https:\/\/finearts-exclusive.com\/es\/wp-json\/wp\/v2\/media?parent=362"}],"wp:term":[{"taxonomy":"product_brand","embeddable":true,"href":"https:\/\/finearts-exclusive.com\/es\/wp-json\/wp\/v2\/product_brand?post=362"},{"taxonomy":"product_cat","embeddable":true,"href":"https:\/\/finearts-exclusive.com\/es\/wp-json\/wp\/v2\/product_cat?post=362"},{"taxonomy":"product_tag","embeddable":true,"href":"https:\/\/finearts-exclusive.com\/es\/wp-json\/wp\/v2\/product_tag?post=362"}],"curies":[{"name":"wp","href":"https:\/\/api.w.org\/{rel}","templated":true}]}}