{"id":363,"date":"2021-11-06T13:12:53","date_gmt":"2021-11-06T12:12:53","guid":{"rendered":"https:\/\/finearts-exclusive.com\/p\/unkategorisiert\/rubina-coffee-table\/"},"modified":"2025-06-27T10:14:12","modified_gmt":"2025-06-27T08:14:12","slug":"mesa-de-centro-rubina","status":"publish","type":"product","link":"https:\/\/finearts-exclusive.com\/es\/p\/luxus-bronzemoebel-wohnbereich\/rubina-coffee-table\/","title":{"rendered":"Mesa de centro Rubina"},"content":{"rendered":"<p>Este producto altamente er\u00f3tico <strong>Mesa de centro Rubina<\/strong>\", con un plato de cristal ovalado, es un tipo especial de cultura gastron\u00f3mica moderna.  Un cuerpo femenino er\u00f3ticamente bien proporcionado como bandeja de servir ya es conocido en la cultura de las geishas de Jap\u00f3n.<\/p>\n<p>La dama er\u00f3tica de piernas abiertas esconde su secreto especial bajo una hoja de parra extra\u00edble. Tras quitar la hoja de higuera, se revela el secreto \u00edntimo, porque un peque\u00f1o rub\u00ed real adorna la cabeza de su perla de placer, que irradia un erotismo de alto grado.<\/p>\n<p>El peque\u00f1o y noble rub\u00ed dio a la er\u00f3tica dama su nombre \"Rubina\". La dama figurativa, muy er\u00f3tica y bien proporcionada, fue creada con mucha imaginaci\u00f3n y amor por los detalles er\u00f3ticos por el gran artista Maestro Rudolfo Bucacio.<\/p>\n<p>La pieza, completamente artesanal, no es s\u00f3lo una mesa de caf\u00e9 altamente er\u00f3tica y decorativa, sino que, con su noble p\u00e1tina dorada, es una mezcla de material precioso de bronce, lujo y encanto para los sentidos.<\/p>\n<p>En el on\u00edrico <strong>mesa de centro sensual<\/strong>Juntos, tomando su caf\u00e9 favorito, se conocen r\u00e1pidamente.<\/p>\n<p>La sensualidad <strong>Mesa de centro Rubina<\/strong> es un complemento \u00f3ptimo para cualquier ambiente sofisticado y exclusivo.<\/p>\n<p><strong>Escultura:<\/strong><\/p>\n<p>Altura: 45 cm<br \/>\nAnchura: 148 cm<br \/>\nLongitud: 80 cm<br \/>\nPeso: aprox. 50 kg<\/p>\n<p>&nbsp;<\/p>\n<p><strong>Tapa de cristal:<\/strong><\/p>\n<p>Di\u00e1metro: 120 cm<br \/>\nEspesor del vidrio: 12 mm<br \/>\nPeso: 34 kg<\/p>","protected":false},"excerpt":{"rendered":"<div class=\"video video-fit mb\" style=\"padding-top:56.25%;\">\n<div class=\"brlbs-cmpnt-container brlbs-cmpnt-content-blocker brlbs-cmpnt-with-individual-styles\" data-borlabs-cookie-content-blocker-id=\"youtube-content-blocker\" data-borlabs-cookie-content=\"PGlmcmFtZSB0aXRsZT0iRmluZSBBcnRzIFdvaG5rdWx0dXIgLSBCcm9uemUgLSBSdWJpbmEgQ29mZmVldGFibGUiIHdpZHRoPSIxMDIwIiBoZWlnaHQ9IjU3NCIgc3JjPSJodHRwczovL3d3dy55b3V0dWJlLW5vY29va2llLmNvbS9lbWJlZC9selBEVkhPYkVWST9mZWF0dXJlPW9lbWJlZCIgZnJhbWVib3JkZXI9IjAiIGFsbG93PSJhY2NlbGVyb21ldGVyOyBhdXRvcGxheTsgY2xpcGJvYXJkLXdyaXRlOyBlbmNyeXB0ZWQtbWVkaWE7IGd5cm9zY29wZTsgcGljdHVyZS1pbi1waWN0dXJlOyB3ZWItc2hhcmUiIGFsbG93ZnVsbHNjcmVlbj48L2lmcmFtZT4=\">\n<div class=\"brlbs-cmpnt-cb-preset-c brlbs-cmpnt-cb-youtube\">\n<div class=\"brlbs-cmpnt-cb-thumbnail\" style=\"background-image: url('https:\/\/finearts-exclusive.com\/wp-content\/uploads\/borlabs-cookie\/1\/yt_lzPDVHObEVI_hqdefault.jpg')\"><\/div>\n<div class=\"brlbs-cmpnt-cb-main\">\n<div class=\"brlbs-cmpnt-cb-play-button\"><\/div>\n<div class=\"brlbs-cmpnt-cb-content\">\n<p class=\"brlbs-cmpnt-cb-description\">Est\u00e1s viendo un contenido de marcador de posici\u00f3n de <strong>YouTube<\/strong>. Para acceder al contenido real, haz clic en el siguiente bot\u00f3n. Ten en cuenta que al hacerlo compartir\u00e1s datos con terceros proveedores.<\/p>\n<p> <a class=\"brlbs-cmpnt-cb-provider-toggle\" href=\"#\" data-borlabs-cookie-show-provider-information role=\"button\">M\u00e1s informaci\u00f3n<\/a> <\/div>\n<div class=\"brlbs-cmpnt-cb-buttons\"> <a class=\"brlbs-cmpnt-cb-btn\" href=\"#\" data-borlabs-cookie-unblock role=\"button\">Desbloquear contenido<\/a> <a class=\"brlbs-cmpnt-cb-btn\" href=\"#\" data-borlabs-cookie-accept-service role=\"button\" style=\"display: inherit\">Aceptar el servicio requerido y desbloquear los contenidos<\/a> <\/div>\n<\/p><\/div>\n<\/p><\/div>\n<\/div>\n<\/div>","protected":false},"featured_media":61894,"template":"","meta":{"_seopress_robots_primary_cat":"none","_seopress_titles_title":"","_seopress_titles_desc":"","_seopress_robots_index":""},"product_brand":[],"product_cat":[32],"product_tag":[62],"class_list":{"0":"post-363","1":"product","2":"type-product","3":"status-publish","4":"has-post-thumbnail","6":"product_cat-luxus-bronzemoebel-wohnbereich","7":"product_tag-preis-auf-anfrage","8":"product_shipping_class-skulpturen","9":"pa_kuenstler-rudolfo-bucacio","11":"first","12":"instock","13":"taxable","14":"shipping-taxable","15":"product-type-variable","16":"has-default-attributes"},"publishpress_future_action":{"enabled":false,"date":"2026-05-09 11:33:31","action":"change-status","newStatus":"trash","terms":[],"taxonomy":"product_brand","extraData":[]},"publishpress_future_workflow_manual_trigger":{"enabledWorkflows":[]},"_links":{"self":[{"href":"https:\/\/finearts-exclusive.com\/es\/wp-json\/wp\/v2\/product\/363","targetHints":{"allow":["GET"]}}],"collection":[{"href":"https:\/\/finearts-exclusive.com\/es\/wp-json\/wp\/v2\/product"}],"about":[{"href":"https:\/\/finearts-exclusive.com\/es\/wp-json\/wp\/v2\/types\/product"}],"wp:featuredmedia":[{"embeddable":true,"href":"https:\/\/finearts-exclusive.com\/es\/wp-json\/wp\/v2\/media\/61894"}],"wp:attachment":[{"href":"https:\/\/finearts-exclusive.com\/es\/wp-json\/wp\/v2\/media?parent=363"}],"wp:term":[{"taxonomy":"product_brand","embeddable":true,"href":"https:\/\/finearts-exclusive.com\/es\/wp-json\/wp\/v2\/product_brand?post=363"},{"taxonomy":"product_cat","embeddable":true,"href":"https:\/\/finearts-exclusive.com\/es\/wp-json\/wp\/v2\/product_cat?post=363"},{"taxonomy":"product_tag","embeddable":true,"href":"https:\/\/finearts-exclusive.com\/es\/wp-json\/wp\/v2\/product_tag?post=363"}],"curies":[{"name":"wp","href":"https:\/\/api.w.org\/{rel}","templated":true}]}}