{"id":364,"date":"2021-11-06T13:12:53","date_gmt":"2021-11-06T12:12:53","guid":{"rendered":"https:\/\/finearts-exclusive.com\/p\/unkategorisiert\/erotic-dreams-coffee-table\/"},"modified":"2024-03-21T08:10:23","modified_gmt":"2024-03-21T07:10:23","slug":"mesa-de-centro-suenos-eroticos","status":"publish","type":"product","link":"https:\/\/finearts-exclusive.com\/es\/p\/luxus-bronzemoebel-wohnbereich\/erotic-dreams-coffee-table\/","title":{"rendered":"Mesa de centro Sue\u00f1os er\u00f3ticos"},"content":{"rendered":"<p>La exclusiva mesa de centro de dise\u00f1o para hombres desnudos, con un aspecto impresionantemente er\u00f3tico y masculino, lleva el nombre de <strong>\"Mesa de caf\u00e9 de sue\u00f1os er\u00f3ticos<\/strong>\".<\/p>\n<p>Tumbado en una posici\u00f3n sensual, el juvenil Adonis, con sus definidos abdominales de seis pulgadas y su incubadora muscular y sus perfectas proporciones corporales, as\u00ed como su seductor y apuesto rostro, es un <strong>mesa de caf\u00e9 er\u00f3tica<\/strong> para enamorarse.<\/p>\n<p>Tanto las mujeres como los hombres sienten una cierta demanda voyeurista y se enamoran del cuerpo joven, delgado y bien tonificado, altamente er\u00f3tico, de Adonis desnudo.<\/p>\n<p>El poderoso falo del <strong>\"Mesa de caf\u00e9 de sue\u00f1os er\u00f3ticos\"<\/strong> se cubre con un pa\u00f1uelo de seda. Este pa\u00f1uelo es parcialmente desmontable y deja que brille el puro erotismo masculino.<\/p>\n<p>Este dise\u00f1ador exclusivo de alta calidad <strong>Mesa de centro de bronce \"Sue\u00f1os er\u00f3ticos<\/strong> es lo \u00faltimo en llamar la atenci\u00f3n y en actualizar el estilo para crear un ambiente exclusivo e individual.<\/p>\n<p><strong>Escultura:<\/strong><\/p>\n<p>Altura: 48 cm<br \/>\nAnchura: 160 cm<br \/>\nLongitud: 95 cm<br \/>\nPeso: aprox. 60 kg<\/p>\n<p>&nbsp;<\/p>\n<p><strong>Tapa de cristal (ovalada):<\/strong><\/p>\n<p>Anchura: 80 cm<br \/>\nLongitud: 150 cm<br \/>\nEspesor del vidrio: 12 mm<br \/>\nPeso: aprox. 31 kg<\/p>","protected":false},"excerpt":{"rendered":"<div class=\"video video-fit mb\" style=\"padding-top:56.25%;\">\n<div class=\"brlbs-cmpnt-container brlbs-cmpnt-content-blocker brlbs-cmpnt-with-individual-styles\" data-borlabs-cookie-content-blocker-id=\"youtube-content-blocker\" data-borlabs-cookie-content=\"PGlmcmFtZSB0aXRsZT0iRmluZSBBcnRzIFdvaG5rdWx0dXIgLSBCcm9uemUgLSBFcm90aWMgRHJlYW1zIiB3aWR0aD0iMTAyMCIgaGVpZ2h0PSI1NzQiIHNyYz0iaHR0cHM6Ly93d3cueW91dHViZS1ub2Nvb2tpZS5jb20vZW1iZWQvaVlfbHVTa0lGZ3c\/ZmVhdHVyZT1vZW1iZWQiIGZyYW1lYm9yZGVyPSIwIiBhbGxvdz0iYWNjZWxlcm9tZXRlcjsgYXV0b3BsYXk7IGNsaXBib2FyZC13cml0ZTsgZW5jcnlwdGVkLW1lZGlhOyBneXJvc2NvcGU7IHBpY3R1cmUtaW4tcGljdHVyZTsgd2ViLXNoYXJlIiBhbGxvd2Z1bGxzY3JlZW4+PC9pZnJhbWU+\">\n<div class=\"brlbs-cmpnt-cb-preset-c brlbs-cmpnt-cb-youtube\">\n<div class=\"brlbs-cmpnt-cb-thumbnail\" style=\"background-image: url('https:\/\/finearts-exclusive.com\/wp-content\/uploads\/borlabs-cookie\/1\/yt_iY_luSkIFgw_hqdefault.jpg')\"><\/div>\n<div class=\"brlbs-cmpnt-cb-main\">\n<div class=\"brlbs-cmpnt-cb-play-button\"><\/div>\n<div class=\"brlbs-cmpnt-cb-content\">\n<p class=\"brlbs-cmpnt-cb-description\">Est\u00e1s viendo un contenido de marcador de posici\u00f3n de <strong>YouTube<\/strong>. Para acceder al contenido real, haz clic en el siguiente bot\u00f3n. Ten en cuenta que al hacerlo compartir\u00e1s datos con terceros proveedores.<\/p>\n<p> <a class=\"brlbs-cmpnt-cb-provider-toggle\" href=\"#\" data-borlabs-cookie-show-provider-information role=\"button\">M\u00e1s informaci\u00f3n<\/a> <\/div>\n<div class=\"brlbs-cmpnt-cb-buttons\"> <a class=\"brlbs-cmpnt-cb-btn\" href=\"#\" data-borlabs-cookie-unblock role=\"button\">Desbloquear contenido<\/a> <a class=\"brlbs-cmpnt-cb-btn\" href=\"#\" data-borlabs-cookie-accept-service role=\"button\" style=\"display: inherit\">Aceptar el servicio requerido y desbloquear los contenidos<\/a> <\/div>\n<\/p><\/div>\n<\/p><\/div>\n<\/div>\n<\/div>","protected":false},"featured_media":4475,"template":"","meta":{"_seopress_robots_primary_cat":"none","_seopress_titles_title":"","_seopress_titles_desc":"","_seopress_robots_index":""},"product_brand":[],"product_cat":[32],"product_tag":[62],"class_list":{"0":"post-364","1":"product","2":"type-product","3":"status-publish","4":"has-post-thumbnail","6":"product_cat-luxus-bronzemoebel-wohnbereich","7":"product_tag-preis-auf-anfrage","8":"product_shipping_class-skulpturen","9":"pa_kuenstler-don-alberto-carlos","11":"first","12":"instock","13":"taxable","14":"shipping-taxable","15":"product-type-variable","16":"has-default-attributes"},"publishpress_future_action":{"enabled":false,"date":"2026-04-18 10:49:30","action":"change-status","newStatus":"trash","terms":[],"taxonomy":"product_brand","extraData":[]},"publishpress_future_workflow_manual_trigger":{"enabledWorkflows":[]},"_links":{"self":[{"href":"https:\/\/finearts-exclusive.com\/es\/wp-json\/wp\/v2\/product\/364","targetHints":{"allow":["GET"]}}],"collection":[{"href":"https:\/\/finearts-exclusive.com\/es\/wp-json\/wp\/v2\/product"}],"about":[{"href":"https:\/\/finearts-exclusive.com\/es\/wp-json\/wp\/v2\/types\/product"}],"wp:featuredmedia":[{"embeddable":true,"href":"https:\/\/finearts-exclusive.com\/es\/wp-json\/wp\/v2\/media\/4475"}],"wp:attachment":[{"href":"https:\/\/finearts-exclusive.com\/es\/wp-json\/wp\/v2\/media?parent=364"}],"wp:term":[{"taxonomy":"product_brand","embeddable":true,"href":"https:\/\/finearts-exclusive.com\/es\/wp-json\/wp\/v2\/product_brand?post=364"},{"taxonomy":"product_cat","embeddable":true,"href":"https:\/\/finearts-exclusive.com\/es\/wp-json\/wp\/v2\/product_cat?post=364"},{"taxonomy":"product_tag","embeddable":true,"href":"https:\/\/finearts-exclusive.com\/es\/wp-json\/wp\/v2\/product_tag?post=364"}],"curies":[{"name":"wp","href":"https:\/\/api.w.org\/{rel}","templated":true}]}}