{"id":366,"date":"2021-11-06T13:12:53","date_gmt":"2021-11-06T12:12:53","guid":{"rendered":"https:\/\/finearts-exclusive.com\/p\/unkategorisiert\/devote-bondage-lady-life-size-console-table\/"},"modified":"2025-06-27T10:13:20","modified_gmt":"2025-06-27T08:13:20","slug":"sumisa-bondage-dama-tamano-natural-mesa-consola","status":"publish","type":"product","link":"https:\/\/finearts-exclusive.com\/es\/p\/luxus-bronzemoebel-wohnbereich\/devote-bondage-lady-life-size-console-table\/","title":{"rendered":"Devota Bondage Lady Tama\u00f1o Natural - Mesa Consola"},"content":{"rendered":"<p>En esta \u00e9poca, cada vez m\u00e1s personas disfrutan de un nuevo estilo de vida sexual con los juegos sexuales de bondage er\u00f3tico. Bondage significa atar con cuerdas y nudos durante el sexo lleno de pasi\u00f3n. Puede que lo hagan porque quieren complacer a su pareja, porque les gusta la sensaci\u00f3n de no controlar su propio placer o porque les gusta la idea de ser \"utilizados\", aunque sea de forma consentida. Lo excitante de esto es, por un lado, el aspecto de sumisi\u00f3n (sumiso) -dejar a tu pareja a cargo de todo puede tener algo de liberador- y, por otro, que te concentras mucho m\u00e1s en lo que le pasa a tu cuerpo.<\/p>\n<p>El artista Ze Nobre cre\u00f3 la obra de tama\u00f1o natural <strong>Escultura er\u00f3tica de bronce \"Devota Bondage Lady<\/strong> en la funci\u00f3n de una mesa consola exclusiva. La dama sumisa con sus sexys medias de nylon, la venda en los ojos y los guantes de bondage es un fest\u00edn altamente er\u00f3tico para los ojos del espectador.<\/p>\n<p>La filigrana <strong>Obra de arte en bronce \"Dama devota de la esclavitud<\/strong> se encuentra en un alto nivel art\u00edstico, y es una sensaci\u00f3n grandiosa para el ambiente especial de la vida exclusiva.<\/p>\n<p>La pesada <strong>Figura de bronce \"Dama sumisa Bondage<\/strong> descansa sobre una alta y maciza columna de m\u00e1rmol\/granito. En la sexy espalda del <strong>Escultura Dama Bondage Devota<\/strong> descansa sobre una tapa de cristal de 12 mm de grosor, convirtiendo la escultura de alto contenido er\u00f3tico en una decadente mesa consola en la que servir el champ\u00e1n con copas para esas horas especiales y sensuales.<\/p>\n<p>La \u00faltima obra maestra de bronce \"Devote Bondage Lady\", del \u00e1mbito del BDSM, fue creada por el artista Ze Nobre y viene con un certificado de edici\u00f3n limitada. Una obra maestra de extraordinaria calidad art\u00edstica y muse\u00edstica.<\/p>\n<p><strong>Escultura:<\/strong><\/p>\n<p>Altura de la cabeza: 115 cm<br \/>\nAltura de los hombros = altura de la tapa de cristal: 95 cm<br \/>\nAnchura: 58 cm<br \/>\nLongitud: 72 cm<br \/>\nPeso: aprox. 60 kg<\/p>\n<p>&nbsp;<\/p>\n<p><strong>Tapa de cristal (hecha a medida):<\/strong><\/p>\n<p>Anchura: 43 cm<br \/>\nLongitud: 67 cm<br \/>\nEspesor del vidrio: 12 mm<br \/>\nPeso: aprox. 7 kg<\/p>","protected":false},"excerpt":{"rendered":"<div class=\"video video-fit mb\" style=\"padding-top:56.25%;\">\n<div class=\"brlbs-cmpnt-container brlbs-cmpnt-content-blocker brlbs-cmpnt-with-individual-styles\" data-borlabs-cookie-content-blocker-id=\"youtube-content-blocker\" data-borlabs-cookie-content=\"PGlmcmFtZSB0aXRsZT0iRmluZSBBcnRzIFdvaG5rdWx0dXIgLSBCcm9uemUgLSBkZXZvdGUgYm9uZGFnZSBsYWR5IGtvbnNvbHRpc2NoIGxpZmVzaXplIGJyYXVuIiB3aWR0aD0iMTAyMCIgaGVpZ2h0PSI1NzQiIHNyYz0iaHR0cHM6Ly93d3cueW91dHViZS1ub2Nvb2tpZS5jb20vZW1iZWQvUGZzRnIzbmk5SW8\/ZmVhdHVyZT1vZW1iZWQiIGZyYW1lYm9yZGVyPSIwIiBhbGxvdz0iYWNjZWxlcm9tZXRlcjsgYXV0b3BsYXk7IGNsaXBib2FyZC13cml0ZTsgZW5jcnlwdGVkLW1lZGlhOyBneXJvc2NvcGU7IHBpY3R1cmUtaW4tcGljdHVyZTsgd2ViLXNoYXJlIiBhbGxvd2Z1bGxzY3JlZW4+PC9pZnJhbWU+\">\n<div class=\"brlbs-cmpnt-cb-preset-c brlbs-cmpnt-cb-youtube\">\n<div class=\"brlbs-cmpnt-cb-thumbnail\" style=\"background-image: url('https:\/\/finearts-exclusive.com\/wp-content\/uploads\/borlabs-cookie\/1\/yt_PfsFr3ni9Io_hqdefault.jpg')\"><\/div>\n<div class=\"brlbs-cmpnt-cb-main\">\n<div class=\"brlbs-cmpnt-cb-play-button\"><\/div>\n<div class=\"brlbs-cmpnt-cb-content\">\n<p class=\"brlbs-cmpnt-cb-description\">Est\u00e1s viendo un contenido de marcador de posici\u00f3n de <strong>YouTube<\/strong>. Para acceder al contenido real, haz clic en el siguiente bot\u00f3n. Ten en cuenta que al hacerlo compartir\u00e1s datos con terceros proveedores.<\/p>\n<p> <a class=\"brlbs-cmpnt-cb-provider-toggle\" href=\"#\" data-borlabs-cookie-show-provider-information role=\"button\">M\u00e1s informaci\u00f3n<\/a> <\/div>\n<div class=\"brlbs-cmpnt-cb-buttons\"> <a class=\"brlbs-cmpnt-cb-btn\" href=\"#\" data-borlabs-cookie-unblock role=\"button\">Desbloquear contenido<\/a> <a class=\"brlbs-cmpnt-cb-btn\" href=\"#\" data-borlabs-cookie-accept-service role=\"button\" style=\"display: inherit\">Aceptar el servicio requerido y desbloquear los contenidos<\/a> <\/div>\n<\/p><\/div>\n<\/p><\/div>\n<\/div>\n<\/div>","protected":false},"featured_media":61893,"template":"","meta":{"_seopress_robots_primary_cat":"none","_seopress_titles_title":"","_seopress_titles_desc":"","_seopress_robots_index":""},"product_brand":[],"product_cat":[32],"product_tag":[62],"class_list":{"0":"post-366","1":"product","2":"type-product","3":"status-publish","4":"has-post-thumbnail","6":"product_cat-luxus-bronzemoebel-wohnbereich","7":"product_tag-preis-auf-anfrage","8":"product_shipping_class-skulpturen","9":"pa_kuenstler-ze-nobre","11":"first","12":"instock","13":"taxable","14":"shipping-taxable","15":"product-type-variable","16":"has-default-attributes"},"publishpress_future_action":{"enabled":false,"date":"2026-05-07 17:12:45","action":"change-status","newStatus":"trash","terms":[],"taxonomy":"product_brand","extraData":[]},"publishpress_future_workflow_manual_trigger":{"enabledWorkflows":[]},"_links":{"self":[{"href":"https:\/\/finearts-exclusive.com\/es\/wp-json\/wp\/v2\/product\/366","targetHints":{"allow":["GET"]}}],"collection":[{"href":"https:\/\/finearts-exclusive.com\/es\/wp-json\/wp\/v2\/product"}],"about":[{"href":"https:\/\/finearts-exclusive.com\/es\/wp-json\/wp\/v2\/types\/product"}],"wp:featuredmedia":[{"embeddable":true,"href":"https:\/\/finearts-exclusive.com\/es\/wp-json\/wp\/v2\/media\/61893"}],"wp:attachment":[{"href":"https:\/\/finearts-exclusive.com\/es\/wp-json\/wp\/v2\/media?parent=366"}],"wp:term":[{"taxonomy":"product_brand","embeddable":true,"href":"https:\/\/finearts-exclusive.com\/es\/wp-json\/wp\/v2\/product_brand?post=366"},{"taxonomy":"product_cat","embeddable":true,"href":"https:\/\/finearts-exclusive.com\/es\/wp-json\/wp\/v2\/product_cat?post=366"},{"taxonomy":"product_tag","embeddable":true,"href":"https:\/\/finearts-exclusive.com\/es\/wp-json\/wp\/v2\/product_tag?post=366"}],"curies":[{"name":"wp","href":"https:\/\/api.w.org\/{rel}","templated":true}]}}