{"id":369,"date":"2021-11-06T13:12:53","date_gmt":"2021-11-06T12:12:53","guid":{"rendered":"https:\/\/finearts-exclusive.com\/p\/unkategorisiert\/das-phantom-der-oper\/"},"modified":"2025-06-27T10:08:36","modified_gmt":"2025-06-27T08:08:36","slug":"el-fantasma-de-la-opera","status":"publish","type":"product","link":"https:\/\/finearts-exclusive.com\/es\/p\/luxus-erotik-bronzeskulpturen\/das-phantom-der-oper\/","title":{"rendered":"El fantasma de la \u00f3pera"},"content":{"rendered":"<p>Una de las \u00f3peras m\u00e1s exitosas del mundo impresion\u00f3 tanto a nuestro artista Don Alberto Carlos que cre\u00f3 esta destacada obra maestra llamada <strong>\"El fantasma de la \u00f3pera<\/strong> creado. El fantasma, oculto bajo una m\u00e1scara y una capa, s\u00f3lo permite al espectador elegido participar en sus s\u00f3rdidos amores. Para todos los dem\u00e1s, el secreto de su amante, muy permisivo, con sus fuertes deseos sexuales, permanece oculto bajo la capa con bisagras. El <strong>escultura er\u00f3tica de bronce \"El Fantasma de la \u00d3pera<\/strong> simboliza la uni\u00f3n armoniosa de la emoci\u00f3n, la gracia, el erotismo y el misterio.<\/p>","protected":false},"excerpt":{"rendered":"<p>Eine der weltweit erfolgreichsten Opern hat unseren K\u00fcnstler Don Alberto Carlos so sehr beeindruckt, dass er dieses hervorragende Meisterwerk mit dem Namen \u201eDas Phantom der Oper\u201c schuf. Das Phantom, versteckt unter Maske und Umhang l\u00e4sst nur den auserw\u00e4hlten Betrachter an seinem schmutzigen Liebesspiel teilhaben. F\u00fcr alle anderen bleibt das Geheimnis seiner sehr freiz\u00fcgigen, heimlichen Geliebten [&#8230;]\n","protected":false},"featured_media":61890,"template":"","meta":{"_seopress_robots_primary_cat":"none","_seopress_titles_title":"","_seopress_titles_desc":"","_seopress_robots_index":""},"product_brand":[],"product_cat":[33],"product_tag":[62],"class_list":{"0":"post-369","1":"product","2":"type-product","3":"status-publish","4":"has-post-thumbnail","6":"product_cat-luxus-erotik-bronzeskulpturen","7":"product_tag-preis-auf-anfrage","8":"product_shipping_class-skulpturen","9":"pa_kuenstler-don-alberto-carlos","11":"first","12":"instock","13":"taxable","14":"shipping-taxable","15":"product-type-variable","16":"has-default-attributes"},"publishpress_future_action":{"enabled":false,"date":"2026-04-20 10:40:13","action":"change-status","newStatus":"trash","terms":[],"taxonomy":"product_brand","extraData":[]},"publishpress_future_workflow_manual_trigger":{"enabledWorkflows":[]},"_links":{"self":[{"href":"https:\/\/finearts-exclusive.com\/es\/wp-json\/wp\/v2\/product\/369","targetHints":{"allow":["GET"]}}],"collection":[{"href":"https:\/\/finearts-exclusive.com\/es\/wp-json\/wp\/v2\/product"}],"about":[{"href":"https:\/\/finearts-exclusive.com\/es\/wp-json\/wp\/v2\/types\/product"}],"wp:featuredmedia":[{"embeddable":true,"href":"https:\/\/finearts-exclusive.com\/es\/wp-json\/wp\/v2\/media\/61890"}],"wp:attachment":[{"href":"https:\/\/finearts-exclusive.com\/es\/wp-json\/wp\/v2\/media?parent=369"}],"wp:term":[{"taxonomy":"product_brand","embeddable":true,"href":"https:\/\/finearts-exclusive.com\/es\/wp-json\/wp\/v2\/product_brand?post=369"},{"taxonomy":"product_cat","embeddable":true,"href":"https:\/\/finearts-exclusive.com\/es\/wp-json\/wp\/v2\/product_cat?post=369"},{"taxonomy":"product_tag","embeddable":true,"href":"https:\/\/finearts-exclusive.com\/es\/wp-json\/wp\/v2\/product_tag?post=369"}],"curies":[{"name":"wp","href":"https:\/\/api.w.org\/{rel}","templated":true}]}}