{"id":371,"date":"2021-11-06T13:12:54","date_gmt":"2021-11-06T12:12:54","guid":{"rendered":"https:\/\/finearts-exclusive.com\/p\/unkategorisiert\/dragons-rape-dining-table\/"},"modified":"2025-06-27T10:12:14","modified_gmt":"2025-06-27T08:12:14","slug":"dragons-rape-mesa-de-comedor","status":"publish","type":"product","link":"https:\/\/finearts-exclusive.com\/es\/p\/luxus-bronzemoebel-wohnbereich\/dragons-rape-dining-table\/","title":{"rendered":"Mesa de comedor Dragons Rape"},"content":{"rendered":"<p>Sensual y lleno de deseo, este h\u00edbrido muy masculino y ex\u00f3tico de drag\u00f3n y serpiente domina a la peque\u00f1a belleza de proporciones perfectamente femeninas: la er\u00f3tica <strong>Escultura de bronce \"Mesa de comedor de los dragones\".<\/strong> Aqu\u00ed, las miradas de los dos protagonistas de esta escena tan er\u00f3tica dejan mucho espacio a la fantas\u00eda.<\/p>\n<p>Lo extraordinario <strong>Figura de bronce \"Violaci\u00f3n de los dragones<\/strong> est\u00e1 pensada como mesa de comedor con tablero de cristal, pero sus numerosos y finos detalles hacen que tambi\u00e9n funcione muy bien por s\u00ed sola, como objeto de arte puro en la habitaci\u00f3n.<\/p>\n<p><strong>Escultura:<\/strong><\/p>\n<p>Altura: 75 cm<br \/>\nAnchura: 78 cm<br \/>\nLongitud: 82 cm<br \/>\nPeso: aprox. 55 kg<\/p>\n<p>&nbsp;<\/p>\n<p><strong>Tapa de cristal (redonda):<\/strong><\/p>\n<p>Di\u00e1metro: 120 cm<br \/>\nEspesor del vidrio: 12 mm<br \/>\nPeso: aprox. 34 kg<\/p>","protected":false},"excerpt":{"rendered":"<p>Sinnlich und voller Begierde dominiert dieses sehr maskuline, exotische Hybridwesen aus Drachen und Schlange die zierliche, perfekt weiblich proportionierte kleine Sch\u00f6nheit \u2013 die erotische Bronzeskulptur \u201eDragons Rape Dining Table\u201c. Hierbei lassen die Blicke der beiden Protagonisten dieser sehr erotischen Szene viel Raum f\u00fcr Fantasie. Die au\u00dfergew\u00f6hnliche Bronzefigur \u201eDragons Rape\u201c ist mit Glasplatte als Esstisch gedacht, [&#8230;]\n","protected":false},"featured_media":61892,"template":"","meta":{"_seopress_robots_primary_cat":"none","_seopress_titles_title":"","_seopress_titles_desc":"","_seopress_robots_index":""},"product_brand":[],"product_cat":[32],"product_tag":[62],"class_list":{"0":"post-371","1":"product","2":"type-product","3":"status-publish","4":"has-post-thumbnail","6":"product_cat-luxus-bronzemoebel-wohnbereich","7":"product_tag-preis-auf-anfrage","8":"product_shipping_class-skulpturen","9":"pa_kuenstler-don-alberto-carlos","11":"first","12":"instock","13":"taxable","14":"shipping-taxable","15":"product-type-variable","16":"has-default-attributes"},"publishpress_future_action":{"enabled":false,"date":"2026-04-20 12:22:13","action":"change-status","newStatus":"trash","terms":[],"taxonomy":"product_brand","extraData":[]},"publishpress_future_workflow_manual_trigger":{"enabledWorkflows":[]},"_links":{"self":[{"href":"https:\/\/finearts-exclusive.com\/es\/wp-json\/wp\/v2\/product\/371","targetHints":{"allow":["GET"]}}],"collection":[{"href":"https:\/\/finearts-exclusive.com\/es\/wp-json\/wp\/v2\/product"}],"about":[{"href":"https:\/\/finearts-exclusive.com\/es\/wp-json\/wp\/v2\/types\/product"}],"wp:featuredmedia":[{"embeddable":true,"href":"https:\/\/finearts-exclusive.com\/es\/wp-json\/wp\/v2\/media\/61892"}],"wp:attachment":[{"href":"https:\/\/finearts-exclusive.com\/es\/wp-json\/wp\/v2\/media?parent=371"}],"wp:term":[{"taxonomy":"product_brand","embeddable":true,"href":"https:\/\/finearts-exclusive.com\/es\/wp-json\/wp\/v2\/product_brand?post=371"},{"taxonomy":"product_cat","embeddable":true,"href":"https:\/\/finearts-exclusive.com\/es\/wp-json\/wp\/v2\/product_cat?post=371"},{"taxonomy":"product_tag","embeddable":true,"href":"https:\/\/finearts-exclusive.com\/es\/wp-json\/wp\/v2\/product_tag?post=371"}],"curies":[{"name":"wp","href":"https:\/\/api.w.org\/{rel}","templated":true}]}}